{"id":2825,"date":"2021-10-13T18:33:32","date_gmt":"2021-10-13T16:33:32","guid":{"rendered":"https:\/\/antcube.shop\/produkt\/ytongnest-20x20\/"},"modified":"2026-04-14T11:48:54","modified_gmt":"2026-04-14T09:48:54","slug":"ytongnest-20x20","status":"publish","type":"product","link":"https:\/\/antcube.shop\/et\/toode\/ytongnest-20x20\/","title":{"rendered":"Ytongnest - 20\u00d720"},"content":{"rendered":"<p><strong>Materjal:<\/strong> poorbetoon, klaas, plastik PMMA ja PVC<\/p>\n<p><strong>\u00dchendus:<\/strong> 2x 14mm augud<\/p>\n<p><strong>Sisu:<\/strong><br \/>\n1x poorbetoonplokk 20x20x5 cm, 20 mm s\u00fcgavusega kambritega.<br \/>\n1x klaasplaat 20\u00d720 cm 50 mm avaga<br \/>\n1x 50mm r\u00f5ngas 27mm avaga<br \/>\n2x Formicarium pistik 13mm<br \/>\n1x Formicarium pistik 27mm<\/p>\n<p><strong>Kirjeldus:<\/strong><br \/>\nYtong on kaubam\u00e4rgi nimi, materjali ennast nimetatakse gaasbetooniks.<br \/>\nT\u00e4nu veehoidvale omadusele sobib materjal h\u00e4sti sipelgate pidamiseks.<br \/>\nSelles on v\u00f5imalik hoida suurel hulgal haudmem\u00fcrkide liike, nii kuivade kui ka m\u00e4rgade elupaikade liikidest.<br \/>\nS\u00f5ltuvalt sipelgaliikidest on soovitatav katta kambrite p\u00f5hi mulla substraadiga. M\u00f5ned liigid tunnevad end niimoodi mugavamalt ja n\u00e4iteks Ponerinae sipelgaliigid vajavad mulda, et nende vastsed saaksid korralikult poegida.<br \/>\nSoovitame pesa k\u00fclge kinnitada areen, et kasutada seda t\u00e4ieliku formikaariumina.<\/p>\n<p><strong>Vihje:<\/strong><br \/>\nSelleks, et vesi ei lekiks Ytongist p\u00e4rast pesapinna niisutamist v\u00e4lja ja ei koguneks allpool asuva m\u00f6\u00f6bli pinnale v\u00f5i et karedad materjalid ei kriimustaks pindu, soovitame tellida meie Ytong-pesade juurde \u00fche sobiva klaasist vanni. Need on veekindlad ja kaitsevad seega t\u00f5husalt aluspindu vee- ja kriimustuskahjustuste eest.<\/p>\n<p><strong>Kasutamine:<\/strong><br \/>\n<strong>M - L suurusega sipelgaliikide puhul.<\/strong><br \/>\nGaasbetoon on v\u00e4ga habras ja habras materjal. Seet\u00f5ttu on tootmisprotsessi t\u00f5ttu v\u00f5imatu v\u00e4ltida, et nurkades ja servades esineksid v\u00e4ikesed murdumised ja ebatasasused.<br \/>\nSeet\u00f5ttu ei sobi Ytongi pesad v\u00e4ga v\u00e4ikestele S-suurustele sipelgaliikidele, sest need liigid v\u00f5ivad siin kergesti v\u00e4lja murda.<\/p>","protected":false},"excerpt":{"rendered":"<p>\u00dchendus: 2x 14mm avaus<br \/>\nSuurus: <strong><span style=\"color: #339966;\">M<\/span><\/strong><strong> &#8211; <span style=\"color: #0000ff;\">L<\/span><\/strong><\/p>","protected":false},"featured_media":3010,"comment_status":"open","ping_status":"closed","template":"","meta":{"_acf_changed":false,"content-type":"","_monsterinsights_skip_tracking":false,"_monsterinsights_sitenote_active":false,"_monsterinsights_sitenote_note":"","_monsterinsights_sitenote_category":0},"product_brand":[],"product_cat":[80,86],"product_tag":[],"class_list":{"0":"post-2825","1":"product","2":"type-product","3":"status-publish","4":"has-post-thumbnail","6":"product_cat-antfarms","7":"product_cat-formicariums","9":"first","10":"instock","11":"taxable","12":"shipping-taxable","13":"purchasable","14":"product-type-simple"},"acf":[],"aioseo_notices":[],"jetpack_sharing_enabled":true,"_links":{"self":[{"href":"https:\/\/antcube.shop\/et\/wp-json\/wp\/v2\/product\/2825","targetHints":{"allow":["GET"]}}],"collection":[{"href":"https:\/\/antcube.shop\/et\/wp-json\/wp\/v2\/product"}],"about":[{"href":"https:\/\/antcube.shop\/et\/wp-json\/wp\/v2\/types\/product"}],"replies":[{"embeddable":true,"href":"https:\/\/antcube.shop\/et\/wp-json\/wp\/v2\/comments?post=2825"}],"wp:featuredmedia":[{"embeddable":true,"href":"https:\/\/antcube.shop\/et\/wp-json\/wp\/v2\/media\/3010"}],"wp:attachment":[{"href":"https:\/\/antcube.shop\/et\/wp-json\/wp\/v2\/media?parent=2825"}],"wp:term":[{"taxonomy":"product_brand","embeddable":true,"href":"https:\/\/antcube.shop\/et\/wp-json\/wp\/v2\/product_brand?post=2825"},{"taxonomy":"product_cat","embeddable":true,"href":"https:\/\/antcube.shop\/et\/wp-json\/wp\/v2\/product_cat?post=2825"},{"taxonomy":"product_tag","embeddable":true,"href":"https:\/\/antcube.shop\/et\/wp-json\/wp\/v2\/product_tag?post=2825"}],"curies":[{"name":"wp","href":"https:\/\/api.w.org\/{rel}","templated":true}]}}