{"id":2824,"date":"2021-10-13T18:33:13","date_gmt":"2021-10-13T16:33:13","guid":{"rendered":"https:\/\/antcube.shop\/produkt\/food-mix-set-fur-kornersammler\/"},"modified":"2026-04-09T20:29:32","modified_gmt":"2026-04-09T18:29:32","slug":"food-mix-set-fur-kornersammler","status":"publish","type":"product","link":"https:\/\/antcube.shop\/et\/toode\/food-mix-set-fur-kornersammler\/","title":{"rendered":"Toidusegu komplekt - teravilja koguvate sipelgate jaoks"},"content":{"rendered":"<p><strong>Sisu:<\/strong> 2ml \u00fche toidutoru kohta<br \/>\n2x teraviljas\u00f6\u00f6t Minor (Mi)<br \/>\n1x teraviljatoit Meedia (mina)<br \/>\n1x teraviljatoit Major (Ma)<br \/>\n1x \u00f5ietolm (B)<br \/>\n1x s\u00fcsivesikute s\u00f6\u00f6t (K)<br \/>\n2x Valgurikkad s\u00f6\u00f6dad (PP)<br \/>\n1x valgurikkad s\u00f6\u00f6dad FD putukad Pi)<br \/>\n1x puuviljas\u00f6\u00f6t (F)<\/p>\n<p><span data-text-color=\"alert\"><strong>T\u00e4helepanu:<\/strong> <\/span>Palun segage pulbrit tilga veega, sest kuivana ei v\u00f5ta loomad seda vastu!<\/p>\n<p><strong>Kirjeldus:<\/strong> See on toidukomplekt teraviljakogumise liikidele, nagu n\u00e4iteks perekond Messor, ja see sisaldab valke, s\u00fcsivesikuid ja terasid\/semneid k\u00f5ikidele t\u00f6\u00f6listele. Kuna \u00fcksikud toiduratsioonid on eraldi tuubides, on neid lihtne doseerida.<\/p>\n<p><strong>Kasutamine\/rakendamine:<\/strong><br \/>\nValguline toit = putuktoidulised sipelgaliikid (Eulipotyphla).<br \/>\nSee on lisas\u00f6\u00f6t (segas\u00f6\u00f6t).<br \/>\nSeda tuleks segada tilga veega ja siis m\u00e4rjas olekus v\u00f5ib seda hoida ainult 1 p\u00e4ev. Enne taaskasutamist puhastage s\u00f6\u00f6dakaussi\/toru p\u00f5hjalikult.<br \/>\nAvatud pakendit tuleb kasutada h\u00e4sti suletuna (kui seda hoitakse kuivana) kuni m\u00e4rgitud s\u00e4ilivuskuup\u00e4evani (parim enne).<\/p>\n<p>Valgurikkad s\u00f6\u00f6dad FD = putuktoidulised sipelgaliigid (Eulipotyphla)<br \/>\nSee on lisas\u00f6\u00f6t (segas\u00f6\u00f6t).<br \/>\nSeda tuleks segada tilga veega ja siis v\u00f5ib seda m\u00e4rjana hoida ainult 1 p\u00e4ev. Enne taaskasutamist puhastage s\u00f6\u00f6dakaussi\/toru p\u00f5hjalikult.<br \/>\nAvatud pakendit tuleb kasutada h\u00e4sti suletuna (kui seda hoitakse kuivana) kuni m\u00e4rgitud s\u00e4ilivuskuup\u00e4evani (parim enne).<\/p>\n<p>S\u00fcsivesikute toit = suhkru-\/munas\u00f6\u00f6jate sipelgaliikide jaoks.<br \/>\nSee on lisas\u00f6\u00f6t (segas\u00f6\u00f6t).<br \/>\nSeda saab segada tilga veega ja selle s\u00e4ilivusaeg on niiskena 3 p\u00e4eva. Enne taaskasutamist puhastage s\u00f6\u00f6dakaussi\/toru p\u00f5hjalikult.<br \/>\nAvatud pakend tuleb kasutada h\u00e4sti suletud (kui seda hoitakse kuivana) kuni m\u00e4rgitud s\u00e4ilivuskuup\u00e4evani (parim enne).<\/p>\n<p>Puuviljatoit = puuviljas\u00f6\u00f6jate (frugivooride) sipelgaliikide jaoks.<br \/>\nSee on lisas\u00f6\u00f6t (\u00fchekordne s\u00f6\u00f6t).<br \/>\nSeda saab segada tilga veega ja selle s\u00e4ilivusaeg on niiskena 3 p\u00e4eva. Enne taaskasutamist puhastage s\u00f6\u00f6dakaussi\/toru p\u00f5hjalikult.<br \/>\nAvatud pakend tuleb kasutada h\u00e4sti suletud (kui seda hoitakse kuivana) kuni m\u00e4rgitud s\u00e4ilivuskuup\u00e4evani (parim enne).<\/p>\n<p>\u00d5ietolm = \u00f5ietolmu s\u00f6\u00f6vate sipelgaliikide puhul.<br \/>\nSee on lisas\u00f6\u00f6t (\u00fchekordne s\u00f6\u00f6t).<br \/>\nSeda v\u00f5ib pakkuda loomadele tarnitud kujul. Kuna niiskus pehmendab konsistentsi, tuleks toit asendada iga 5 p\u00e4eva j\u00e4rel. Enne taaskasutamist puhastage s\u00f6\u00f6dakaussi\/toru p\u00f5hjalikult.<br \/>\nAvatud pakendit tuleb kasutada h\u00e4sti suletuna (kui seda hoitakse kuivana) kuni m\u00e4rgitud s\u00e4ilivuskuup\u00e4evani (parim enne).<\/p>\n<p>Teraviljas\u00f6\u00f6t Minor<br \/>\nTeraviljas\u00f6\u00f6t Meedia<br \/>\nTeraviljatoit Suurem = teraviljas\u00f6\u00f6jate sipelgaliikide jaoks = (granivoorid)<br \/>\nSee on lisas\u00f6\u00f6t (segas\u00f6\u00f6t).<br \/>\nSeda v\u00f5ib pakkuda loomadele tarnitud kujul. S\u00f6\u00f6tmiskauss\/toru tuleb paigutada kuiva kohta. Niisketes tingimustes v\u00f5ivad terad (seemned) hakata idanema. Kui seda m\u00e4rgatakse, tuleb s\u00f6\u00f6t v\u00e4lja vahetada.<br \/>\nAvatud pakendit tuleb kasutada h\u00e4sti suletuna (kui seda hoitakse kuivana) kuni m\u00e4rgitud s\u00e4ilivuskuup\u00e4evani (parim enne).<\/p>\n<p><strong>Teade:<\/strong><br \/>\nTeavet s\u00f6\u00f6datorude kasutamise kohta leiate siit: Link<br \/>\nT\u00e4iss\u00f6\u00f6t granivoorse sipelga jaoks.<br \/>\nKoostise, anal\u00fc\u00fctiliste koostisosade, k\u00f5lblikkusaja ja partii numbri leiate pakendi infolehelt.<\/p>\n<p>Infotelefon +49 30 439703870<\/p>\n<p>Vastutav veterinaar- ja toiduj\u00e4relevalveasutus:<br \/>\nSteglitzi veterinaarkabinet<br \/>\nK\u00f6nigin-Luise-Str. 92<br \/>\n14195 Berliin<\/p>\n<p>&nbsp;<\/p>","protected":false},"excerpt":{"rendered":"<p>T\u00e4ielik s\u00f6\u00f6t<\/p>","protected":false},"featured_media":308,"comment_status":"open","ping_status":"closed","template":"","meta":{"_acf_changed":false,"content-type":"","_monsterinsights_skip_tracking":false,"_monsterinsights_sitenote_active":false,"_monsterinsights_sitenote_note":"","_monsterinsights_sitenote_category":0},"product_brand":[],"product_cat":[115,116],"product_tag":[],"class_list":{"0":"post-2824","1":"product","2":"type-product","3":"status-publish","4":"has-post-thumbnail","6":"product_cat-food-and-feeding","7":"product_cat-food","9":"first","10":"instock","11":"taxable","12":"shipping-taxable","13":"purchasable","14":"product-type-simple"},"acf":[],"aioseo_notices":[],"jetpack_sharing_enabled":true,"_links":{"self":[{"href":"https:\/\/antcube.shop\/et\/wp-json\/wp\/v2\/product\/2824","targetHints":{"allow":["GET"]}}],"collection":[{"href":"https:\/\/antcube.shop\/et\/wp-json\/wp\/v2\/product"}],"about":[{"href":"https:\/\/antcube.shop\/et\/wp-json\/wp\/v2\/types\/product"}],"replies":[{"embeddable":true,"href":"https:\/\/antcube.shop\/et\/wp-json\/wp\/v2\/comments?post=2824"}],"wp:featuredmedia":[{"embeddable":true,"href":"https:\/\/antcube.shop\/et\/wp-json\/wp\/v2\/media\/308"}],"wp:attachment":[{"href":"https:\/\/antcube.shop\/et\/wp-json\/wp\/v2\/media?parent=2824"}],"wp:term":[{"taxonomy":"product_brand","embeddable":true,"href":"https:\/\/antcube.shop\/et\/wp-json\/wp\/v2\/product_brand?post=2824"},{"taxonomy":"product_cat","embeddable":true,"href":"https:\/\/antcube.shop\/et\/wp-json\/wp\/v2\/product_cat?post=2824"},{"taxonomy":"product_tag","embeddable":true,"href":"https:\/\/antcube.shop\/et\/wp-json\/wp\/v2\/product_tag?post=2824"}],"curies":[{"name":"wp","href":"https:\/\/api.w.org\/{rel}","templated":true}]}}