{"id":2823,"date":"2021-10-13T18:33:03","date_gmt":"2021-10-13T16:33:03","guid":{"rendered":"https:\/\/antcube.shop\/produkt\/becken-schlauchverbinder-27mm-14-16-20-mm-transparent\/"},"modified":"2026-04-24T10:00:53","modified_gmt":"2026-04-24T08:00:53","slug":"becken-schlauchverbinder-27mm-14-16-20-mm-labipaistev","status":"publish","type":"product","link":"https:\/\/antcube.shop\/et\/toode\/becken-schlauchverbinder-27mm-14-16-20-mm-labipaistev\/","title":{"rendered":"Vanniliitmik 27mm - 14, 16, 20 mm - l\u00e4bipaistev"},"content":{"rendered":"<p><strong>M\u00f5\u00f5tmed:\u00a0<\/strong><br \/>\nSisediameeter = 14mm<br \/>\nV\u00e4lisl\u00e4bim\u00f5\u00f5t = 16mm (esimene aste), 20mm (teine aste)<br \/>\nPikkus = 36mm<\/p>\n<p><strong>Sisu:<\/strong><br \/>\n1x valamu voolikuliitmik<br \/>\n1x kinnitusr\u00f5ngas<\/p>\n<p><strong>\u00dchendus:<\/strong><br \/>\nValamu : Sobib 27mm (3\/4\") aukudesse, mille seinapaksus on 4mm!<br \/>\nVoolikud: 14\/10-voolik on tihedalt sisestatud 14mm muhvi sisse.<br \/>\n20\/16 toru on tihedalt paigaldatud esimesele 16 mm astmele.<br \/>\n22\/18-voolik on kinnitatud teise 20mm-t\u00e4he peale.<br \/>\n24\/20-voolik on l\u00f5dvalt paigaldatud teisele 20 mm astmele.<\/p>\n<p><strong>Kirjeldus:<\/strong><br \/>\nSee basseinipesa, \u00fchendatakse l\u00e4bi 27mm augu, mille klaasi seina paksus on 4mm. Kinnitusr\u00f5ngas fikseerib pistiku klaasist basseini k\u00fclge. Pihusti teise otsa saab kinnitada 14mm v\u00e4lisl\u00e4bim\u00f5\u00f5duga v\u00f5i 16mm v\u00f5i 20mm sisel\u00e4bim\u00f5\u00f5duga torusid.<\/p>","protected":false},"excerpt":{"rendered":"<p>M\u00f5\u00f5tmed: Sisemine l\u00e4bim\u00f5\u00f5t = 14mm V\u00e4lisl\u00e4bim\u00f5\u00f5t = 16mm (esimene aste), 20mm (teine aste) Pikkus = 36mm Sisu: Sisemine diameeter = 14mm, v\u00e4line diameeter = 16mm (esimene aste), 20mm (teine aste): 1x valamu voolikuliitmik 1x kinnitusr\u00f5ngas \u00dchendus: Valamu : Sobib 27mm (3\/4\") aukudesse, mille seinapaksus on 4mm! Voolikud: 14\/10-voolik sisestatakse tihedalt muhvi 14mm 20\/16-voolik on tihedalt paigaldatud muhvile","protected":false},"featured_media":357,"comment_status":"open","ping_status":"closed","template":"","meta":{"_acf_changed":false,"content-type":"","_monsterinsights_skip_tracking":false,"_monsterinsights_sitenote_active":false,"_monsterinsights_sitenote_note":"","_monsterinsights_sitenote_category":0},"product_brand":[],"product_cat":[121],"product_tag":[],"class_list":{"0":"post-2823","1":"product","2":"type-product","3":"status-publish","4":"has-post-thumbnail","6":"product_cat-connectors","8":"first","9":"instock","10":"taxable","11":"shipping-taxable","12":"purchasable","13":"product-type-simple"},"acf":[],"aioseo_notices":[],"jetpack_sharing_enabled":true,"_links":{"self":[{"href":"https:\/\/antcube.shop\/et\/wp-json\/wp\/v2\/product\/2823","targetHints":{"allow":["GET"]}}],"collection":[{"href":"https:\/\/antcube.shop\/et\/wp-json\/wp\/v2\/product"}],"about":[{"href":"https:\/\/antcube.shop\/et\/wp-json\/wp\/v2\/types\/product"}],"replies":[{"embeddable":true,"href":"https:\/\/antcube.shop\/et\/wp-json\/wp\/v2\/comments?post=2823"}],"wp:featuredmedia":[{"embeddable":true,"href":"https:\/\/antcube.shop\/et\/wp-json\/wp\/v2\/media\/357"}],"wp:attachment":[{"href":"https:\/\/antcube.shop\/et\/wp-json\/wp\/v2\/media?parent=2823"}],"wp:term":[{"taxonomy":"product_brand","embeddable":true,"href":"https:\/\/antcube.shop\/et\/wp-json\/wp\/v2\/product_brand?post=2823"},{"taxonomy":"product_cat","embeddable":true,"href":"https:\/\/antcube.shop\/et\/wp-json\/wp\/v2\/product_cat?post=2823"},{"taxonomy":"product_tag","embeddable":true,"href":"https:\/\/antcube.shop\/et\/wp-json\/wp\/v2\/product_tag?post=2823"}],"curies":[{"name":"wp","href":"https:\/\/api.w.org\/{rel}","templated":true}]}}