{"id":2821,"date":"2021-10-13T18:28:32","date_gmt":"2021-10-13T16:28:32","guid":{"rendered":"https:\/\/antcube.shop\/produkt\/handlupe-2fach-30mm\/"},"modified":"2026-04-16T17:07:38","modified_gmt":"2026-04-16T15:07:38","slug":"kaepide-2fach-30mm","status":"publish","type":"product","link":"https:\/\/antcube.shop\/et\/toode\/kaepide-2fach-30mm\/","title":{"rendered":"K\u00e4si suurendusklaas - 2x - 30mm"},"content":{"rendered":"<p><strong>M\u00f5\u00f5tmed (LxSxK):<\/strong> 80x36x2 mm<\/p>\n<p><strong>Materjal:<\/strong> plastist<\/p>\n<p><strong>V\u00e4rv:<\/strong> l\u00e4bipaistev<\/p>\n<p><strong>Sisu:<\/strong><br \/>\n<strong>1x<\/strong> k\u00e4sil\u00e4\u00e4tse suurenduslamp<\/p>\n<p><strong>Tehnilised andmed:<\/strong><br \/>\nSuurendus = 2x<\/p>\n<p><strong>Kirjeldus\/rakendus:<\/strong><br \/>\nK\u00e4si suurendusklaas sipelgate v\u00f5i putukate s\u00f6\u00f6tmise kontrollimiseks.<\/p>\n<p><strong>Teade:<\/strong><br \/>\nLihtne t\u00f6\u00f6tlemine ja lihtne kvaliteet, sest on valmistatud plastist ja on tundlik kriimustuste suhtes.<\/p>","protected":false},"excerpt":{"rendered":"<p>M\u00f5\u00f5tmed (LxSxK): 80x36x2 mm Materjal: plastik V\u00e4rv: l\u00e4bipaistev Sisu: Tehnilised andmed: 1x k\u00e4esuurenduslamp Tehnilised andmed: 1 k\u00e4esuurenduslamp, 1 k\u00e4esuurenduslamp: Suurendus = 2x Kirjeldus \/ rakendus: Suurenduslamp sipelgate kontrollimiseks v\u00f5i putukate toitmiseks. M\u00e4rge: Lihtne t\u00f6\u00f6tlemine ja lihtne kvaliteet, kuna on valmistatud plastikust ja on tundlik kriimustuste suhtes.<\/p>","protected":false},"featured_media":310,"comment_status":"open","ping_status":"closed","template":"","meta":{"_acf_changed":false,"content-type":"","_monsterinsights_skip_tracking":false,"_monsterinsights_sitenote_active":false,"_monsterinsights_sitenote_note":"","_monsterinsights_sitenote_category":0},"product_brand":[],"product_cat":[237],"product_tag":[],"class_list":{"0":"post-2821","1":"product","2":"type-product","3":"status-publish","4":"has-post-thumbnail","6":"product_cat-tools","8":"first","9":"instock","10":"taxable","11":"shipping-taxable","12":"purchasable","13":"product-type-simple"},"acf":[],"aioseo_notices":[],"jetpack_sharing_enabled":true,"_links":{"self":[{"href":"https:\/\/antcube.shop\/et\/wp-json\/wp\/v2\/product\/2821","targetHints":{"allow":["GET"]}}],"collection":[{"href":"https:\/\/antcube.shop\/et\/wp-json\/wp\/v2\/product"}],"about":[{"href":"https:\/\/antcube.shop\/et\/wp-json\/wp\/v2\/types\/product"}],"replies":[{"embeddable":true,"href":"https:\/\/antcube.shop\/et\/wp-json\/wp\/v2\/comments?post=2821"}],"wp:featuredmedia":[{"embeddable":true,"href":"https:\/\/antcube.shop\/et\/wp-json\/wp\/v2\/media\/310"}],"wp:attachment":[{"href":"https:\/\/antcube.shop\/et\/wp-json\/wp\/v2\/media?parent=2821"}],"wp:term":[{"taxonomy":"product_brand","embeddable":true,"href":"https:\/\/antcube.shop\/et\/wp-json\/wp\/v2\/product_brand?post=2821"},{"taxonomy":"product_cat","embeddable":true,"href":"https:\/\/antcube.shop\/et\/wp-json\/wp\/v2\/product_cat?post=2821"},{"taxonomy":"product_tag","embeddable":true,"href":"https:\/\/antcube.shop\/et\/wp-json\/wp\/v2\/product_tag?post=2821"}],"curies":[{"name":"wp","href":"https:\/\/api.w.org\/{rel}","templated":true}]}}