{"id":2820,"date":"2021-10-13T18:28:23","date_gmt":"2021-10-13T16:28:23","guid":{"rendered":"https:\/\/antcube.shop\/produkt\/ameisen-ausbruchsschutz-ol-10ml\/"},"modified":"2026-04-12T20:19:38","modified_gmt":"2026-04-12T18:19:38","slug":"ameisen-ausbruchsschutz-ol-10ml","status":"publish","type":"product","link":"https:\/\/antcube.shop\/et\/toode\/ameisen-ausbruchsschutz-ol-10ml\/","title":{"rendered":"Sipelgap\u00f5genemise kaitse\u00f5li 10ml"},"content":{"rendered":"<p><strong>Sisu:<\/strong> 10 ml (piisav umbes 10-15 meetri pikkuse 2 cm laiuse ribade jaoks).<\/p>\n<p><strong>V\u00e4rv:<\/strong> l\u00e4bipaistev, v\u00e4rvitu<\/p>\n<p><strong>Materjal:<\/strong> parafiini\u00f5li baasil<\/p>\n<p><strong>Eelis:<\/strong> V\u00f5ib kanda k\u00f5ikidele siledatele pindadele, n\u00e4iteks klaasile v\u00f5i plastile:<\/p>\n<p><strong>Puudus:<\/strong> Suurte kolooniate puhul v\u00f5ivad loomad \u00f5li \u00fcle klaasi levitada, k\u00f5ndides \u00f5li pinnal, nii et klaasi tuleb aja jooksul puhastada.<\/p>\n<p><strong>Taotlus:<\/strong> Kile peab olema siseservast umbes 3 korda nii lai kui sipelgad on pikad ja seda tuleb kanda ilma tilkumata.<\/p>\n<p><strong>Uuendamine:<\/strong> 2-4 kuud, s\u00f5ltuvalt koloonia suurusest ja aastaajast.<\/p>\n<p><strong>M\u00e4rkus:<\/strong> Loomade \"jalad\" peaksid puutuma \u00f5liga kokku ainult jalgadega. Suurte tilgakoguste korral on oht, et loomad v\u00f5ivad sattuda peaga tilgakogusse ja l\u00e4mbuda \u00f5lisse.<\/p>\n<p><a href=\"https:\/\/antcube.shop\/wp-content\/uploads\/2022\/02\/ant_escape_protection_oil_en.pdf\">Ant Breakout Protection Oil (PDF 0,1 MB) ohutuskaart, (PDF 0,1 MB)<\/a><br \/>\n(Sisaldab: ohutusjuhiseid)<\/p>\n<p>&nbsp;<\/p>","protected":false},"excerpt":{"rendered":"<p>Sisu: V\u00e4rvus: l\u00e4bipaistev, v\u00e4rvitu Materjal: parafiin\u00f5li baasil Eelised: 10 ml (piisav umbes 10-15 meetri pikkuse 2 cm laiuse ribade jaoks): V\u00f5ib kanda k\u00f5ikidele siledatele pindadele, nagu klaas v\u00f5i plastik: Puudus: Suurte kolooniate puhul v\u00f5ivad loomad \u00f5li \u00fcle klaasi laiali kanda, kui nad k\u00e4ivad \u00f5lipinnal,","protected":false},"featured_media":303,"comment_status":"open","ping_status":"closed","template":"","meta":{"_acf_changed":false,"content-type":"","_monsterinsights_skip_tracking":false,"_monsterinsights_sitenote_active":false,"_monsterinsights_sitenote_note":"","_monsterinsights_sitenote_category":0},"product_brand":[],"product_cat":[237],"product_tag":[],"class_list":{"0":"post-2820","1":"product","2":"type-product","3":"status-publish","4":"has-post-thumbnail","6":"product_cat-tools","8":"first","9":"instock","10":"taxable","11":"shipping-taxable","12":"purchasable","13":"product-type-simple"},"acf":[],"aioseo_notices":[],"jetpack_sharing_enabled":true,"_links":{"self":[{"href":"https:\/\/antcube.shop\/et\/wp-json\/wp\/v2\/product\/2820","targetHints":{"allow":["GET"]}}],"collection":[{"href":"https:\/\/antcube.shop\/et\/wp-json\/wp\/v2\/product"}],"about":[{"href":"https:\/\/antcube.shop\/et\/wp-json\/wp\/v2\/types\/product"}],"replies":[{"embeddable":true,"href":"https:\/\/antcube.shop\/et\/wp-json\/wp\/v2\/comments?post=2820"}],"wp:featuredmedia":[{"embeddable":true,"href":"https:\/\/antcube.shop\/et\/wp-json\/wp\/v2\/media\/303"}],"wp:attachment":[{"href":"https:\/\/antcube.shop\/et\/wp-json\/wp\/v2\/media?parent=2820"}],"wp:term":[{"taxonomy":"product_brand","embeddable":true,"href":"https:\/\/antcube.shop\/et\/wp-json\/wp\/v2\/product_brand?post=2820"},{"taxonomy":"product_cat","embeddable":true,"href":"https:\/\/antcube.shop\/et\/wp-json\/wp\/v2\/product_cat?post=2820"},{"taxonomy":"product_tag","embeddable":true,"href":"https:\/\/antcube.shop\/et\/wp-json\/wp\/v2\/product_tag?post=2820"}],"curies":[{"name":"wp","href":"https:\/\/api.w.org\/{rel}","templated":true}]}}