{"id":2815,"date":"2021-10-13T18:27:06","date_gmt":"2021-10-13T16:27:06","guid":{"rendered":"https:\/\/antcube.shop\/produkt\/schlauch-transparent-20-16-mm\/"},"modified":"2026-04-04T14:50:14","modified_gmt":"2026-04-04T12:50:14","slug":"schlauch-transparent-20-16-mm","status":"publish","type":"product","link":"https:\/\/antcube.shop\/et\/toode\/schlauch-transparent-20-16-mm\/","title":{"rendered":"L\u00e4bipaistev voolik 20\/16 mm"},"content":{"rendered":"<p><strong>M\u00f5\u00f5tmed:<\/strong><br \/>\nV\u00e4lisl\u00e4bim\u00f5\u00f5t: 20 mm<br \/>\nSisediameeter: 16 mm<br \/>\nSeina paksus: 2 mm<\/p>\n<p><strong>Pikkus:<\/strong> 1 meeter (v\u00f5imalik kuni 50 meetrit \u00fches t\u00fckis)<\/p>\n<p><strong>Kirjeldus:<\/strong> L\u00e4bipaistvad PVC-torud <strong>ilma m\u00e4rgistamiseta<\/strong>. Sobib ideaalselt sipelgate rajamiseks v\u00f5i formikaariumi \u00fchendamiseks.<\/p>","protected":false},"excerpt":{"rendered":"<p><img decoding=\"async\" src=\"\/shop\/images\/rolle-1m.gif\" alt=\"\" \/><\/p>","protected":false},"featured_media":360,"comment_status":"open","ping_status":"closed","template":"","meta":{"_acf_changed":false,"content-type":"","_monsterinsights_skip_tracking":false,"_monsterinsights_sitenote_active":false,"_monsterinsights_sitenote_note":"","_monsterinsights_sitenote_category":0},"product_brand":[],"product_cat":[120],"product_tag":[],"class_list":{"0":"post-2815","1":"product","2":"type-product","3":"status-publish","4":"has-post-thumbnail","6":"product_cat-hoses","8":"first","9":"instock","10":"taxable","11":"shipping-taxable","12":"purchasable","13":"product-type-simple"},"acf":[],"aioseo_notices":[],"jetpack_sharing_enabled":true,"_links":{"self":[{"href":"https:\/\/antcube.shop\/et\/wp-json\/wp\/v2\/product\/2815","targetHints":{"allow":["GET"]}}],"collection":[{"href":"https:\/\/antcube.shop\/et\/wp-json\/wp\/v2\/product"}],"about":[{"href":"https:\/\/antcube.shop\/et\/wp-json\/wp\/v2\/types\/product"}],"replies":[{"embeddable":true,"href":"https:\/\/antcube.shop\/et\/wp-json\/wp\/v2\/comments?post=2815"}],"wp:featuredmedia":[{"embeddable":true,"href":"https:\/\/antcube.shop\/et\/wp-json\/wp\/v2\/media\/360"}],"wp:attachment":[{"href":"https:\/\/antcube.shop\/et\/wp-json\/wp\/v2\/media?parent=2815"}],"wp:term":[{"taxonomy":"product_brand","embeddable":true,"href":"https:\/\/antcube.shop\/et\/wp-json\/wp\/v2\/product_brand?post=2815"},{"taxonomy":"product_cat","embeddable":true,"href":"https:\/\/antcube.shop\/et\/wp-json\/wp\/v2\/product_cat?post=2815"},{"taxonomy":"product_tag","embeddable":true,"href":"https:\/\/antcube.shop\/et\/wp-json\/wp\/v2\/product_tag?post=2815"}],"curies":[{"name":"wp","href":"https:\/\/api.w.org\/{rel}","templated":true}]}}