{"id":2737,"date":"2021-10-08T12:04:45","date_gmt":"2021-10-08T10:04:45","guid":{"rendered":"https:\/\/antcube.shop\/produkt\/antcube-starter-set-fur-blattschneiderarten-gros\/"},"modified":"2026-04-01T13:28:05","modified_gmt":"2026-04-01T11:28:05","slug":"antcube-starter-set-fur-blattschneiderarten-gros","status":"publish","type":"product","link":"https:\/\/antcube.shop\/et\/toode\/antcube-starter-set-fur-blattschneiderarten-gros\/","title":{"rendered":"ANTCUBE - Stardikomplekt lehep\u00f5llu sipelgate jaoks - suur"},"content":{"rendered":"<p><span data-text-color=\"alert\"><strong>Kohaletoimetamine v\u00f5imalik ainult paletile saatmise kaudu.<\/strong><\/span><\/p>\n<p><strong>Sisaldab:<\/strong><\/p>\n<p>1x ANTCUBE Arena 30x30x60 koos l\u00fckanduksega<br \/>\n1x l\u00fckandukseraam<br \/>\n2x ANTCUBE Arena 30x30x30cm<br \/>\n3x sipelgaplatsi raam 30x30cm<br \/>\n3x sipelgaplatsi kate 30x30cm<br \/>\n12x kinnituspunkt areenikatte jaoks<\/p>\n<p>1x sipelgatoru - kristallselge 50mm - 1m (poolitatud)<br \/>\n1x substraat - vihmamets - 1 kg<br \/>\n1x Formicarium graanulid 200ml - bee\u017e<br \/>\n3x Formicarium alus 30\u00d730<\/p>\n<p>3x Formicarium plug for 50mm hole<br \/>\n8x Grid insert acrylic &#8211; 50 mm with sealing ring<br \/>\n4x mahuti\u00fchendus 1 1\/2\" kuni 50mm - kristallselge<br \/>\n4x Formicarium mutter 1 1\/2 tolli - kristallselge<\/p>\n<p>1x Foil thermometer Display<br \/>\n1x drinking clear 5ml &#8211; sponge<br \/>\n1x pintsetid vedrusterasest - lai - pehme<br \/>\n1x Formicarium pintsetid - plastikust<br \/>\n1x k\u00e4sil\u00e4\u00e4tse - 2x - 30mm<br \/>\n1x sipelgap\u00f5genemise kaitse\u00f5li 10ml<br \/>\n1x vahtplasti klaasipuhasti 150x18x2,5mm<br \/>\n1x pihustuspudel 0,5 liitrine pihusti - messingist otsikuga<br \/>\n1x Roosi kroonlehed 100g - kuivatatud<br \/>\n2x fotode tagasein - vihmamets - 30\u00d730<br \/>\n1x fotode tagasein - vihmamets - 30\u00d760 - k\u00f5rge<\/p>\n<p><strong>Kirjeldus:<\/strong><br \/>\nThis expandable starter set for all leafcutter ant species contains, in addition to the optimally adapted formicarium, the appropriate accessories for keeping these ants. The voluminous basins allow easy handling for feeding and cleaning. The large holes (50 mm) and tubes not only make it easy to observe the ants, they also allow the animals to remove large pieces of leaf. The stainless steel mesh inserts ensure good ventilation and are robust against mechanical impact. Even large colonies of leaf-cutter ants, which are very fond of cutting, are unable to penetrate them. The sturdy screw sockets are also absolutely bite-proof.. If necessary, the humidity can be increased using the spray bottle.<\/p>\n<p><strong>Oluline:<\/strong> Palun niisutage substraati enne kasutamist, et segu saaks sipelgap\u00f5llul siduda ja kindlalt kinni pidada. Lisaks sellele, kui substraat on liiga kuiv ja tolmune, v\u00f5ivad sipelgate hingamisteed ummistuda ja halvimal juhul v\u00f5ivad loomad l\u00e4mbuda.<\/p>\n<p><strong>M\u00e4rkused tootmise kohta<\/strong><br \/>\nKlaas l\u00f5igatakse m\u00f5\u00f5tu vastavalt standardile DIN 1249, lubatud h\u00e4lve on +\/- 1 mm. T\u00e4iendav p\u00f5genemiskaitse on \u00e4\u00e4rmiselt v\u00e4ikeste sipelgaliikide puhul h\u00e4davajalik.<\/p>\n<p><strong>Kirjeldus liuguste areenil: <\/strong>Meie ANTCUBE areen 30x30x60 koos l\u00fckanduksega t\u00f6\u00f6tati v\u00e4lja selleks, et t\u00f6\u00f6tada mugavalt ka t\u00e4ielikus formikariaadis. Need on eriti kasulikud formikaariumina kudumism\u00fcrkidele (Polyrhachis ja Oecophylla), kuna neile meeldib ehitada \u00fclespoole ja nad vajavad peremeestaimi. M\u00f5nikord v\u00f5ib olla keeruline n\u00e4iteks formikaariumi p\u00f5hjas olevate loomade j\u00e4\u00e4tmeid eemaldada. Selle spetsiaalselt kohandatud akvaariumi puhul ei ole see probleemiks. L\u00fckanduks on v\u00e4ga praktiline ka Acromyrmex v\u00f5i Atta lehep\u00f5llumeeste s\u00f6\u00f6tmisbasseinide puhul, sest taimede j\u00e4\u00e4gid ja muud j\u00e4\u00e4tmed saab h\u00f5lpsasti \u00e4ra visata. V\u00f5ite kasutada ka l\u00fckandukseraami (nr 1005648), et v\u00e4ltida loomade p\u00f5genemist t\u00f6\u00f6 ajal.<\/p>","protected":false},"excerpt":{"rendered":"<p>The set consists of 47 parts and is suitable for all leaf cutter ant species.<br \/>\nSuurus: <span style=\"color: #ed1c24;\"><strong>XL<\/strong><\/span><\/p>","protected":false},"featured_media":7665,"comment_status":"open","ping_status":"closed","template":"","meta":{"_acf_changed":false,"content-type":"","_monsterinsights_skip_tracking":false,"_monsterinsights_sitenote_active":false,"_monsterinsights_sitenote_note":"","_monsterinsights_sitenote_category":0},"product_brand":[484],"product_cat":[73,79],"product_tag":[],"class_list":{"0":"post-2737","1":"product","2":"type-product","3":"status-publish","4":"has-post-thumbnail","6":"product_brand-antcube","7":"product_cat-starter-sets","8":"product_cat-starter-sets-for-leafcutter-ants","9":"product_shipping_class-forwarding-on-pallet","11":"first","12":"instock","13":"taxable","14":"shipping-taxable","15":"purchasable","16":"product-type-simple"},"acf":[],"aioseo_notices":[],"jetpack_sharing_enabled":true,"_links":{"self":[{"href":"https:\/\/antcube.shop\/et\/wp-json\/wp\/v2\/product\/2737","targetHints":{"allow":["GET"]}}],"collection":[{"href":"https:\/\/antcube.shop\/et\/wp-json\/wp\/v2\/product"}],"about":[{"href":"https:\/\/antcube.shop\/et\/wp-json\/wp\/v2\/types\/product"}],"replies":[{"embeddable":true,"href":"https:\/\/antcube.shop\/et\/wp-json\/wp\/v2\/comments?post=2737"}],"wp:featuredmedia":[{"embeddable":true,"href":"https:\/\/antcube.shop\/et\/wp-json\/wp\/v2\/media\/7665"}],"wp:attachment":[{"href":"https:\/\/antcube.shop\/et\/wp-json\/wp\/v2\/media?parent=2737"}],"wp:term":[{"taxonomy":"product_brand","embeddable":true,"href":"https:\/\/antcube.shop\/et\/wp-json\/wp\/v2\/product_brand?post=2737"},{"taxonomy":"product_cat","embeddable":true,"href":"https:\/\/antcube.shop\/et\/wp-json\/wp\/v2\/product_cat?post=2737"},{"taxonomy":"product_tag","embeddable":true,"href":"https:\/\/antcube.shop\/et\/wp-json\/wp\/v2\/product_tag?post=2737"}],"curies":[{"name":"wp","href":"https:\/\/api.w.org\/{rel}","templated":true}]}}