{"id":2736,"date":"2021-10-08T12:04:36","date_gmt":"2021-10-08T10:04:36","guid":{"rendered":"https:\/\/antcube.shop\/produkt\/prenolepis-nitens\/"},"modified":"2023-03-21T15:10:55","modified_gmt":"2023-03-21T14:10:55","slug":"prenolepis-nitens","status":"publish","type":"product","link":"https:\/\/antcube.shop\/et\/toode\/prenolepis-nitens\/","title":{"rendered":"Prenolepis nitens"},"content":{"rendered":"<p>&nbsp;<\/p>\n<table border=\"1\" cellspacing=\"1\" cellpadding=\"1\">\n<tbody>\n<tr>\n<td><strong>Lat. Nimi:<\/strong><\/td>\n<td><\/td>\n<td><em>Prenolepis nitens<\/em><\/td>\n<\/tr>\n<tr>\n<td><strong>\u00dcldine nimi<\/strong>:<\/td>\n<td><strong><img data-recalc-dims=\"1\" loading=\"lazy\" decoding=\"async\" src=\"https:\/\/i0.wp.com\/www.antstore.net\/shop\/images\/icons\/ants\/trivialname.jpg?resize=30%2C30&#038;ssl=1\" alt=\"\" width=\"30\" height=\"30\" \/><\/strong><\/td>\n<td>\u00a0euroopa mesimardikas<\/td>\n<\/tr>\n<tr>\n<td><strong>Taksonoomia:<\/strong><\/td>\n<td><strong><img data-recalc-dims=\"1\" loading=\"lazy\" decoding=\"async\" src=\"https:\/\/i0.wp.com\/www.antstore.net\/shop\/images\/icons\/ants\/taxonomie.jpg?resize=30%2C30&#038;ssl=1\" alt=\"\" width=\"30\" height=\"30\" \/><\/strong><\/td>\n<td><strong>Alamperekond:\u00a0 <\/strong>Formicinae\u00a0<strong>Tribus: <\/strong>Lasiini<\/td>\n<\/tr>\n<tr>\n<td><strong>Taseme hoidmine:<\/strong><\/td>\n<td><strong><img data-recalc-dims=\"1\" loading=\"lazy\" decoding=\"async\" src=\"https:\/\/i0.wp.com\/www.antstore.net\/shop\/images\/icons\/ants\/haltungsklasse.jpg?resize=30%2C30&#038;ssl=1\" alt=\"\" width=\"30\" height=\"30\" \/><\/strong><\/td>\n<td>1-2<\/td>\n<\/tr>\n<tr>\n<td><strong>Levik:<\/strong><\/td>\n<td><strong><img data-recalc-dims=\"1\" loading=\"lazy\" decoding=\"async\" src=\"https:\/\/i0.wp.com\/www.antstore.net\/shop\/images\/icons\/ants\/verbreitung.jpg?resize=30%2C30&#038;ssl=1\" alt=\"\" width=\"30\" height=\"30\" \/><\/strong><\/td>\n<td>Kagu-Euroopa, kuni Austriani (sporaadiliselt tuvastatud).<\/td>\n<\/tr>\n<tr>\n<td><strong>Elupaik:<\/strong><\/td>\n<td><strong><img data-recalc-dims=\"1\" loading=\"lazy\" decoding=\"async\" src=\"https:\/\/i0.wp.com\/www.antstore.net\/shop\/images\/icons\/ants\/habitat.jpg?resize=30%2C30&#038;ssl=1\" alt=\"\" width=\"30\" height=\"30\" \/><\/strong><\/td>\n<td>Lehtmetsad, avatud maa<\/td>\n<\/tr>\n<tr>\n<td><strong>Colonyform:<\/strong><\/td>\n<td><strong><img data-recalc-dims=\"1\" loading=\"lazy\" decoding=\"async\" src=\"https:\/\/i0.wp.com\/www.antstore.net\/shop\/images\/icons\/ants\/Kolonieform.jpg?resize=30%2C30&#038;ssl=1\" alt=\"\" width=\"30\" height=\"30\" \/><\/strong><\/td>\n<td>monogyn<\/td>\n<\/tr>\n<tr>\n<td><strong>Kuninganna:<\/strong><\/td>\n<td><strong><img data-recalc-dims=\"1\" loading=\"lazy\" decoding=\"async\" src=\"https:\/\/i0.wp.com\/www.antstore.net\/shop\/images\/icons\/ants\/koenigin.jpg?resize=30%2C30&#038;ssl=1\" alt=\"\" width=\"30\" height=\"30\" \/><\/strong><\/td>\n<td><strong>Suurus:<\/strong> 9-10mm <strong>V\u00e4rv: <\/strong>Pea ja rindkere varieerub pruunist kuni helepruunini, vatsakeste kollane\/pruun triibuline, samuti varieerub erinevate tunnuste poolest.<\/td>\n<\/tr>\n<tr>\n<td><strong>T\u00f6\u00f6taja:<\/strong><\/td>\n<td><img data-recalc-dims=\"1\" loading=\"lazy\" decoding=\"async\" src=\"https:\/\/i0.wp.com\/www.antstore.net\/shop\/images\/icons\/ants\/arbeiterin.jpg?resize=30%2C30&#038;ssl=1\" alt=\"\" width=\"30\" height=\"30\" \/><\/td>\n<td><strong>Suurus:<\/strong> 3 - 4mm <strong>V\u00e4rv: <\/strong>Pruunipunane\/meev\u00e4rviline, pea ja kere m\u00f5nikord tumedam.<\/td>\n<\/tr>\n<tr>\n<td><strong>S\u00f5dur:<\/strong><\/td>\n<td><img data-recalc-dims=\"1\" loading=\"lazy\" decoding=\"async\" src=\"https:\/\/i0.wp.com\/www.antstore.net\/shop\/images\/icons\/ants\/soldaten.jpg?resize=30%2C30&#038;ssl=1\" alt=\"\" width=\"30\" height=\"30\" \/><\/td>\n<td>ei ole kohal<\/td>\n<\/tr>\n<tr>\n<td><strong>Mees:<\/strong><\/td>\n<td><img data-recalc-dims=\"1\" loading=\"lazy\" decoding=\"async\" src=\"https:\/\/i0.wp.com\/www.antstore.net\/shop\/images\/icons\/ants\/maennchen.jpg?resize=30%2C30&#038;ssl=1\" alt=\"\" width=\"30\" height=\"30\" \/><\/td>\n<td><strong>Suurus:<\/strong> 4 - 5 mm <strong>V\u00e4rv: <\/strong>must<\/td>\n<\/tr>\n<tr>\n<td><strong>Toit:<\/strong><\/td>\n<td><img data-recalc-dims=\"1\" loading=\"lazy\" decoding=\"async\" src=\"https:\/\/i0.wp.com\/www.antstore.net\/shop\/images\/icons\/ants\/nahrung.jpg?resize=30%2C30&#038;ssl=1\" alt=\"\" width=\"30\" height=\"30\" \/><\/td>\n<td>Meevesi ja putukad, nt k\u00e4rbsed, s\u00e4\u00e4sed v\u00f5i v\u00e4ikesed s\u00e4rilised, puuviljad.<\/td>\n<\/tr>\n<tr>\n<td><strong>Niiskus:<\/strong><\/td>\n<td><strong><img data-recalc-dims=\"1\" loading=\"lazy\" decoding=\"async\" src=\"https:\/\/i0.wp.com\/www.antstore.net\/shop\/images\/icons\/ants\/feuchtigkeit.jpg?resize=30%2C30&#038;ssl=1\" alt=\"\" width=\"30\" height=\"30\" \/><\/strong><\/td>\n<td><strong>Arena:<\/strong> 30\u00a0 &#8211; 50% <strong>Pesa piirkond: <\/strong>50 &#8211; 70%<\/td>\n<\/tr>\n<tr>\n<td><strong>Temperatuur:<\/strong><\/td>\n<td><strong><img data-recalc-dims=\"1\" loading=\"lazy\" decoding=\"async\" src=\"https:\/\/i0.wp.com\/www.antstore.net\/shop\/images\/icons\/ants\/temperatur.jpg?resize=30%2C30&#038;ssl=1\" alt=\"\" width=\"30\" height=\"30\" \/><\/strong><\/td>\n<td><strong>Arena:<\/strong> 21 - 30\u00b0C <strong>Pesa piirkond: <\/strong>21 - 26\u00b0C<\/td>\n<\/tr>\n<tr>\n<td><strong>Hibernatsioon:<\/strong><\/td>\n<td><img data-recalc-dims=\"1\" loading=\"lazy\" decoding=\"async\" src=\"https:\/\/i0.wp.com\/www.antstore.net\/shop\/images\/icons\/ants\/winterruhe.jpg?resize=30%2C30&#038;ssl=1\" alt=\"\" width=\"30\" height=\"30\" \/><\/td>\n<td>jah, oktoobrist veebruari l\u00f5puni, kevadine aktiivsus algab varem kui teistel liikidel<\/td>\n<\/tr>\n<tr>\n<td><strong>Pesa t\u00fc\u00fcp:<\/strong><\/td>\n<td><\/td>\n<td>Maapesad, samuti surnud puidus.<\/td>\n<\/tr>\n<tr>\n<td><strong>Formicarium t\u00fc\u00fcp:<\/strong><\/td>\n<td><img data-recalc-dims=\"1\" loading=\"lazy\" decoding=\"async\" src=\"https:\/\/i0.wp.com\/www.antstore.net\/shop\/images\/icons\/ants\/formicarienart.jpg?resize=30%2C30&#038;ssl=1\" alt=\"\" width=\"30\" height=\"30\" \/><\/td>\n<td><\/td>\n<\/tr>\n<tr>\n<td><strong>Formikariumi suurus:<\/strong><\/td>\n<td><strong><img data-recalc-dims=\"1\" loading=\"lazy\" decoding=\"async\" src=\"https:\/\/i0.wp.com\/www.antstore.net\/shop\/images\/icons\/ants\/formicariengroesse.jpg?resize=30%2C30&#038;ssl=1\" alt=\"\" width=\"30\" height=\"30\" \/><\/strong><\/td>\n<td><strong>Suurus:<\/strong><span style=\"color: #000000;\"> <strong>S<\/strong><strong><span style=\"color: #339966;\">\u00a0<\/span><\/strong><strong>&#8211;<\/strong><strong><span style=\"color: #339966;\">\u00a0M<\/span><\/strong><\/span><\/td>\n<\/tr>\n<tr>\n<td><strong>Substraat:<\/strong><\/td>\n<td><strong><img data-recalc-dims=\"1\" loading=\"lazy\" decoding=\"async\" src=\"https:\/\/i0.wp.com\/www.antstore.net\/shop\/images\/icons\/ants\/substrat.jpg?resize=30%2C30&#038;ssl=1\" alt=\"\" width=\"30\" height=\"30\" \/><\/strong><\/td>\n<td><strong>Antfarm: <\/strong>Liivamass, Kork <strong>Arena: <\/strong>Liiv, liiv-vaik<\/td>\n<\/tr>\n<tr>\n<td><strong>Istutamine:<\/strong><\/td>\n<td><img data-recalc-dims=\"1\" loading=\"lazy\" decoding=\"async\" src=\"https:\/\/i0.wp.com\/www.antstore.net\/shop\/images\/icons\/ants\/bepflanzung.jpg?resize=30%2C30&#038;ssl=1\" alt=\"\" width=\"30\" height=\"30\" \/><\/td>\n<td>Vahemere piirkonna istutamine<\/td>\n<\/tr>\n<tr>\n<td><strong>Kaunistus:<\/strong><\/td>\n<td><img data-recalc-dims=\"1\" loading=\"lazy\" decoding=\"async\" src=\"https:\/\/i0.wp.com\/www.antstore.net\/shop\/images\/icons\/ants\/dekoration.jpg?resize=30%2C30&#038;ssl=1\" alt=\"\" width=\"30\" height=\"30\" \/><\/td>\n<td>Oksad, juured, lehed, soovi korral<\/td>\n<\/tr>\n<tr>\n<td><strong>Kirjeldus:<\/strong><\/td>\n<td><img data-recalc-dims=\"1\" loading=\"lazy\" decoding=\"async\" src=\"https:\/\/i0.wp.com\/www.antstore.net\/shop\/images\/icons\/ants\/beschreibung.jpg?resize=30%2C30&#038;ssl=1\" alt=\"\" width=\"30\" height=\"30\" \/><\/td>\n<td>Prenolepis nitens on k\u00f5nekeeles tuntud kui \"Euroopa mesim\u00fcrk\". M\u00f5ned t\u00f6\u00f6lised arenevad meepotti, kuid need ei ole v\u00f5rreldavad tegelike meepoti sipelgatega perekonnast Myrmecocystus. Paisunud gastrid on siin ainult rasvade ladestumine koes, lisaks osalevad t\u00f6\u00f6lised veel piiratud m\u00e4\u00e4ral haudmehoolduses.<\/td>\n<\/tr>\n<tr>\n<td><strong>Areng:<\/strong><\/td>\n<td><strong><img data-recalc-dims=\"1\" loading=\"lazy\" decoding=\"async\" src=\"https:\/\/i0.wp.com\/www.antstore.net\/shop\/images\/icons\/ants\/entwicklung.jpg?resize=30%2C30&#038;ssl=1\" alt=\"\" width=\"30\" height=\"30\" \/><\/strong><\/td>\n<td><strong>Abielulend:\u00a0 <\/strong>v\u00e4ga varakult: m\u00e4rtsi l\u00f5pust mai l\u00f5puni (sugupooled talvituvad esialgu pesas).<br \/>\n<strong>Sihtasutus:\u00a0 <\/strong>esineb klaustraliselt (ilma toitumiseta), v\u00f5imalik, et ka adopteerimise v\u00f5i sotsiaalselt parasiitliku<br \/>\n<strong>Koloonia suurus:\u00a0 <\/strong>kuni 20 000 inimest<\/td>\n<\/tr>\n<tr>\n<td><strong>Kogus:<\/strong><\/td>\n<td><img data-recalc-dims=\"1\" loading=\"lazy\" decoding=\"async\" src=\"https:\/\/i0.wp.com\/www.antstore.net\/shop\/images\/icons\/ants\/menge.jpg?resize=30%2C30&#038;ssl=1\" alt=\"\" width=\"30\" height=\"30\" \/><\/td>\n<td>paaritatud kuninganna ja t\u00f6\u00f6lised (vt valik); haude (varieerub vastavalt hooajale ja arengule).<\/td>\n<\/tr>\n<tr>\n<td><strong>Veebilinkid:<\/strong><\/td>\n<td><a href=\"http:\/\/www.antstore.net\/viewforum.php?f=9\"><span style=\"color: #0000ff;\"><img data-recalc-dims=\"1\" loading=\"lazy\" decoding=\"async\" src=\"https:\/\/i0.wp.com\/www.antstore.net\/shop\/images\/icons\/ants\/weblinks.jpg?resize=30%2C30&#038;ssl=1\" alt=\"\" width=\"30\" height=\"30\" \/><\/span><\/a><\/td>\n<td><a href=\"http:\/\/www.antstore.net\/viewforum.php?f=124\"><span style=\"color: #0000ff;\">- Foorum<\/span><\/a><\/p>\n<p><span style=\"color: #0000ff;\"><a href=\"http:\/\/www.antweb.org\/description.do?name=mimicus&amp;genus=myrmecocystus&amp;rank=species&amp;project=bajaants\">- Viide allikale<\/a><\/span><\/td>\n<\/tr>\n<\/tbody>\n<\/table>\n<p>&nbsp;<\/p>","protected":false},"excerpt":{"rendered":"<p>Taseme 1-2 s\u00e4ilitamine<br \/>\nSuurus:<span style=\"color: #000000;\"> <strong>S<\/strong> <\/span><strong>&#8211;<\/strong><span style=\"color: #000000;\"><strong><span style=\"color: #339966;\"> M<\/span><\/strong><\/span><\/p>","protected":false},"featured_media":3319,"comment_status":"open","ping_status":"closed","template":"","meta":{"_acf_changed":false,"content-type":"","_monsterinsights_skip_tracking":false,"_monsterinsights_sitenote_active":false,"_monsterinsights_sitenote_note":"","_monsterinsights_sitenote_category":0},"product_brand":[],"product_cat":[107,112,109],"product_tag":[],"class_list":{"0":"post-2736","1":"product","2":"type-product","3":"status-publish","4":"has-post-thumbnail","6":"product_cat-ants","7":"product_cat-asia","8":"product_cat-southern-europe","10":"first","11":"instock","12":"product-type-external"},"acf":[],"aioseo_notices":[],"jetpack_sharing_enabled":true,"_links":{"self":[{"href":"https:\/\/antcube.shop\/et\/wp-json\/wp\/v2\/product\/2736","targetHints":{"allow":["GET"]}}],"collection":[{"href":"https:\/\/antcube.shop\/et\/wp-json\/wp\/v2\/product"}],"about":[{"href":"https:\/\/antcube.shop\/et\/wp-json\/wp\/v2\/types\/product"}],"replies":[{"embeddable":true,"href":"https:\/\/antcube.shop\/et\/wp-json\/wp\/v2\/comments?post=2736"}],"wp:featuredmedia":[{"embeddable":true,"href":"https:\/\/antcube.shop\/et\/wp-json\/wp\/v2\/media\/3319"}],"wp:attachment":[{"href":"https:\/\/antcube.shop\/et\/wp-json\/wp\/v2\/media?parent=2736"}],"wp:term":[{"taxonomy":"product_brand","embeddable":true,"href":"https:\/\/antcube.shop\/et\/wp-json\/wp\/v2\/product_brand?post=2736"},{"taxonomy":"product_cat","embeddable":true,"href":"https:\/\/antcube.shop\/et\/wp-json\/wp\/v2\/product_cat?post=2736"},{"taxonomy":"product_tag","embeddable":true,"href":"https:\/\/antcube.shop\/et\/wp-json\/wp\/v2\/product_tag?post=2736"}],"curies":[{"name":"wp","href":"https:\/\/api.w.org\/{rel}","templated":true}]}}