{"id":2734,"date":"2021-10-08T12:04:16","date_gmt":"2021-10-08T10:04:16","guid":{"rendered":"https:\/\/antcube.shop\/produkt\/antcube-arena-20x20x20-combi-l\/"},"modified":"2026-04-07T11:39:23","modified_gmt":"2026-04-07T09:39:23","slug":"antcube-arena-20x20x20-combi-l","status":"publish","type":"product","link":"https:\/\/antcube.shop\/et\/toode\/antcube-arena-20x20x20-combi-l\/","title":{"rendered":"ANTCUBE - Arena 20x20x20 - Combi L"},"content":{"rendered":"<p><strong>M\u00f5\u00f5tmed:<\/strong> 20x20x20 cm; 4 mm paksune klaas<\/p>\n<p><strong>Materjal:<\/strong> silikooniga liimitud klaas<\/p>\n<p><strong>\u00dchendus:<\/strong> 2x puur 27mm (2x 10mm puur pesa piirkonnas)<\/p>\n<p><strong>Plaadi kaugus pesade piirkonnas:<\/strong> umbes 20mm<\/p>\n<p><strong>Kirjeldus:<\/strong> Sipelgate areenil - Combi on farmi- v\u00f5i pesapaik, mis on integreeritud formikaariumisse. Sipelgad p\u00e4\u00e4sevad areenist pesapiirkonda kahe 10 mm sisemise avause kaudu.<\/p>\n<p><strong>Teade:<\/strong><br \/>\nKui kasutate meie pesa sisestusi (nt kork, kips), siis arvestage, et need on 8 mm kitsamad, kuna need on algselt m\u00f5eldud nii meie kitsamate sipelgapesade kui ka arena sisestuste jaoks! Siinkohal tuleb vahe t\u00e4ita t\u00e4itematerjaliga, n\u00e4iteks kips v\u00f5i savi.<\/p>\n<p>&nbsp;<\/p>","protected":false},"excerpt":{"rendered":"<p>\u00dchendus: 2x auk 27 mm<br \/>\nSuurus: <span style=\"color: #0000ff;\"><strong>L<\/strong><\/span><\/p>","protected":false},"featured_media":328,"comment_status":"open","ping_status":"closed","template":"","meta":{"_acf_changed":false,"content-type":"","_monsterinsights_skip_tracking":false,"_monsterinsights_sitenote_active":false,"_monsterinsights_sitenote_note":"","_monsterinsights_sitenote_category":0},"product_brand":[],"product_cat":[85,83,86],"product_tag":[],"class_list":{"0":"post-2734","1":"product","2":"type-product","3":"status-publish","4":"has-post-thumbnail","6":"product_cat-ant-arenas","7":"product_cat-antfarms-l","8":"product_cat-formicariums","10":"first","11":"instock","12":"taxable","13":"shipping-taxable","14":"purchasable","15":"product-type-simple"},"acf":[],"aioseo_notices":[],"jetpack_sharing_enabled":true,"_links":{"self":[{"href":"https:\/\/antcube.shop\/et\/wp-json\/wp\/v2\/product\/2734","targetHints":{"allow":["GET"]}}],"collection":[{"href":"https:\/\/antcube.shop\/et\/wp-json\/wp\/v2\/product"}],"about":[{"href":"https:\/\/antcube.shop\/et\/wp-json\/wp\/v2\/types\/product"}],"replies":[{"embeddable":true,"href":"https:\/\/antcube.shop\/et\/wp-json\/wp\/v2\/comments?post=2734"}],"wp:featuredmedia":[{"embeddable":true,"href":"https:\/\/antcube.shop\/et\/wp-json\/wp\/v2\/media\/328"}],"wp:attachment":[{"href":"https:\/\/antcube.shop\/et\/wp-json\/wp\/v2\/media?parent=2734"}],"wp:term":[{"taxonomy":"product_brand","embeddable":true,"href":"https:\/\/antcube.shop\/et\/wp-json\/wp\/v2\/product_brand?post=2734"},{"taxonomy":"product_cat","embeddable":true,"href":"https:\/\/antcube.shop\/et\/wp-json\/wp\/v2\/product_cat?post=2734"},{"taxonomy":"product_tag","embeddable":true,"href":"https:\/\/antcube.shop\/et\/wp-json\/wp\/v2\/product_tag?post=2734"}],"curies":[{"name":"wp","href":"https:\/\/api.w.org\/{rel}","templated":true}]}}