{"id":2730,"date":"2021-10-08T12:02:55","date_gmt":"2021-10-08T10:02:55","guid":{"rendered":"https:\/\/antcube.shop\/produkt\/aphaenogaster-subterranea\/"},"modified":"2023-03-21T15:17:03","modified_gmt":"2023-03-21T14:17:03","slug":"aphaenogaster-subterranea","status":"publish","type":"product","link":"https:\/\/antcube.shop\/et\/toode\/aphaenogaster-subterranea\/","title":{"rendered":"Aphaenogaster subterranea"},"content":{"rendered":"<p>&nbsp;<\/p>\n<table border=\"1\" cellspacing=\"1\" cellpadding=\"1\">\n<tbody>\n<tr>\n<td><strong>Ladinakeelne nimi:<\/strong><\/td>\n<td><strong><img data-recalc-dims=\"1\" loading=\"lazy\" decoding=\"async\" src=\"https:\/\/i0.wp.com\/www.antstore.net\/shop\/images\/icons\/ants\/lateinname.jpg?resize=30%2C30&#038;ssl=1\" alt=\"\" width=\"30\" height=\"30\" \/><\/strong><\/td>\n<td><em>Aphaenogaster subterranea<\/em><\/td>\n<\/tr>\n<tr>\n<td><strong>Trivialname:<\/strong><\/td>\n<td><strong><img data-recalc-dims=\"1\" loading=\"lazy\" decoding=\"async\" src=\"https:\/\/i0.wp.com\/www.antstore.net\/shop\/images\/icons\/ants\/trivialname.jpg?resize=30%2C30&#038;ssl=1\" alt=\"\" width=\"30\" height=\"30\" \/><\/strong><\/td>\n<td>&#8211;<\/td>\n<\/tr>\n<tr>\n<td><strong>Taksonoomia:<\/strong><\/td>\n<td><strong><img data-recalc-dims=\"1\" loading=\"lazy\" decoding=\"async\" src=\"https:\/\/i0.wp.com\/www.antstore.net\/shop\/images\/icons\/ants\/taxonomie.jpg?resize=30%2C30&#038;ssl=1\" alt=\"\" width=\"30\" height=\"30\" \/><\/strong><\/td>\n<td><strong>Alamperekond:<\/strong> Myrmicinae <strong>H\u00f5im:<\/strong> Pheidolini<\/td>\n<\/tr>\n<tr>\n<td><strong>Taseme hoidmine:<\/strong><\/td>\n<td><strong><img data-recalc-dims=\"1\" loading=\"lazy\" decoding=\"async\" src=\"https:\/\/i0.wp.com\/www.antstore.net\/shop\/images\/icons\/ants\/haltungsklasse.jpg?resize=30%2C30&#038;ssl=1\" alt=\"\" width=\"30\" height=\"30\" \/><\/strong><\/td>\n<td><strong>(2) <\/strong>L\u00f5una-Euroopast p\u00e4rit liigid, kellel on k\u00f5rgemad n\u00f5uded toidu ja kliima suhtes.<\/td>\n<\/tr>\n<tr>\n<td><strong>Levik:<\/strong><\/td>\n<td><strong><img data-recalc-dims=\"1\" loading=\"lazy\" decoding=\"async\" src=\"https:\/\/i0.wp.com\/www.antstore.net\/shop\/images\/icons\/ants\/verbreitung.jpg?resize=30%2C30&#038;ssl=1\" alt=\"\" width=\"30\" height=\"30\" \/><\/strong><\/td>\n<td>L\u00f5una-Euroopa, V\u00e4ike-Aasia<\/td>\n<\/tr>\n<tr>\n<td><span style=\"font-family: Arial;\"><b>Elupaik:<\/b><\/span><\/td>\n<td><strong><img data-recalc-dims=\"1\" loading=\"lazy\" decoding=\"async\" src=\"https:\/\/i0.wp.com\/www.antstore.net\/shop\/images\/icons\/ants\/habitat.jpg?resize=30%2C30&#038;ssl=1\" alt=\"\" width=\"30\" height=\"30\" \/><\/strong><\/td>\n<td><span style=\"font-family: Arial;\">eelistab kserotermilisi, kuid niiskeid metsaaluseid, hekkideid.<\/span><\/td>\n<\/tr>\n<tr>\n<td><strong>Colonyform:<\/strong><\/td>\n<td><strong><img data-recalc-dims=\"1\" loading=\"lazy\" decoding=\"async\" src=\"https:\/\/i0.wp.com\/www.antstore.net\/shop\/images\/icons\/ants\/Kolonieform.jpg?resize=30%2C30&#038;ssl=1\" alt=\"\" width=\"30\" height=\"30\" \/><\/strong><\/td>\n<td>monogyne<\/td>\n<\/tr>\n<tr>\n<td><strong>Kuninganna:<\/strong><\/td>\n<td><strong><img data-recalc-dims=\"1\" loading=\"lazy\" decoding=\"async\" src=\"https:\/\/i0.wp.com\/www.antstore.net\/shop\/images\/icons\/ants\/koenigin.jpg?resize=30%2C30&#038;ssl=1\" alt=\"\" width=\"30\" height=\"30\" \/><\/strong><\/td>\n<td><strong>Suurus:<\/strong> 7 - 8mm <strong>V\u00e4rv:<\/strong> amberbrown<\/td>\n<\/tr>\n<tr>\n<td><strong>T\u00f6\u00f6taja:<\/strong><\/td>\n<td><img data-recalc-dims=\"1\" loading=\"lazy\" decoding=\"async\" src=\"https:\/\/i0.wp.com\/www.antstore.net\/shop\/images\/icons\/ants\/arbeiterin.jpg?resize=30%2C30&#038;ssl=1\" alt=\"\" width=\"30\" height=\"30\" \/><\/td>\n<td><strong>Suurus:<\/strong><span style=\"font-family: Arial;\"> 3 - 4,7mm <\/span><strong>V\u00e4rv:<\/strong><span style=\"font-family: Arial;\"> amberbrown<\/span><\/td>\n<\/tr>\n<tr>\n<td><strong>S\u00f5dur:<\/strong><\/td>\n<td><img data-recalc-dims=\"1\" loading=\"lazy\" decoding=\"async\" src=\"https:\/\/i0.wp.com\/www.antstore.net\/shop\/images\/icons\/ants\/soldaten.jpg?resize=30%2C30&#038;ssl=1\" alt=\"\" width=\"30\" height=\"30\" \/><\/td>\n<td>ei ole kohal<\/td>\n<\/tr>\n<tr>\n<td><strong>Mehed:<\/strong><\/td>\n<td><img data-recalc-dims=\"1\" loading=\"lazy\" decoding=\"async\" src=\"https:\/\/i0.wp.com\/www.antstore.net\/shop\/images\/icons\/ants\/maennchen.jpg?resize=30%2C30&#038;ssl=1\" alt=\"\" width=\"30\" height=\"30\" \/><\/td>\n<td><strong>Suurus:<\/strong> 4 - 4,5 mm<strong> V\u00e4rv:<\/strong> l\u00e4ikiv kollakaspruun<\/td>\n<\/tr>\n<tr>\n<td><b><span style=\"font-family: Arial;\">Toitumine<\/span><\/b><\/td>\n<td><img data-recalc-dims=\"1\" loading=\"lazy\" decoding=\"async\" src=\"https:\/\/i0.wp.com\/www.antstore.net\/shop\/images\/icons\/ants\/nahrung.jpg?resize=30%2C30&#038;ssl=1\" alt=\"\" width=\"30\" height=\"30\" \/><\/td>\n<td>Putukad, nt kahejalgsed nagu k\u00e4rbsed v\u00f5i <span style=\"font-family: Arial;\">s\u00e4\u00e4sed<\/span><\/td>\n<\/tr>\n<tr>\n<td><strong>\u00d5huniiskus:<\/strong><\/td>\n<td><strong><img data-recalc-dims=\"1\" loading=\"lazy\" decoding=\"async\" src=\"https:\/\/i0.wp.com\/www.antstore.net\/shop\/images\/icons\/ants\/feuchtigkeit.jpg?resize=30%2C30&#038;ssl=1\" alt=\"\" width=\"30\" height=\"30\" \/><\/strong><\/td>\n<td><strong>Arena:<\/strong> 30 &#8211; 50% <strong>Nestpart:<\/strong> 50 &#8211; 70%<\/td>\n<\/tr>\n<tr>\n<td><strong>Temperatuur:<\/strong><\/td>\n<td><strong><img data-recalc-dims=\"1\" loading=\"lazy\" decoding=\"async\" src=\"https:\/\/i0.wp.com\/www.antstore.net\/shop\/images\/icons\/ants\/temperatur.jpg?resize=30%2C30&#038;ssl=1\" alt=\"\" width=\"30\" height=\"30\" \/><\/strong><\/td>\n<td><strong>Arena:<\/strong> 18 - 28\u00b0C <strong>Nestpart:<\/strong> 21 - 24\u00b0C<\/td>\n<\/tr>\n<tr>\n<td><strong>Hibernatsioon:<\/strong><\/td>\n<td><img data-recalc-dims=\"1\" loading=\"lazy\" decoding=\"async\" src=\"https:\/\/i0.wp.com\/www.antstore.net\/shop\/images\/icons\/ants\/winterruhe.jpg?resize=30%2C30&#038;ssl=1\" alt=\"\" width=\"30\" height=\"30\" \/><\/td>\n<td>jah, novembri l\u00f5pust kuni veebruari l\u00f5puni 15 \u00b0C juures.<\/td>\n<\/tr>\n<tr>\n<td><strong>Nestform:<\/strong><\/td>\n<td><img data-recalc-dims=\"1\" loading=\"lazy\" decoding=\"async\" src=\"https:\/\/i0.wp.com\/www.antstore.net\/shop\/images\/icons\/ants\/nestform.jpg?resize=30%2C30&#038;ssl=1\" alt=\"\" width=\"30\" height=\"30\" \/><\/td>\n<td>Ehitavad oma pesa pinnasesse ka m\u00e4danenud puitu.<\/td>\n<\/tr>\n<tr>\n<td><strong>Liik Formicaria:<\/strong><\/td>\n<td><img data-recalc-dims=\"1\" loading=\"lazy\" decoding=\"async\" src=\"https:\/\/i0.wp.com\/www.antstore.net\/shop\/images\/icons\/ants\/formicarienart.jpg?resize=30%2C30&#038;ssl=1\" alt=\"\" width=\"30\" height=\"30\" \/><\/td>\n<td>Farm, Farmbassein, bassein, raambassein, saar, akr\u00fc\u00fclsilinder, Ytong\/Plasternest, Digfix<\/td>\n<\/tr>\n<tr>\n<td><strong>Formicaria suurus:<\/strong><\/td>\n<td><strong><img data-recalc-dims=\"1\" loading=\"lazy\" decoding=\"async\" src=\"https:\/\/i0.wp.com\/www.antstore.net\/shop\/images\/icons\/ants\/formicariengroesse.jpg?resize=30%2C30&#038;ssl=1\" alt=\"\" width=\"30\" height=\"30\" \/><\/strong><\/td>\n<td><strong>Suurus:<\/strong> <strong><span style=\"color: #339966;\">M<\/span><\/strong><\/td>\n<\/tr>\n<tr>\n<td><strong>Substraat:<\/strong><\/td>\n<td><strong><img data-recalc-dims=\"1\" loading=\"lazy\" decoding=\"async\" src=\"https:\/\/i0.wp.com\/www.antstore.net\/shop\/images\/icons\/ants\/substrat.jpg?resize=30%2C30&#038;ssl=1\" alt=\"\" width=\"30\" height=\"30\" \/><\/strong><\/td>\n<td><strong>Farm:<\/strong> Liivamass, Kork <strong>Arena:<\/strong> Liiv, liiv-vaik<\/td>\n<\/tr>\n<tr>\n<td><strong>Istutamine:<\/strong><\/td>\n<td><img data-recalc-dims=\"1\" loading=\"lazy\" decoding=\"async\" src=\"https:\/\/i0.wp.com\/www.antstore.net\/shop\/images\/icons\/ants\/bepflanzung.jpg?resize=30%2C30&#038;ssl=1\" alt=\"\" width=\"30\" height=\"30\" \/><\/td>\n<td>sarnased metsaaladele, kus on sammal, rohi ja muud taimed.<\/td>\n<\/tr>\n<tr>\n<td><strong>Kaunistus:<\/strong><\/td>\n<td><img data-recalc-dims=\"1\" loading=\"lazy\" decoding=\"async\" src=\"https:\/\/i0.wp.com\/www.antstore.net\/shop\/images\/icons\/ants\/dekoration.jpg?resize=30%2C30&#038;ssl=1\" alt=\"\" width=\"30\" height=\"30\" \/><\/td>\n<td>Oksad, juured, t\u00fcvev\u00f5rsed<\/td>\n<\/tr>\n<tr>\n<td><strong>Kirjeldus:<\/strong><\/td>\n<td><img data-recalc-dims=\"1\" loading=\"lazy\" decoding=\"async\" src=\"https:\/\/i0.wp.com\/www.antstore.net\/shop\/images\/icons\/ants\/beschreibung.jpg?resize=30%2C30&#038;ssl=1\" alt=\"\" width=\"30\" height=\"30\" \/><\/td>\n<td>Seda liiki leidub peamiselt L\u00f5una-Hispaanias ja see on v\u00e4ga tundlik kliimak\u00f5ikumiste suhtes.  Elupaikade j\u00e4rkj\u00e4rgulise kadumise t\u00f5ttu on see sipelgaliik Saksamaal \"punases nimekirjas\".<\/td>\n<\/tr>\n<tr>\n<td><strong>Areng:<\/strong><\/td>\n<td><strong><img data-recalc-dims=\"1\" loading=\"lazy\" decoding=\"async\" src=\"https:\/\/i0.wp.com\/www.antstore.net\/shop\/images\/icons\/ants\/entwicklung.jpg?resize=30%2C30&#038;ssl=1\" alt=\"\" width=\"30\" height=\"30\" \/><\/strong><\/td>\n<td><strong>paarituslennud:<\/strong> Juulist augustini<br \/>\n<strong>asutamine:<\/strong><span style=\"font-family: Arial;\">\u00a0 claustral (ilma s\u00f6\u00f6tmiseta) <\/span><br \/>\n<strong>koloonia:<\/strong><span style=\"font-family: Arial;\"> kuni paar 1.000 \u00fcksikisikut<\/span><\/td>\n<\/tr>\n<tr>\n<td><strong>Kogus:<\/strong><\/td>\n<td><img data-recalc-dims=\"1\" loading=\"lazy\" decoding=\"async\" src=\"https:\/\/i0.wp.com\/www.antstore.net\/shop\/images\/icons\/ants\/menge.jpg?resize=30%2C30&#038;ssl=1\" alt=\"\" width=\"30\" height=\"30\" \/><\/td>\n<td>\u00fcks viljastatud kuninganna koos emasloomadega (vt valik); haude (s\u00f5ltuvalt aastaajast ja arengust).<\/td>\n<\/tr>\n<tr>\n<td><strong>Veebilinkid:<\/strong><\/td>\n<td><a href=\"http:\/\/www.antstore.net\/viewforum.php?f=9\"><span style=\"color: #0000ff;\"><img data-recalc-dims=\"1\" loading=\"lazy\" decoding=\"async\" src=\"https:\/\/i0.wp.com\/www.antstore.net\/shop\/images\/icons\/ants\/weblinks.jpg?resize=30%2C30&#038;ssl=1\" alt=\"\" width=\"30\" height=\"30\" \/><\/span><\/a><\/td>\n<td><a href=\"http:\/\/www.antstore.net\/viewforum.php?f=26\"><span style=\"color: #0000ff;\">- Foorum<\/span><\/a><\/p>\n<p><span style=\"color: #0000ff;\"><a href=\"http:\/\/www.antweb.org\/description.do?genus=aphaenogaster&amp;name=subterranea&amp;rank=species\">- Viide<\/a><\/span><\/td>\n<\/tr>\n<\/tbody>\n<\/table>\n<p>&nbsp;<\/p>","protected":false},"excerpt":{"rendered":"<p>Taseme 2 s\u00e4ilitamine<br \/>\nSuurus: <strong>M<\/strong><\/p>","protected":false},"featured_media":3326,"comment_status":"open","ping_status":"closed","template":"","meta":{"_acf_changed":false,"content-type":"","_monsterinsights_skip_tracking":false,"_monsterinsights_sitenote_active":false,"_monsterinsights_sitenote_note":"","_monsterinsights_sitenote_category":0},"product_brand":[],"product_cat":[114,112,108,109],"product_tag":[],"class_list":{"0":"post-2730","1":"product","2":"type-product","3":"status-publish","4":"has-post-thumbnail","6":"product_cat-africa","7":"product_cat-asia","8":"product_cat-northern-europe","9":"product_cat-southern-europe","11":"first","12":"instock","13":"product-type-external"},"acf":[],"aioseo_notices":[],"jetpack_sharing_enabled":true,"_links":{"self":[{"href":"https:\/\/antcube.shop\/et\/wp-json\/wp\/v2\/product\/2730","targetHints":{"allow":["GET"]}}],"collection":[{"href":"https:\/\/antcube.shop\/et\/wp-json\/wp\/v2\/product"}],"about":[{"href":"https:\/\/antcube.shop\/et\/wp-json\/wp\/v2\/types\/product"}],"replies":[{"embeddable":true,"href":"https:\/\/antcube.shop\/et\/wp-json\/wp\/v2\/comments?post=2730"}],"wp:featuredmedia":[{"embeddable":true,"href":"https:\/\/antcube.shop\/et\/wp-json\/wp\/v2\/media\/3326"}],"wp:attachment":[{"href":"https:\/\/antcube.shop\/et\/wp-json\/wp\/v2\/media?parent=2730"}],"wp:term":[{"taxonomy":"product_brand","embeddable":true,"href":"https:\/\/antcube.shop\/et\/wp-json\/wp\/v2\/product_brand?post=2730"},{"taxonomy":"product_cat","embeddable":true,"href":"https:\/\/antcube.shop\/et\/wp-json\/wp\/v2\/product_cat?post=2730"},{"taxonomy":"product_tag","embeddable":true,"href":"https:\/\/antcube.shop\/et\/wp-json\/wp\/v2\/product_tag?post=2730"}],"curies":[{"name":"wp","href":"https:\/\/api.w.org\/{rel}","templated":true}]}}