{"id":2728,"date":"2021-10-08T12:02:35","date_gmt":"2021-10-08T10:02:35","guid":{"rendered":"https:\/\/antcube.shop\/produkt\/antcube-starter-set-fur-blattschneiderarten-klein\/"},"modified":"2026-04-13T09:33:20","modified_gmt":"2026-04-13T07:33:20","slug":"antcube-starter-set-fur-blattschneiderarten-klein","status":"publish","type":"product","link":"https:\/\/antcube.shop\/et\/toode\/antcube-starter-set-fur-blattschneiderarten-klein\/","title":{"rendered":"ANTCUBE - Stardikomplekt lehepeksja sipelgate jaoks - v\u00e4ike"},"content":{"rendered":"<p><span data-text-color=\"alert\"><strong>UUS alates 04\/2024:<\/strong><\/span><br \/>\n<strong>S\u00f6\u00f6tmisbassein tarnitakse n\u00fc\u00fcd 20x20x40cm k\u00f5rguse areenina. See j\u00e4tab rohkem ruumi toidu jaoks.<\/strong><br \/>\n<strong>Oleme asendanud vanad pistikud t\u00e4iesti l\u00e4bipaistvate uute pistikutega, sealhulgas t\u00e4iesti l\u00e4bipaistvate mutritega.<\/strong><br \/>\n<strong>Samuti oleme lisanud formicarium-padjad k\u00f5ikidele basseinidele (m\u00f6\u00f6bli ja basseinide kaitseks ning vibratsiooni vastu).<\/strong><\/p>\n<p>&nbsp;<\/p>\n<p><strong>Sisaldab:<\/strong><\/p>\n<p>2x ANTCUBE Arena 20x20x20cm<br \/>\n1x ANTCUBE Arena 20x20x40cm k\u00f5rge<br \/>\n3x sipelgaplatsi raam 20x20cm<br \/>\n3x sipelgaplatsi kate 20x20cm<br \/>\n12x kinnituspunkt areenikatte jaoks<\/p>\n<p>1x sipelgatoru - kristallselge 32mm - 1m (poolitatud)<br \/>\n1x substraat - vihmamets - 1 kg<br \/>\n1x Formicarium graanulid 200ml - bee\u017e<br \/>\n3x formikaariumi alus 20\u00d720<\/p>\n<p>2x formicarium-topperid 50mm augu jaoks<br \/>\n5x Grid insert acrylic &#8211; 50 mm with sealing ring<br \/>\n2x Grid insert acrylic &#8211; 27 mm with sealing ring<br \/>\n4x mahuti\u00fchendus 3\/4\" kuni 32mm - kristallselge<br \/>\n4x Formicarium mutter 3\/4 tolli - kristallselge<\/p>\n<p>1x Foil thermometer Display<br \/>\n1x drinking clear 5ml &#8211; sponge<br \/>\n1x Pintsetid vedrusterasest - lai - pehme<br \/>\n1x Formicarium pintsetid - plastikust<br \/>\n1x k\u00e4sil\u00e4\u00e4tse - 2x - 30mm<br \/>\n1x sipelgap\u00f5letiku kaitse\u00f5li 10ml<br \/>\n1x vahtplasti klaasipuhasti 150x18x2,5mm<br \/>\n1x pihustuspudel 0,5 liitrine pihusti - messingist otsikuga<br \/>\n1x Roosi kroonlehed 100g - kuivatatud<br \/>\n2x foto tagasein - vihmamets - 20\u00d720<br \/>\n1x foto tagasein - vihmamets - 20\u00d740 k\u00f5rge<\/p>\n<p><strong>Kirjeldus:<\/strong><br \/>\nThis expandable starter set for all leafcutter ant species contains, in addition to the optimally adapted formicarium, the appropriate accessories for keeping these ants. The basins are easy to use for feeding and cleaning. The large holes (27 mm) and tubes not only make it easy to observe the ants, they also allow the animals to remove large pieces of leaf. The stainless steel mesh inserts ensure good ventilation and are robust against mechanical impact. Even large colonies of leaf-cutter ants, which are very fond of cutting, are unable to penetrate them. The sturdy tube connectors are also absolutely bite-proof. The humidity can be increased using the spray bottle.<\/p>\n<p><strong>Oluline:<\/strong> Palun niisutage substraati enne kasutamist, et segu saaks sipelgap\u00f5llul siduda ja kindlalt kinni pidada. Lisaks sellele, kui substraat on liiga kuiv ja tolmune, v\u00f5ivad sipelgate hingamisteed ummistuda ja halvimal juhul v\u00f5ivad loomad l\u00e4mbuda.<\/p>\n<p><strong>M\u00e4rkused tootmise kohta<\/strong><br \/>\nKlaas l\u00f5igatakse m\u00f5\u00f5tu vastavalt standardile DIN 1249, lubatud h\u00e4lve on +\/- 1 mm. T\u00e4iendav p\u00f5genemiskaitse on \u00e4\u00e4rmiselt v\u00e4ikeste sipelgaliikide puhul h\u00e4davajalik.<\/p>","protected":false},"excerpt":{"rendered":"<p>Komplekt koosneb 43 osast<br \/>\nSuurus: <span style=\"color: #ed1c24;\"><strong>XL<\/strong><\/span><\/p>","protected":false},"featured_media":7666,"comment_status":"open","ping_status":"closed","template":"","meta":{"_acf_changed":false,"content-type":"","_monsterinsights_skip_tracking":false,"_monsterinsights_sitenote_active":false,"_monsterinsights_sitenote_note":"","_monsterinsights_sitenote_category":0},"product_brand":[],"product_cat":[73,79],"product_tag":[],"class_list":{"0":"post-2728","1":"product","2":"type-product","3":"status-publish","4":"has-post-thumbnail","6":"product_cat-starter-sets","7":"product_cat-starter-sets-for-leafcutter-ants","9":"first","10":"outofstock","11":"taxable","12":"shipping-taxable","13":"purchasable","14":"product-type-simple"},"acf":[],"aioseo_notices":[],"jetpack_sharing_enabled":true,"_links":{"self":[{"href":"https:\/\/antcube.shop\/et\/wp-json\/wp\/v2\/product\/2728","targetHints":{"allow":["GET"]}}],"collection":[{"href":"https:\/\/antcube.shop\/et\/wp-json\/wp\/v2\/product"}],"about":[{"href":"https:\/\/antcube.shop\/et\/wp-json\/wp\/v2\/types\/product"}],"replies":[{"embeddable":true,"href":"https:\/\/antcube.shop\/et\/wp-json\/wp\/v2\/comments?post=2728"}],"wp:featuredmedia":[{"embeddable":true,"href":"https:\/\/antcube.shop\/et\/wp-json\/wp\/v2\/media\/7666"}],"wp:attachment":[{"href":"https:\/\/antcube.shop\/et\/wp-json\/wp\/v2\/media?parent=2728"}],"wp:term":[{"taxonomy":"product_brand","embeddable":true,"href":"https:\/\/antcube.shop\/et\/wp-json\/wp\/v2\/product_brand?post=2728"},{"taxonomy":"product_cat","embeddable":true,"href":"https:\/\/antcube.shop\/et\/wp-json\/wp\/v2\/product_cat?post=2728"},{"taxonomy":"product_tag","embeddable":true,"href":"https:\/\/antcube.shop\/et\/wp-json\/wp\/v2\/product_tag?post=2728"}],"curies":[{"name":"wp","href":"https:\/\/api.w.org\/{rel}","templated":true}]}}