{"id":12444,"date":"2025-09-30T10:08:25","date_gmt":"2025-09-30T08:08:25","guid":{"rendered":"https:\/\/antcube.shop\/en\/product\/poster-lasius-niger-lebensweise-70x50\/"},"modified":"2026-04-15T09:42:33","modified_gmt":"2026-04-15T07:42:33","slug":"plakat-lasius-niger-way-of-life-70x50","status":"publish","type":"product","link":"https:\/\/antcube.shop\/et\/toode\/plakat-lasius-niger-way-of-life-70x50\/","title":{"rendered":"Plakat - Lasius niger eluviis - 70\u00d750"},"content":{"rendered":"<p><strong>M\u00f5\u00f5tmed:<\/strong> 70\u00d750 cm<\/p>\n<p><strong>Materjal:<\/strong> Latekspaber<br \/>\nSee paber on veekindel, p\u00fchkimiskindel, vastupidav, keskkonnas\u00f5bralik, kuna ei sisalda keskkonnale kahjulikke lahusteid, ja annab suurep\u00e4rase tr\u00fckikvaliteedi.<\/p>\n<p><strong>Kirjeldus:<\/strong> See plakat annab selge \u00fclevaate Lasius niger - musta sipelga eluviisist. See on \u00fcks k\u00f5ige levinumaid ja tuntumaid sipelgaliike Euroopas ning v\u00f5ib-olla isegi \u00fcks populaarsemaid oma perekonna esindajaid kogu maailmas.<\/p>\n<p><strong>Oluline - lisateave:<\/strong> <a href=\"https:\/\/www.ants.de\/link\/1006\">Siin<\/a> leiate plakatilt \u00fcksikute stseenide \u00fcksikasjaliku kirjelduse. Need ei ole lisatud, kuid nendega saab tutvuda ja need eraldi v\u00e4lja printida j\u00e4rgmise lingi kaudu. <a href=\"https:\/\/www.ants.de\/link\/1006\">https:\/\/www.ants.de\/link\/1006<\/a><\/p>","protected":false},"excerpt":{"rendered":"<p>Suurus: 70\u00d750 cm<\/p>","protected":false},"featured_media":12453,"comment_status":"open","ping_status":"closed","template":"","meta":{"_acf_changed":false,"content-type":"","_monsterinsights_skip_tracking":false,"_monsterinsights_sitenote_active":false,"_monsterinsights_sitenote_note":"","_monsterinsights_sitenote_category":0},"product_brand":[484],"product_cat":[547,500,245],"product_tag":[],"class_list":{"0":"post-12444","1":"product","2":"type-product","3":"status-publish","4":"has-post-thumbnail","6":"product_brand-antcube","7":"product_cat-all-products","8":"product_cat-ant-posters-and-teaching-aids","9":"product_cat-merchandise","11":"first","12":"instock","13":"taxable","14":"shipping-taxable","15":"purchasable","16":"product-type-simple"},"acf":[],"aioseo_notices":[],"jetpack_sharing_enabled":true,"_links":{"self":[{"href":"https:\/\/antcube.shop\/et\/wp-json\/wp\/v2\/product\/12444","targetHints":{"allow":["GET"]}}],"collection":[{"href":"https:\/\/antcube.shop\/et\/wp-json\/wp\/v2\/product"}],"about":[{"href":"https:\/\/antcube.shop\/et\/wp-json\/wp\/v2\/types\/product"}],"replies":[{"embeddable":true,"href":"https:\/\/antcube.shop\/et\/wp-json\/wp\/v2\/comments?post=12444"}],"wp:featuredmedia":[{"embeddable":true,"href":"https:\/\/antcube.shop\/et\/wp-json\/wp\/v2\/media\/12453"}],"wp:attachment":[{"href":"https:\/\/antcube.shop\/et\/wp-json\/wp\/v2\/media?parent=12444"}],"wp:term":[{"taxonomy":"product_brand","embeddable":true,"href":"https:\/\/antcube.shop\/et\/wp-json\/wp\/v2\/product_brand?post=12444"},{"taxonomy":"product_cat","embeddable":true,"href":"https:\/\/antcube.shop\/et\/wp-json\/wp\/v2\/product_cat?post=12444"},{"taxonomy":"product_tag","embeddable":true,"href":"https:\/\/antcube.shop\/et\/wp-json\/wp\/v2\/product_tag?post=12444"}],"curies":[{"name":"wp","href":"https:\/\/api.w.org\/{rel}","templated":true}]}}