{"id":12288,"date":"2025-09-02T09:53:21","date_gmt":"2025-09-02T07:53:21","guid":{"rendered":"https:\/\/antcube.shop\/en\/product\/antcube-nest-30x30-liegend\/"},"modified":"2026-02-26T10:38:03","modified_gmt":"2026-02-26T09:38:03","slug":"antcube-pesas-30x30-lamades","status":"publish","type":"product","link":"https:\/\/antcube.shop\/et\/toode\/antcube-pesas-30x30-lamades\/","title":{"rendered":"ANTCUBE - Pesa 30\u00d730 - lamades"},"content":{"rendered":"<p><strong>M\u00f5\u00f5tmed:<\/strong><br \/>\nPesa: 290 x 290 x 28 mm<br \/>\nKlaaskate: 290 x 290 x 4 mm<\/p>\n<p><strong>Materjal:<\/strong><br \/>\nFloat-klaas, plastik<\/p>\n<p><strong>V\u00e4rv:<\/strong><br \/>\nKristallselge<\/p>\n<p><strong>Sisu:<\/strong><br \/>\n1x ANTCUBE - Nest 30\u00d730 - horisontaalne kahe \u00fchenduspesaga L 20\/16<br \/>\n1x klaasist kate 27mm auguga<\/p>\n<p><strong>\u00dchendus: <\/strong>2x 14\/16\/18\/20 x 20mm muhvid<\/p>\n<p>14\/10 voolik on tihedalt sisestatud 14 mm muhvi sisse.<br \/>\n20\/16 voolik sisestatakse tihedalt esimesse 16 mm astmesse.<br \/>\n22\/18 voolik sisestatakse tihedalt teise 20 mm astmesse.<\/p>\n<p><strong>Kirjeldus: <\/strong>Meie horisontaalsel pesal on kaks \u00fchenduspesa, mille k\u00fclge saab voolikuid v\u00f5i torusid kinnitada. Alternatiivselt saab need turvaliselt sulgeda sobivate plast- v\u00f5i v\u00f5rgukorkidega.<\/p>\n<p>Suuremate sipelgaliikide, n\u00e4iteks erinevate Camponotus liikide puhul soovitame seda kombineerida \u00fche meie eraldi saadaval oleva korgipesaga. Kuid pesa v\u00f5ib t\u00e4ita ka substraadiga.<\/p>\n<p>Kaane on eemaldatav ja sobib t\u00e4nu kummeeritud servale kindlalt sipelgap\u00f5llule. Keskel on 27 mm auk, mida kasutatakse pesa sisemuse niisutamiseks. S\u00f5ltuvalt soovitud niiskusest saab selle ava sulgeda kas v\u00f5rkpesa v\u00f5i formicarium-tulpaga.<\/p>\n<p>Lisavarustusena on saadaval punane kate, mis muudab pesa tumedamaks ja v\u00f5ib s\u00f5ltuvalt peetavatest liikidest avaldada positiivset m\u00f5ju koloonia arengule.<\/p>\n<p><strong>Tootmisalane teave<\/strong><br \/>\nKlaas on l\u00f5igatud vastavalt DIN 1249 standardile, lubatud h\u00e4lve on +\/- 1 mm. V\u00e4ga v\u00e4ikeste sipelgaliikide puhul on oluline t\u00e4iendav v\u00e4lja murdumiskaitse.<\/p>\n<p><strong>M\u00e4rkus \u00fchenduspesade kohta<\/strong><br \/>\nVoolikute kinnitamisel v\u00f5i eemaldamisel v\u00f5tke arvesse j\u00e4rgmist:<br \/>\nKui voolikut on v\u00e4ga raske \u00fchendusmuhvile asetada, tuleks muhvi kergelt h\u00f5\u00f5ruda tilga meie katkestuskaitse\u00f5li v\u00f5i -pulbriga. Seej\u00e4rel tuleb voolik keerates v\u00f5i keerates seda pistikupesale l\u00fckata, ilma et see suruks pistikupesale \u00fcles- v\u00f5i allapoole. Sama kehtib ka voolikute eemaldamisel pistikupesast. \u00c4rge t\u00f5mmake neid lihtsalt maha!<\/p>","protected":false},"excerpt":{"rendered":"<p>\u00dchendus: 2x 14\/16\/18\/20 mm pistikupesa<br \/>\nSuurus: L<\/p>","protected":false},"featured_media":12293,"comment_status":"open","ping_status":"closed","template":"","meta":{"_acf_changed":false,"content-type":"","_monsterinsights_skip_tracking":false,"_monsterinsights_sitenote_active":false,"_monsterinsights_sitenote_note":"","_monsterinsights_sitenote_category":0},"product_brand":[484],"product_cat":[257,80,83,86],"product_tag":[],"class_list":{"0":"post-12288","1":"product","2":"type-product","3":"status-publish","4":"has-post-thumbnail","6":"product_brand-antcube","7":"product_cat-new-innovatve-products","8":"product_cat-antfarms","9":"product_cat-antfarms-l","10":"product_cat-formicariums","12":"first","13":"instock","14":"taxable","15":"shipping-taxable","16":"purchasable","17":"product-type-simple"},"acf":[],"aioseo_notices":[],"jetpack_sharing_enabled":true,"_links":{"self":[{"href":"https:\/\/antcube.shop\/et\/wp-json\/wp\/v2\/product\/12288","targetHints":{"allow":["GET"]}}],"collection":[{"href":"https:\/\/antcube.shop\/et\/wp-json\/wp\/v2\/product"}],"about":[{"href":"https:\/\/antcube.shop\/et\/wp-json\/wp\/v2\/types\/product"}],"replies":[{"embeddable":true,"href":"https:\/\/antcube.shop\/et\/wp-json\/wp\/v2\/comments?post=12288"}],"wp:featuredmedia":[{"embeddable":true,"href":"https:\/\/antcube.shop\/et\/wp-json\/wp\/v2\/media\/12293"}],"wp:attachment":[{"href":"https:\/\/antcube.shop\/et\/wp-json\/wp\/v2\/media?parent=12288"}],"wp:term":[{"taxonomy":"product_brand","embeddable":true,"href":"https:\/\/antcube.shop\/et\/wp-json\/wp\/v2\/product_brand?post=12288"},{"taxonomy":"product_cat","embeddable":true,"href":"https:\/\/antcube.shop\/et\/wp-json\/wp\/v2\/product_cat?post=12288"},{"taxonomy":"product_tag","embeddable":true,"href":"https:\/\/antcube.shop\/et\/wp-json\/wp\/v2\/product_tag?post=12288"}],"curies":[{"name":"wp","href":"https:\/\/api.w.org\/{rel}","templated":true}]}}