{"id":12285,"date":"2025-09-02T09:52:58","date_gmt":"2025-09-02T07:52:58","guid":{"rendered":"https:\/\/antcube.shop\/en\/product\/antcube-korknest-20x20-liegend\/"},"modified":"2026-04-01T13:28:21","modified_gmt":"2026-04-01T11:28:21","slug":"antcube-korkpesa-20x20-lamav","status":"publish","type":"product","link":"https:\/\/antcube.shop\/et\/toode\/antcube-korkpesa-20x20-lamav\/","title":{"rendered":"ANTCUBE - Corknest 20\u00d720 - lamades"},"content":{"rendered":"<p><strong>M\u00f5\u00f5tmed:<\/strong> 180x180x28mm<\/p>\n<p><strong>Materjal: <\/strong>Kork (trahvi)<\/p>\n<p><strong>Taotlus:<\/strong><br \/>\nSobib ainult meie ANTCUBE - Nest 20\u00d720 - horisontaalne<\/p>\n<p><strong>Kirjeldus:\u00a0<\/strong><br \/>\nSee eelnevalt ehitatud tunnelite ja kambritega korgipesa sobib paljudele sipelgaliikidele, eriti neile, kes pesitsevad (surnud) puidus. Sellel on kaks auku, mis toimivad pesa sissep\u00e4\u00e4sudena.<\/p>\n<p>Kork on looduslik, keemiliselt neutraalne materjal. Selle struktuur on vedelikele mittel\u00e4bilaskev, ei reageeri keemiliselt ja j\u00e4\u00e4b seet\u00f5ttu pikka aega puutumatuks. Siiski v\u00f5ib p\u00fcsivalt k\u00f5rge niiskusesisaldus soodustada m\u00e4danemist ja l\u00fchendada pesa eluiga. \u00dcldiselt on kork v\u00e4ga vastupidav lagunemisele ning seene- ja hallitusseentele. Selle eriline pind ja struktuur pakuvad seentele v\u00e4he sobivat kasvupinda. Sellegipoolest v\u00f5ivad toiduj\u00e4\u00e4gid, v\u00e4ljaheited v\u00f5i muud orgaanilised ained soodustada hallituse kasvu.<\/p>\n<p>Seet\u00f5ttu soovitame korgipesades hoida kuivematest piirkondadest p\u00e4rit sipelgaliike. Siiski v\u00f5ib neis hoida ka niiskematest elupaikadest p\u00e4rit liike - enamiku puhul ei ole m\u00e4danemine probleemiks. Paljud P\u00f5hja-Euroopas leiduvad sipelgaliigid, nagu Camponotus herculeanus v\u00f5i Formica fusca, on isegi looduslikult kohanenud m\u00e4danenud v\u00f5i osaliselt lagunenud puiduga.<\/p>","protected":false},"excerpt":{"rendered":"<p>Suurus: 180x180x28mm<\/p>","protected":false},"featured_media":12290,"comment_status":"open","ping_status":"closed","template":"","meta":{"_acf_changed":false,"content-type":"","_monsterinsights_skip_tracking":false,"_monsterinsights_sitenote_active":false,"_monsterinsights_sitenote_note":"","_monsterinsights_sitenote_category":0},"product_brand":[484],"product_cat":[257,87,89],"product_tag":[],"class_list":{"0":"post-12285","1":"product","2":"type-product","3":"status-publish","4":"has-post-thumbnail","6":"product_brand-antcube","7":"product_cat-new-innovatve-products","8":"product_cat-nest-insets","9":"product_cat-cork","11":"first","12":"instock","13":"taxable","14":"shipping-taxable","15":"purchasable","16":"product-type-simple"},"acf":[],"aioseo_notices":[],"jetpack_sharing_enabled":true,"_links":{"self":[{"href":"https:\/\/antcube.shop\/et\/wp-json\/wp\/v2\/product\/12285","targetHints":{"allow":["GET"]}}],"collection":[{"href":"https:\/\/antcube.shop\/et\/wp-json\/wp\/v2\/product"}],"about":[{"href":"https:\/\/antcube.shop\/et\/wp-json\/wp\/v2\/types\/product"}],"replies":[{"embeddable":true,"href":"https:\/\/antcube.shop\/et\/wp-json\/wp\/v2\/comments?post=12285"}],"wp:featuredmedia":[{"embeddable":true,"href":"https:\/\/antcube.shop\/et\/wp-json\/wp\/v2\/media\/12290"}],"wp:attachment":[{"href":"https:\/\/antcube.shop\/et\/wp-json\/wp\/v2\/media?parent=12285"}],"wp:term":[{"taxonomy":"product_brand","embeddable":true,"href":"https:\/\/antcube.shop\/et\/wp-json\/wp\/v2\/product_brand?post=12285"},{"taxonomy":"product_cat","embeddable":true,"href":"https:\/\/antcube.shop\/et\/wp-json\/wp\/v2\/product_cat?post=12285"},{"taxonomy":"product_tag","embeddable":true,"href":"https:\/\/antcube.shop\/et\/wp-json\/wp\/v2\/product_tag?post=12285"}],"curies":[{"name":"wp","href":"https:\/\/api.w.org\/{rel}","templated":true}]}}