{"id":11501,"date":"2025-04-25T15:14:28","date_gmt":"2025-04-25T13:14:28","guid":{"rendered":"https:\/\/antcube.shop\/en\/product\/poster-blattschneiderameisen-atta-lebensweise-100x70\/"},"modified":"2026-01-12T12:41:46","modified_gmt":"2026-01-12T11:41:46","slug":"plakat-lehepeksja-sipelgad-atta-way-of-life-100x70","status":"publish","type":"product","link":"https:\/\/antcube.shop\/et\/toode\/plakat-lehepeksja-sipelgad-atta-way-of-life-100x70\/","title":{"rendered":"Poster - Lehtk\u00e4rbseseened - Atta eluviis - 100\u00d770"},"content":{"rendered":"<p>Lehtk\u00e4rbse - Atta eluviis - Sipelga plakat ja \u00f5ppevahend koolidele\/lasteaedadele.<\/p>\n<p><strong>Kirjeldus on saadaval saksa, inglise, hispaania ja prantsuse keeles.<\/strong><\/p>\n<p><strong>M\u00f5\u00f5tmed:<\/strong> 100\u00d770 cm<\/p>\n<p><strong>Materjal:<\/strong> Latekspaber<br \/>\nSee paber on veekindel, p\u00fchkimiskindel, vastupidav, keskkonnas\u00f5bralik, kuna ei sisalda keskkonnale kahjulikke lahusteid, ja annab suurep\u00e4rase tr\u00fckikvaliteedi.<\/p>\n<p><strong>Kirjeldus:<\/strong> See plakat annab \u00fclevaate L\u00f5una- ja Kesk-Ameerika lehep\u00f5llumeeste liigi Atta eluviisist ja pesaehitusest.<\/p>\n<p><strong>Oluline - lisateave:<\/strong> <a href=\"https:\/\/www.ants.de\/link\/1002\">Siin<\/a> leiate plakatilt \u00fcksikute stseenide \u00fcksikasjaliku kirjelduse. Neid ei ole plakatiga kaasas, vaid neid saab eraldi v\u00e4lja printida j\u00e4rgmise lingi kaudu. <a href=\"https:\/\/www.ants.de\/link\/1002\">https:\/\/www.ants.de\/link\/1002<\/a><\/p>","protected":false},"excerpt":{"rendered":"<p>Lehtk\u00e4rbse - Atta eluviis - Sipelga plakat ja \u00f5ppevahend koolidele\/lasteaedadele. Kirjeldus saadaval saksa, inglise, hispaania ja prantsuse keeles: Materjal: 70x50 cm: See paber on veekindel, p\u00fchkimiskindel, vastupidav, keskkonnas\u00f5bralik, kuna ei sisalda keskkonnale kahjulikke lahusteid ja on suurep\u00e4rase tr\u00fckikvaliteediga. Kirjeldus: See plakat annab","protected":false},"featured_media":11401,"comment_status":"open","ping_status":"closed","template":"","meta":{"_acf_changed":false,"content-type":"","_monsterinsights_skip_tracking":false,"_monsterinsights_sitenote_active":false,"_monsterinsights_sitenote_note":"","_monsterinsights_sitenote_category":0},"product_brand":[484],"product_cat":[500],"product_tag":[],"class_list":{"0":"post-11501","1":"product","2":"type-product","3":"status-publish","4":"has-post-thumbnail","6":"product_brand-antcube","7":"product_cat-ant-posters-and-teaching-aids","9":"first","10":"instock","11":"taxable","12":"shipping-taxable","13":"purchasable","14":"product-type-simple"},"acf":[],"aioseo_notices":[],"jetpack_sharing_enabled":true,"_links":{"self":[{"href":"https:\/\/antcube.shop\/et\/wp-json\/wp\/v2\/product\/11501","targetHints":{"allow":["GET"]}}],"collection":[{"href":"https:\/\/antcube.shop\/et\/wp-json\/wp\/v2\/product"}],"about":[{"href":"https:\/\/antcube.shop\/et\/wp-json\/wp\/v2\/types\/product"}],"replies":[{"embeddable":true,"href":"https:\/\/antcube.shop\/et\/wp-json\/wp\/v2\/comments?post=11501"}],"wp:featuredmedia":[{"embeddable":true,"href":"https:\/\/antcube.shop\/et\/wp-json\/wp\/v2\/media\/11401"}],"wp:attachment":[{"href":"https:\/\/antcube.shop\/et\/wp-json\/wp\/v2\/media?parent=11501"}],"wp:term":[{"taxonomy":"product_brand","embeddable":true,"href":"https:\/\/antcube.shop\/et\/wp-json\/wp\/v2\/product_brand?post=11501"},{"taxonomy":"product_cat","embeddable":true,"href":"https:\/\/antcube.shop\/et\/wp-json\/wp\/v2\/product_cat?post=11501"},{"taxonomy":"product_tag","embeddable":true,"href":"https:\/\/antcube.shop\/et\/wp-json\/wp\/v2\/product_tag?post=11501"}],"curies":[{"name":"wp","href":"https:\/\/api.w.org\/{rel}","templated":true}]}}