{"id":11499,"date":"2025-04-25T15:12:26","date_gmt":"2025-04-25T13:12:26","guid":{"rendered":"https:\/\/antcube.shop\/en\/product\/poster-weberameisen-oecophylla-lebensweise-100x70\/"},"modified":"2026-01-12T12:41:38","modified_gmt":"2026-01-12T11:41:38","slug":"plakat-kuduja-sipelgad-oecophylla-eluviis-100x70","status":"publish","type":"product","link":"https:\/\/antcube.shop\/et\/toode\/plakat-kuduja-sipelgad-oecophylla-eluviis-100x70\/","title":{"rendered":"Poster - Weaver Ants - Oecophylla eluviis - 100\u00d770"},"content":{"rendered":"<p>Weaver Ants - Oecophylla life way of life - Ant Poster ja \u00f5ppevahend koolidele\/lasteaedadele.<\/p>\n<p><strong>Kirjeldus on saadaval saksa, inglise, hispaania ja prantsuse keeles.<\/strong><\/p>\n<p><strong>M\u00f5\u00f5tmed:<\/strong> 100\u00d770 cm<\/p>\n<p><strong>Materjal:<\/strong> Latekspaber<br \/>\nSee paber on veekindel, p\u00fchkimiskindel, vastupidav, keskkonnas\u00f5bralik, kuna ei sisalda keskkonnale kahjulikke lahusteid, ja annab suurep\u00e4rase tr\u00fckikvaliteedi.<\/p>\n<p><strong>Kirjeldus:<\/strong> See plakat annab \u00fclevaate Oecophylla, Aasiast, Aafrikast ja Austraaliast p\u00e4rit kootud sipelgaliikide eluviisist ja pesaehitusest.<\/p>\n<p><strong>Oluline - lisateave:<\/strong> <a href=\"https:\/\/www.ants.de\/link\/1003\">Siin<\/a> leiate plakatilt \u00fcksikute stseenide \u00fcksikasjaliku kirjelduse. Need ei ole lisatud, kuid nendega saab tutvuda ja need eraldi v\u00e4lja printida j\u00e4rgmise lingi kaudu. <a href=\"https:\/\/www.ants.de\/link\/1003\">https:\/\/www.ants.de\/link\/1003<\/a><\/p>","protected":false},"excerpt":{"rendered":"<p>Weaver Ants - Oecophylla life way of life - Ant Poster ja \u00f5ppevahend koolidele\/lasteaedadele. Kirjeldus saadaval saksa, inglise, hispaania ja prantsuse keeles: Materjal: 100x70 cm: Latekspaber See paber on veekindel, p\u00fchkimiskindel, vastupidav, keskkonnas\u00f5bralik, kuna ei sisalda keskkonnale kahjulikke lahusteid ja annab suurep\u00e4rase tr\u00fckikvaliteedi. Kirjeldus: See plakat annab","protected":false},"featured_media":11402,"comment_status":"open","ping_status":"closed","template":"","meta":{"_acf_changed":false,"content-type":"","_monsterinsights_skip_tracking":false,"_monsterinsights_sitenote_active":false,"_monsterinsights_sitenote_note":"","_monsterinsights_sitenote_category":0},"product_brand":[484],"product_cat":[500],"product_tag":[],"class_list":{"0":"post-11499","1":"product","2":"type-product","3":"status-publish","4":"has-post-thumbnail","6":"product_brand-antcube","7":"product_cat-ant-posters-and-teaching-aids","9":"first","10":"instock","11":"taxable","12":"shipping-taxable","13":"purchasable","14":"product-type-simple"},"acf":[],"aioseo_notices":[],"jetpack_sharing_enabled":true,"_links":{"self":[{"href":"https:\/\/antcube.shop\/et\/wp-json\/wp\/v2\/product\/11499","targetHints":{"allow":["GET"]}}],"collection":[{"href":"https:\/\/antcube.shop\/et\/wp-json\/wp\/v2\/product"}],"about":[{"href":"https:\/\/antcube.shop\/et\/wp-json\/wp\/v2\/types\/product"}],"replies":[{"embeddable":true,"href":"https:\/\/antcube.shop\/et\/wp-json\/wp\/v2\/comments?post=11499"}],"wp:featuredmedia":[{"embeddable":true,"href":"https:\/\/antcube.shop\/et\/wp-json\/wp\/v2\/media\/11402"}],"wp:attachment":[{"href":"https:\/\/antcube.shop\/et\/wp-json\/wp\/v2\/media?parent=11499"}],"wp:term":[{"taxonomy":"product_brand","embeddable":true,"href":"https:\/\/antcube.shop\/et\/wp-json\/wp\/v2\/product_brand?post=11499"},{"taxonomy":"product_cat","embeddable":true,"href":"https:\/\/antcube.shop\/et\/wp-json\/wp\/v2\/product_cat?post=11499"},{"taxonomy":"product_tag","embeddable":true,"href":"https:\/\/antcube.shop\/et\/wp-json\/wp\/v2\/product_tag?post=11499"}],"curies":[{"name":"wp","href":"https:\/\/api.w.org\/{rel}","templated":true}]}}