{"id":11496,"date":"2025-04-25T15:09:59","date_gmt":"2025-04-25T13:09:59","guid":{"rendered":"https:\/\/antcube.shop\/en\/product\/poster-feinde-der-ameisen-70x50\/"},"modified":"2026-02-03T16:29:11","modified_gmt":"2026-02-03T15:29:11","slug":"plakat-sipelgate-vaenlased-70x50","status":"publish","type":"product","link":"https:\/\/antcube.shop\/et\/toode\/plakat-sipelgate-vaenlased-70x50\/","title":{"rendered":"Plakat - Sipelgate vaenlased - 70\u00d750"},"content":{"rendered":"<p>Sipelgate vaenlased - sipelgaplakat ja \u00f5ppevahend koolidele\/lasteaedadele.<\/p>\n<p><strong>Kirjeldus on saadaval saksa, inglise, hispaania ja prantsuse keeles.<\/strong><\/p>\n<p><strong>M\u00f5\u00f5tmed:<\/strong> 70\u00d750 cm<\/p>\n<p><strong>Materjal:<\/strong> Latekspaber<br \/>\nSee paber on veekindel, p\u00fchkimiskindel, vastupidav, keskkonnas\u00f5bralik, kuna ei sisalda keskkonnale kahjulikke lahusteid, ja annab suurep\u00e4rase tr\u00fckikvaliteedi.<\/p>\n<p><strong>Kirjeldus:<\/strong> See plakat annab \u00fclevaate sipelgate looduslikest vaenlastest, alates tillukesest sipelgal\u00f5vist kuni meie inimesteni.<\/p>\n<p><strong>Oluline - lisateave:<\/strong> <a href=\"https:\/\/www.ants.de\/link\/1010\">Siin<\/a> leiate plakatilt \u00fcksikute stseenide \u00fcksikasjaliku kirjelduse. Need ei ole lisatud, kuid nendega saab tutvuda ja need eraldi v\u00e4lja printida j\u00e4rgmise lingi kaudu. <a href=\"https:\/\/www.ants.de\/link\/1010\">https:\/\/www.ants.de\/link\/1010<\/a><\/p>","protected":false},"excerpt":{"rendered":"<p>Sipelgate vaenlased - sipelgaplakat ja \u00f5ppevahend koolidele\/lasteaedadele. Kirjeldus saadaval saksa, inglise, hispaania ja prantsuse keeles: Materjal: 100x70 cm: Latekspaber See paber on veekindel, p\u00fchkimiskindel, vastupidav, keskkonnas\u00f5bralik, kuna ei sisalda keskkonnale kahjulikke lahusteid ja annab suurep\u00e4rase tr\u00fckikvaliteedi. Kirjeldus: See plakat annab \u00fclevaate","protected":false},"featured_media":11404,"comment_status":"open","ping_status":"closed","template":"","meta":{"_acf_changed":false,"content-type":"","_monsterinsights_skip_tracking":false,"_monsterinsights_sitenote_active":false,"_monsterinsights_sitenote_note":"","_monsterinsights_sitenote_category":0},"product_brand":[484],"product_cat":[500],"product_tag":[],"class_list":{"0":"post-11496","1":"product","2":"type-product","3":"status-publish","4":"has-post-thumbnail","6":"product_brand-antcube","7":"product_cat-ant-posters-and-teaching-aids","9":"first","10":"instock","11":"taxable","12":"shipping-taxable","13":"purchasable","14":"product-type-simple"},"acf":[],"aioseo_notices":[],"jetpack_sharing_enabled":true,"_links":{"self":[{"href":"https:\/\/antcube.shop\/et\/wp-json\/wp\/v2\/product\/11496","targetHints":{"allow":["GET"]}}],"collection":[{"href":"https:\/\/antcube.shop\/et\/wp-json\/wp\/v2\/product"}],"about":[{"href":"https:\/\/antcube.shop\/et\/wp-json\/wp\/v2\/types\/product"}],"replies":[{"embeddable":true,"href":"https:\/\/antcube.shop\/et\/wp-json\/wp\/v2\/comments?post=11496"}],"wp:featuredmedia":[{"embeddable":true,"href":"https:\/\/antcube.shop\/et\/wp-json\/wp\/v2\/media\/11404"}],"wp:attachment":[{"href":"https:\/\/antcube.shop\/et\/wp-json\/wp\/v2\/media?parent=11496"}],"wp:term":[{"taxonomy":"product_brand","embeddable":true,"href":"https:\/\/antcube.shop\/et\/wp-json\/wp\/v2\/product_brand?post=11496"},{"taxonomy":"product_cat","embeddable":true,"href":"https:\/\/antcube.shop\/et\/wp-json\/wp\/v2\/product_cat?post=11496"},{"taxonomy":"product_tag","embeddable":true,"href":"https:\/\/antcube.shop\/et\/wp-json\/wp\/v2\/product_tag?post=11496"}],"curies":[{"name":"wp","href":"https:\/\/api.w.org\/{rel}","templated":true}]}}