{"id":11494,"date":"2025-04-25T14:47:21","date_gmt":"2025-04-25T12:47:21","guid":{"rendered":"https:\/\/antcube.shop\/en\/product\/poster-ameisen-lebenszyklus-lasius-niger-50x70\/"},"modified":"2026-03-13T15:03:48","modified_gmt":"2026-03-13T14:03:48","slug":"plakati-sipelgate-elutsukkel-lasius-niger-50x70","status":"publish","type":"product","link":"https:\/\/antcube.shop\/et\/toode\/plakati-sipelgate-elutsukkel-lasius-niger-50x70\/","title":{"rendered":"Poster - Sipelga eluts\u00fckkel - Lasius niger - 50\u00d770"},"content":{"rendered":"<p>Sipelga eluts\u00fckkel - Lasius niger - Sipelga plakat ja \u00f5ppevahend koolidele\/lasteaedadele.<\/p>\n<p><strong>Kirjeldus on saadaval saksa, inglise, hispaania ja prantsuse keeles.<\/strong><\/p>\n<p><strong>M\u00f5\u00f5tmed:<\/strong> 50\u00d770 cm<\/p>\n<p><strong>Materjal:<\/strong> Latekspaber<br \/>\nSee paber on veekindel, p\u00fchkimiskindel, vastupidav, keskkonnas\u00f5bralik, kuna ei sisalda keskkonnale kahjulikke lahusteid, ja annab suurep\u00e4rase tr\u00fckikvaliteedi.<\/p>\n<p><strong>Kirjeldus:<\/strong> See poster annab \u00fclevaate sipelgate arengustaadiumidest munast kuni t\u00f6\u00f6liseni sipelgaliigi Lasius niger n\u00e4itel.<\/p>\n<p><strong>Oluline - lisateave:<\/strong> <a href=\"https:\/\/www.ants.de\/link\/1100\">Siin<\/a> leiate plakatilt \u00fcksikute stseenide \u00fcksikasjaliku kirjelduse. Neid ei ole plakatiga kaasas, vaid neid saab eraldi v\u00e4lja printida j\u00e4rgmise lingi kaudu. <a href=\"https:\/\/www.ants.de\/link\/1100\">https:\/\/www.ants.de\/link\/1100<\/a><\/p>","protected":false},"excerpt":{"rendered":"<p>Sipelga eluts\u00fckkel - Lasius niger - Sipelga plakat ja \u00f5ppevahend koolidele\/lasteaedadele. Kirjeldus saadaval saksa, inglise, hispaania ja prantsuse keeles: Materjal: 70x100 cm: See paber on veekindel, p\u00fchkimiskindel, vastupidav, keskkonnas\u00f5bralik, kuna ei sisalda keskkonnale kahjulikke lahusteid ja annab suurep\u00e4rase tr\u00fckikvaliteedi. Kirjeldus: See plakat","protected":false},"featured_media":11403,"comment_status":"open","ping_status":"closed","template":"","meta":{"_acf_changed":false,"content-type":"","_monsterinsights_skip_tracking":false,"_monsterinsights_sitenote_active":false,"_monsterinsights_sitenote_note":"","_monsterinsights_sitenote_category":0},"product_brand":[484],"product_cat":[500],"product_tag":[],"class_list":{"0":"post-11494","1":"product","2":"type-product","3":"status-publish","4":"has-post-thumbnail","6":"product_brand-antcube","7":"product_cat-ant-posters-and-teaching-aids","9":"first","10":"instock","11":"taxable","12":"shipping-taxable","13":"purchasable","14":"product-type-simple"},"acf":[],"aioseo_notices":[],"jetpack_sharing_enabled":true,"_links":{"self":[{"href":"https:\/\/antcube.shop\/et\/wp-json\/wp\/v2\/product\/11494","targetHints":{"allow":["GET"]}}],"collection":[{"href":"https:\/\/antcube.shop\/et\/wp-json\/wp\/v2\/product"}],"about":[{"href":"https:\/\/antcube.shop\/et\/wp-json\/wp\/v2\/types\/product"}],"replies":[{"embeddable":true,"href":"https:\/\/antcube.shop\/et\/wp-json\/wp\/v2\/comments?post=11494"}],"wp:featuredmedia":[{"embeddable":true,"href":"https:\/\/antcube.shop\/et\/wp-json\/wp\/v2\/media\/11403"}],"wp:attachment":[{"href":"https:\/\/antcube.shop\/et\/wp-json\/wp\/v2\/media?parent=11494"}],"wp:term":[{"taxonomy":"product_brand","embeddable":true,"href":"https:\/\/antcube.shop\/et\/wp-json\/wp\/v2\/product_brand?post=11494"},{"taxonomy":"product_cat","embeddable":true,"href":"https:\/\/antcube.shop\/et\/wp-json\/wp\/v2\/product_cat?post=11494"},{"taxonomy":"product_tag","embeddable":true,"href":"https:\/\/antcube.shop\/et\/wp-json\/wp\/v2\/product_tag?post=11494"}],"curies":[{"name":"wp","href":"https:\/\/api.w.org\/{rel}","templated":true}]}}