{"id":11413,"date":"2025-04-11T16:43:25","date_gmt":"2025-04-11T14:43:25","guid":{"rendered":"https:\/\/antcube.shop\/en\/product\/light-strip-pro-40cm\/"},"modified":"2026-03-27T13:58:51","modified_gmt":"2026-03-27T12:58:51","slug":"valgusriba-pro-40cm","status":"publish","type":"product","link":"https:\/\/antcube.shop\/et\/toode\/valgusriba-pro-40cm\/","title":{"rendered":"Light Strip Pro 40cm"},"content":{"rendered":"<p><strong>Sisu:<\/strong><br \/>\n1x valgusriba LED Pro<br \/>\n1x klamber lakke paigaldamiseks koos kruvidega<br \/>\n1x v\u00f5rgupistik koos l\u00fclitiga<\/p>\n<p><strong>Tehnilised andmed:<\/strong><br \/>\nM\u00f5\u00f5tmed: 400x124x42 mm<br \/>\nValgustus: LED<br \/>\nEnergiatarve: 16 W<br \/>\nValgusvoog: 2200 lm (140 lm\/W)<br \/>\nValguse v\u00e4rvus: 6000K<br \/>\nKasutusiga: ~ 25,000 h<br \/>\nKaabli pikkus: 145 cm<\/p>\n<p><strong>Materjal:<\/strong> plastist<\/p>\n<p><strong>V\u00e4rv:<\/strong> must<\/p>\n<p><strong>Kirjeldus:<\/strong><br \/>\nLED-valgustus formikaariumidele, vivaariumidele ja terraariumidele m\u00f5\u00f5tmetega 60x30x60.<br \/>\nKaitstud pritsmevee eest vastavalt standardile IP65, mist\u00f5ttu sobivad valgusribad suurep\u00e4raselt troopilistesse terraariumidesse. T\u00e4nu madalale soojuse arengule sobivad Light Strip'i lambid v\u00e4ga h\u00e4sti ka madalama soojusn\u00f5udlusega liikidele.<\/p>","protected":false},"excerpt":{"rendered":"<p><span style=\"font-weight: 400;\">Energiatarve: 16 W<\/span><\/p>","protected":false},"featured_media":11368,"comment_status":"open","ping_status":"closed","template":"","meta":{"_acf_changed":false,"content-type":"","_monsterinsights_skip_tracking":false,"_monsterinsights_sitenote_active":false,"_monsterinsights_sitenote_note":"","_monsterinsights_sitenote_category":0},"product_brand":[],"product_cat":[359,257,119],"product_tag":[],"class_list":{"0":"post-11413","1":"product","2":"type-product","3":"status-publish","4":"has-post-thumbnail","6":"product_cat-light-heat-humidity","7":"product_cat-new-innovatve-products","8":"product_cat-formicarium-components","10":"first","11":"instock","12":"taxable","13":"shipping-taxable","14":"purchasable","15":"product-type-simple"},"acf":[],"aioseo_notices":[],"jetpack_sharing_enabled":true,"_links":{"self":[{"href":"https:\/\/antcube.shop\/et\/wp-json\/wp\/v2\/product\/11413","targetHints":{"allow":["GET"]}}],"collection":[{"href":"https:\/\/antcube.shop\/et\/wp-json\/wp\/v2\/product"}],"about":[{"href":"https:\/\/antcube.shop\/et\/wp-json\/wp\/v2\/types\/product"}],"replies":[{"embeddable":true,"href":"https:\/\/antcube.shop\/et\/wp-json\/wp\/v2\/comments?post=11413"}],"wp:featuredmedia":[{"embeddable":true,"href":"https:\/\/antcube.shop\/et\/wp-json\/wp\/v2\/media\/11368"}],"wp:attachment":[{"href":"https:\/\/antcube.shop\/et\/wp-json\/wp\/v2\/media?parent=11413"}],"wp:term":[{"taxonomy":"product_brand","embeddable":true,"href":"https:\/\/antcube.shop\/et\/wp-json\/wp\/v2\/product_brand?post=11413"},{"taxonomy":"product_cat","embeddable":true,"href":"https:\/\/antcube.shop\/et\/wp-json\/wp\/v2\/product_cat?post=11413"},{"taxonomy":"product_tag","embeddable":true,"href":"https:\/\/antcube.shop\/et\/wp-json\/wp\/v2\/product_tag?post=11413"}],"curies":[{"name":"wp","href":"https:\/\/api.w.org\/{rel}","templated":true}]}}