{"id":11411,"date":"2025-04-11T16:41:28","date_gmt":"2025-04-11T14:41:28","guid":{"rendered":"https:\/\/antcube.shop\/en\/product\/light-strip-20-erweiterung\/"},"modified":"2026-03-16T10:38:25","modified_gmt":"2026-03-16T09:38:25","slug":"valgusriba-20-pikendus","status":"publish","type":"product","link":"https:\/\/antcube.shop\/et\/toode\/valgusriba-20-pikendus\/","title":{"rendered":"Light Strip 20 pikendus"},"content":{"rendered":"<p><strong>Sisu:<\/strong><br \/>\n1x valgusriba LED mini 14cm<br \/>\n1x klamber lakke paigaldamiseks koos kruvidega<br \/>\n1x \u00fchenduskaabel<br \/>\n1x \u00fchenduspistik<\/p>\n<p><strong>Tehnilised andmed:<\/strong><br \/>\nM\u00f5\u00f5tmed: 140x60x9mm<br \/>\nValgustus: LED<br \/>\nEnergiatarve: 2W<br \/>\nValgusvoog: 210 lm (105 lm\/W)<br \/>\nValguse v\u00e4rvus: 3000K \/ 4000K \/ 6500K<br \/>\nKasutusiga: ~ 25,000 h<br \/>\nKaabli pikkus: 30cm<br \/>\nDimmerdatav<\/p>\n<p><strong>Materjal:<\/strong> Plastist<\/p>\n<p><strong>V\u00e4rv:<\/strong> valge<\/p>\n<p><strong>Kirjeldus:<\/strong><br \/>\nIdeaalne k\u00f5ikide sipelgaliikide jaoks. P\u00e4evavalgusega sarnane spektriosa, mis tagab hea valgustuse formikaariumile. Ei ole soovimatut soojusemissiooni, \u00e4\u00e4rmiselt energias\u00e4\u00e4stlik.<br \/>\nSee LED-lamp sobib 20x20x20, 20x20x10 ja 20x10x10x10 suurustele formicaria ja vivaria. Seda saab lihtsalt panna kaane peale. Heledus on dimmerdatav 10 astmes ja seadistada saab 3 erinevat valgusv\u00e4rvi, alates \"k\u00fclmast valgest\" kuni \"loomuliku\" ja \"sooja\" valguse vahel. 40 cm laiuse formikaria puhul saab kaks lampi \u00fcksteise sisse panna. \u00dcle 30 cm k\u00f5rguselt j\u00f5uab alla ainult v\u00e4ike valgus.<\/p>\n<p><strong>Oluline:<\/strong> Ilma toiteallikata! T\u00f6\u00f6tab ainult koos Light Strip 20 (1005742) v\u00f5i 30 (1005742).<br \/>\nN\u00e4iteks v\u00f5ib 6 lampi 20 (kuni 12 vatti) \u00fchendada j\u00e4rjestikku \u00fche toiteplokiga.<\/p>","protected":false},"excerpt":{"rendered":"<p><span style=\"font-weight: 400;\">Energiatarve: 2W<\/span><\/p>","protected":false},"featured_media":11377,"comment_status":"open","ping_status":"closed","template":"","meta":{"_acf_changed":false,"content-type":"","_monsterinsights_skip_tracking":false,"_monsterinsights_sitenote_active":false,"_monsterinsights_sitenote_note":"","_monsterinsights_sitenote_category":0},"product_brand":[],"product_cat":[359,257,119],"product_tag":[],"class_list":{"0":"post-11411","1":"product","2":"type-product","3":"status-publish","4":"has-post-thumbnail","6":"product_cat-light-heat-humidity","7":"product_cat-new-innovatve-products","8":"product_cat-formicarium-components","10":"first","11":"instock","12":"taxable","13":"shipping-taxable","14":"purchasable","15":"product-type-simple"},"acf":[],"aioseo_notices":[],"jetpack_sharing_enabled":true,"_links":{"self":[{"href":"https:\/\/antcube.shop\/et\/wp-json\/wp\/v2\/product\/11411","targetHints":{"allow":["GET"]}}],"collection":[{"href":"https:\/\/antcube.shop\/et\/wp-json\/wp\/v2\/product"}],"about":[{"href":"https:\/\/antcube.shop\/et\/wp-json\/wp\/v2\/types\/product"}],"replies":[{"embeddable":true,"href":"https:\/\/antcube.shop\/et\/wp-json\/wp\/v2\/comments?post=11411"}],"wp:featuredmedia":[{"embeddable":true,"href":"https:\/\/antcube.shop\/et\/wp-json\/wp\/v2\/media\/11377"}],"wp:attachment":[{"href":"https:\/\/antcube.shop\/et\/wp-json\/wp\/v2\/media?parent=11411"}],"wp:term":[{"taxonomy":"product_brand","embeddable":true,"href":"https:\/\/antcube.shop\/et\/wp-json\/wp\/v2\/product_brand?post=11411"},{"taxonomy":"product_cat","embeddable":true,"href":"https:\/\/antcube.shop\/et\/wp-json\/wp\/v2\/product_cat?post=11411"},{"taxonomy":"product_tag","embeddable":true,"href":"https:\/\/antcube.shop\/et\/wp-json\/wp\/v2\/product_tag?post=11411"}],"curies":[{"name":"wp","href":"https:\/\/api.w.org\/{rel}","templated":true}]}}