{"id":11410,"date":"2025-04-11T16:40:32","date_gmt":"2025-04-11T14:40:32","guid":{"rendered":"https:\/\/antcube.shop\/en\/product\/light-strip-30\/"},"modified":"2026-02-26T10:38:57","modified_gmt":"2026-02-26T09:38:57","slug":"valgusriba-30","status":"publish","type":"product","link":"https:\/\/antcube.shop\/et\/toode\/valgusriba-30\/","title":{"rendered":"Valgusriba 30"},"content":{"rendered":"<p><strong>Sisu:<\/strong><br \/>\n1x valgusriba LED mini 28cm<br \/>\n1x klamber lakke paigaldamiseks koos kruvidega<br \/>\n1x v\u00f5rgupistik koos l\u00fclitiga<\/p>\n<p><strong>Tehnilised andmed:<\/strong><br \/>\nM\u00f5\u00f5tmed: 280x60x9mm<br \/>\nValgustus: LED<br \/>\nEnergiatarve: 4W<br \/>\nValgusvoog: 490 lm (123 lm\/W)<br \/>\nValguse v\u00e4rvus: 3000K \/ 4000K \/ 6500K<br \/>\nKasutusiga: ~ 25,000 h<br \/>\nKaabli pikkus: 156 cm<br \/>\nDimmerdatav<\/p>\n<p><strong>Materjal:<\/strong> Plastist<\/p>\n<p><strong>V\u00e4rv:<\/strong> valge<\/p>\n<p><strong>Kirjeldus:<\/strong><br \/>\nIdeaalne k\u00f5ikide sipelgaliikide jaoks. P\u00e4evavalgusega sarnane spektriosa, mis tagab hea valgustuse formikaariumile. Ei ole soovimatut soojusemissiooni, \u00e4\u00e4rmiselt energias\u00e4\u00e4stlik.<br \/>\nSee LED-lamp sobib 20x20x20, 20x20x10 ja 20x10x10x10 suurustele formicaria ja vivaria. Seda saab lihtsalt panna kaane peale. Heledus on dimmerdatav 10 astmes ja seadistada saab 3 erinevat valgusv\u00e4rvi, alates \"k\u00fclmast valgest\" kuni \"loomuliku\" ja \"sooja\" valguse vahel. Vormikari jaoks saab tellida 40 cm laiuse laienduse. See on artiklis allpool lingitud. \u00dcle 30 cm k\u00f5rguselt j\u00f5uab alla vaid v\u00e4hene valgus.<\/p>","protected":false},"excerpt":{"rendered":"<p><span style=\"font-weight: 400;\">Energiatarve: 4W<\/span><\/p>","protected":false},"featured_media":11376,"comment_status":"open","ping_status":"closed","template":"","meta":{"_acf_changed":false,"content-type":"","_monsterinsights_skip_tracking":false,"_monsterinsights_sitenote_active":false,"_monsterinsights_sitenote_note":"","_monsterinsights_sitenote_category":0},"product_brand":[],"product_cat":[359,257,119],"product_tag":[],"class_list":{"0":"post-11410","1":"product","2":"type-product","3":"status-publish","4":"has-post-thumbnail","6":"product_cat-light-heat-humidity","7":"product_cat-new-innovatve-products","8":"product_cat-formicarium-components","10":"first","11":"outofstock","12":"taxable","13":"shipping-taxable","14":"purchasable","15":"product-type-simple"},"acf":[],"aioseo_notices":[],"jetpack_sharing_enabled":true,"_links":{"self":[{"href":"https:\/\/antcube.shop\/et\/wp-json\/wp\/v2\/product\/11410","targetHints":{"allow":["GET"]}}],"collection":[{"href":"https:\/\/antcube.shop\/et\/wp-json\/wp\/v2\/product"}],"about":[{"href":"https:\/\/antcube.shop\/et\/wp-json\/wp\/v2\/types\/product"}],"replies":[{"embeddable":true,"href":"https:\/\/antcube.shop\/et\/wp-json\/wp\/v2\/comments?post=11410"}],"wp:featuredmedia":[{"embeddable":true,"href":"https:\/\/antcube.shop\/et\/wp-json\/wp\/v2\/media\/11376"}],"wp:attachment":[{"href":"https:\/\/antcube.shop\/et\/wp-json\/wp\/v2\/media?parent=11410"}],"wp:term":[{"taxonomy":"product_brand","embeddable":true,"href":"https:\/\/antcube.shop\/et\/wp-json\/wp\/v2\/product_brand?post=11410"},{"taxonomy":"product_cat","embeddable":true,"href":"https:\/\/antcube.shop\/et\/wp-json\/wp\/v2\/product_cat?post=11410"},{"taxonomy":"product_tag","embeddable":true,"href":"https:\/\/antcube.shop\/et\/wp-json\/wp\/v2\/product_tag?post=11410"}],"curies":[{"name":"wp","href":"https:\/\/api.w.org\/{rel}","templated":true}]}}