{"id":11408,"date":"2025-04-11T16:39:04","date_gmt":"2025-04-11T14:39:04","guid":{"rendered":"https:\/\/antcube.shop\/en\/product\/fotoruckwand-regenwald-60x60\/"},"modified":"2026-03-26T10:55:56","modified_gmt":"2026-03-26T09:55:56","slug":"foto-tagasein-60x60-vihmamets","status":"publish","type":"product","link":"https:\/\/antcube.shop\/et\/toode\/foto-tagasein-60x60-vihmamets\/","title":{"rendered":"Foto tagasein 60\u00d760 vihmamets"},"content":{"rendered":"<p><strong>M\u00f5\u00f5tmed:<\/strong> 60x60cm<\/p>\n<p><strong>Materjal:<\/strong> L\u00e4ikiv fooliumpaber<\/p>\n<p><strong>Sisu:<\/strong> 1x foto tagasein<\/p>\n<p><strong>Kirjeldus:<\/strong> See fotofoon kinnitatakse formikaariumi tagak\u00fcljele v\u00e4ljastpoolt, et j\u00e4tta mulje sipelgate looduslikule elupaigale vastavast keskkonnast.<\/p>","protected":false},"excerpt":{"rendered":"<p>M\u00f5\u00f5tmed: Materjal: 60x60cm: Materjal: l\u00e4ikiv fooliumpaber Sisu: Kirjeldus: 1x foto tagaseina kirjeldus: See fototaust kinnitatakse formikaariumi tagak\u00fcljele v\u00e4ljastpoolt, et j\u00e4tta mulje keskkonnast, mis vastab sipelgate looduslikule elupaigale.<\/p>","protected":false},"featured_media":5530,"comment_status":"open","ping_status":"closed","template":"","meta":{"_acf_changed":false,"content-type":"","_monsterinsights_skip_tracking":false,"_monsterinsights_sitenote_active":false,"_monsterinsights_sitenote_note":"","_monsterinsights_sitenote_category":0},"product_brand":[484],"product_cat":[97,106],"product_tag":[],"class_list":{"0":"post-11408","1":"product","2":"type-product","3":"status-publish","4":"has-post-thumbnail","6":"product_brand-antcube","7":"product_cat-photo-backwalls","8":"product_cat-rainforest-photo-backwall","10":"first","11":"instock","12":"taxable","13":"shipping-taxable","14":"purchasable","15":"product-type-simple"},"acf":[],"aioseo_notices":[],"jetpack_sharing_enabled":true,"_links":{"self":[{"href":"https:\/\/antcube.shop\/et\/wp-json\/wp\/v2\/product\/11408","targetHints":{"allow":["GET"]}}],"collection":[{"href":"https:\/\/antcube.shop\/et\/wp-json\/wp\/v2\/product"}],"about":[{"href":"https:\/\/antcube.shop\/et\/wp-json\/wp\/v2\/types\/product"}],"replies":[{"embeddable":true,"href":"https:\/\/antcube.shop\/et\/wp-json\/wp\/v2\/comments?post=11408"}],"wp:featuredmedia":[{"embeddable":true,"href":"https:\/\/antcube.shop\/et\/wp-json\/wp\/v2\/media\/5530"}],"wp:attachment":[{"href":"https:\/\/antcube.shop\/et\/wp-json\/wp\/v2\/media?parent=11408"}],"wp:term":[{"taxonomy":"product_brand","embeddable":true,"href":"https:\/\/antcube.shop\/et\/wp-json\/wp\/v2\/product_brand?post=11408"},{"taxonomy":"product_cat","embeddable":true,"href":"https:\/\/antcube.shop\/et\/wp-json\/wp\/v2\/product_cat?post=11408"},{"taxonomy":"product_tag","embeddable":true,"href":"https:\/\/antcube.shop\/et\/wp-json\/wp\/v2\/product_tag?post=11408"}],"curies":[{"name":"wp","href":"https:\/\/api.w.org\/{rel}","templated":true}]}}