{"id":11407,"date":"2025-04-11T16:38:16","date_gmt":"2025-04-11T14:38:16","guid":{"rendered":"https:\/\/antcube.shop\/en\/product\/terracube-60x30x60-terrarium-mit-schiebetur\/"},"modified":"2026-04-02T12:12:14","modified_gmt":"2026-04-02T10:12:14","slug":"terracube-60x30x60-terraarium-koos-lukanduksega","status":"publish","type":"product","link":"https:\/\/antcube.shop\/et\/toode\/terracube-60x30x60-terraarium-koos-lukanduksega\/","title":{"rendered":"TERRACUBE 60x30x60 terraarium l\u00fckanduksega"},"content":{"rendered":"<p><strong>TERRACUBE terraarium 60x30x60 l\u00fckanduksega ja 2x 50mm avadega.<\/strong><\/p>\n<p><strong>M\u00f5\u00f5tmed:<\/strong> 600 x 300 x 600 mm; 4 mm paksune klaas<br \/>\n<strong>Materjal:<\/strong> valuklaas<br \/>\n<strong>\u00dchendus:<\/strong> 2x 50 mm auk (2x k\u00fcljel)<\/p>\n<p><strong>Eesmine avaus (l\u00fckanduks):<\/strong> 300\u00d7300 mm<br \/>\nRaua k\u00f5rgus: 12,5 cm<br \/>\nRiba laius: 4 cm<\/p>\n<p><strong>Kirjeldus:<\/strong><br \/>\n<strong>TERRACUBE - t\u00e4ielikult l\u00e4bipaistev, modulaarne terraariumis\u00fcsteem nutikate detailidega<\/strong><br \/>\nTERRACUBE terraariumid tagavad maksimaalse l\u00e4bipaistvuse (360\u00b0) ja elegantse, selge disaini. K\u00f5ik servad on t\u00e4pselt liimitud, nii et ei ole n\u00e4htavad t\u00fc\u00fctud silikoonist \u00f5mblused. Kasutatud silikoon on samuti t\u00e4iesti l\u00e4bipaistev - nii on sisemus k\u00f5ikjal h\u00e4gusalt n\u00e4ha.<\/p>\n<p><strong>Keeruline ventilatsioon ja tehnilised juurdep\u00e4\u00e4supunktid<\/strong><br \/>\n<strong>Kaks k\u00fclgmist auku (kumbki \u00d8 50 mm) pakuvad paindlikke kasutusv\u00f5imalusi:<\/strong><br \/>\nNeid saab kasutada kas t\u00e4iendavaks ventilatsiooniks v\u00f5i juurdep\u00e4\u00e4suks sellistele tehnoloogiatele nagu termo-\/h\u00fcgromeetrid, udukogujad, k\u00fcttekivid ja palju muud.<\/p>\n<p>Katet m\u00fc\u00fcakse eraldi ja see on saadaval erinevates versioonides - s\u00f5ltuvalt elupaigast erinevate ventilatsioonialade ja aukudega t\u00e4iendava ventilatsiooni v\u00f5i tehniliste lisaseadmete, nagu vihmas\u00fcsteemid v\u00f5i ventilaatorid, jaoks.<\/p>\n<p><strong>Turvaline v\u00f5rk - sobib ka pisikestele loomadele<\/strong><br \/>\nPeenestatud roostevabast terasest ventilatsiooni v\u00f5re on nii tihe, et isegi sellised pisikesed liigid nagu puuviljak\u00e4rbsed (Drosophila) v\u00f5i sipelgad ei p\u00e4\u00e4se sealt v\u00e4lja. Seda toetab tugev perforeeritud alumiiniumplaat. See muudab kontseptsiooni korrosioonivabaks (v\u00e4hese hooldusega ja vastupidavaks) ja stabiilseks isegi suuremate roomajate mehaanilise l\u00f6\u00f6gi suhtes.<\/p>\n<p><strong>Liuguks - praktiline ja peaaegu n\u00e4htamatu<\/strong><br \/>\nPraktiline l\u00fckanduks on varustatud l\u00e4bipaistva k\u00e4epidemega, mis on samuti t\u00e4ielikult l\u00e4bipaistva klambriga. See t\u00e4hendab, et t\u00e4helepanu j\u00e4\u00e4b alati armastavalt kujundatud sisustusele v\u00f5i sees hoitavatele loomadele.<\/p>\n<p><strong>Mooduls\u00fcsteem - \u00fchendage terraariumid omavahel<\/strong><br \/>\nMitut TERRACUBE terraariumi saab omavahel \u00fchendada t\u00e4nu k\u00fclgedel olevatele aukudele ja sobivatele l\u00e4bipaistvatele akr\u00fc\u00fcl\u00fchendustele v\u00f5i -torudele.<br \/>\nN\u00e4iteks v\u00f5ib sipelgakolooniat hoida naaberakvaariumis roomajate toiduallikana - turvalise taganemisv\u00f5imalusega, kui roomajad ei saa torust l\u00e4bi minna. Ka terveid s\u00fcsteeme, n\u00e4iteks konnade v\u00f5i salamandrite jaoks, saab sel viisil paindlikult laiendada.<\/p>\n<p><strong>M\u00e4rkus:<\/strong> Klaas l\u00f5igatakse m\u00f5\u00f5tu vastavalt standardile DIN 1249, lubatud h\u00e4lve on +\/- 1 mm. T\u00e4iendav p\u00f5genemiskaitse on \u00e4\u00e4rmiselt v\u00e4ikeste sipelgaliikide puhul h\u00e4davajalik.<\/p>","protected":false},"excerpt":{"rendered":"<p>TERRACUBE terraarium 60x30x60 l\u00fckanduksega ja 2x 50mm avadega. M\u00f5\u00f5dud: Materjal: float-klaas \u00dchendus: 2x 50 mm auk (2x k\u00fcljel) Eesmine avaus (l\u00fckanduks): 600 x 300 x 600 mm; 4mm klaasi paksus: 300x300 mm Riba k\u00f5rgus: 12,5 cm Riba laius: 4 cm Kirjeldus: TERRACUBE - t\u00e4ielikult l\u00e4bipaistev, modulaarne terraariumis\u00fcsteem.","protected":false},"featured_media":11397,"comment_status":"open","ping_status":"closed","template":"","meta":{"_acf_changed":false,"content-type":"","_monsterinsights_skip_tracking":false,"_monsterinsights_sitenote_active":false,"_monsterinsights_sitenote_note":"","_monsterinsights_sitenote_category":0},"product_brand":[499],"product_cat":[257],"product_tag":[],"class_list":{"0":"post-11407","1":"product","2":"type-product","3":"status-publish","4":"has-post-thumbnail","6":"product_brand-terracube","7":"product_cat-new-innovatve-products","8":"product_shipping_class-forwarding-on-pallet","10":"first","11":"instock","12":"taxable","13":"shipping-taxable","14":"purchasable","15":"product-type-simple"},"acf":[],"aioseo_notices":[],"jetpack_sharing_enabled":true,"_links":{"self":[{"href":"https:\/\/antcube.shop\/et\/wp-json\/wp\/v2\/product\/11407","targetHints":{"allow":["GET"]}}],"collection":[{"href":"https:\/\/antcube.shop\/et\/wp-json\/wp\/v2\/product"}],"about":[{"href":"https:\/\/antcube.shop\/et\/wp-json\/wp\/v2\/types\/product"}],"replies":[{"embeddable":true,"href":"https:\/\/antcube.shop\/et\/wp-json\/wp\/v2\/comments?post=11407"}],"wp:featuredmedia":[{"embeddable":true,"href":"https:\/\/antcube.shop\/et\/wp-json\/wp\/v2\/media\/11397"}],"wp:attachment":[{"href":"https:\/\/antcube.shop\/et\/wp-json\/wp\/v2\/media?parent=11407"}],"wp:term":[{"taxonomy":"product_brand","embeddable":true,"href":"https:\/\/antcube.shop\/et\/wp-json\/wp\/v2\/product_brand?post=11407"},{"taxonomy":"product_cat","embeddable":true,"href":"https:\/\/antcube.shop\/et\/wp-json\/wp\/v2\/product_cat?post=11407"},{"taxonomy":"product_tag","embeddable":true,"href":"https:\/\/antcube.shop\/et\/wp-json\/wp\/v2\/product_tag?post=11407"}],"curies":[{"name":"wp","href":"https:\/\/api.w.org\/{rel}","templated":true}]}}