{"id":11406,"date":"2025-04-11T16:37:03","date_gmt":"2025-04-11T14:37:03","guid":{"rendered":"https:\/\/antcube.shop\/en\/product\/plantcube-60x30x60-schiebetur\/"},"modified":"2026-03-30T17:42:10","modified_gmt":"2026-03-30T15:42:10","slug":"plantcube-vivaarium-60x30x60-lukanduksega","status":"publish","type":"product","link":"https:\/\/antcube.shop\/et\/toode\/plantcube-vivaarium-60x30x60-lukanduksega\/","title":{"rendered":"PLANTCUBE Vivarium 60x30x60 l\u00fckanduksega"},"content":{"rendered":"<p><strong>SAADA T\u00dcKIKE LOODUST OMA KOJU<\/strong><\/p>\n<p><strong>Sisu:<\/strong><br \/>\n1x PLANTCUBE Vivarium 60x30x60 l\u00fckanduksega<br \/>\n2x torgid 10mm augu jaoks<\/p>\n<p>Klaasist kuubik 60x30x60cm, 2x k\u00fclgmised 50mm augud ja 2x k\u00fclgmised 10mm augud.<br \/>\n50mm auk (keskel) on 15cm k\u00f5rgusel. Auku alumine serv ~12,5cm k\u00f5rgusel.<\/p>\n<p><strong>M\u00f5\u00f5tmed:<\/strong> 600 x 300 x 600 mm; 4 mm paksune klaas<br \/>\n<strong>Materjal:<\/strong> Float-klaas<br \/>\n<strong>K\u00fclgmised avad:<\/strong><br \/>\n2x auk 50mm<br \/>\n2x auk 10mm<\/p>\n<p><strong>Eesmine avaus (l\u00fckanduks):<\/strong> 300 x 300 mm<\/p>\n<p><strong>Kirjeldus:<\/strong> Meie PLANTCUBE Vivariumi abil saate kujundada oma elutuppa oma elava kunstiteose. PLANTCUBE'is saab pidada ka v\u00e4ikseid loomi, nii et teie loovusele ei ole piire seatud.<\/p>\n<p>Kui soovite rohkem teavet PLANTCUBE'i kohta v\u00f5i lugeda meie samm-sammult juhendit oma vivaariumi seadistamiseks, k\u00fclastage j\u00e4rgmist linki: <a href=\"https:\/\/antcube.shop\/plantcube\/\">antcube.shop\/PLANTCUBE<\/a><\/p>\n<p><strong>Kohandage oma PLANTCUBE oma v\u00f5i oma taimede ja loomade vajaduste j\u00e4rgi:<\/strong><br \/>\nKaks 10 mm auku k\u00fcljel, mis asuvad 2 cm k\u00f5rgusel (keskel) p\u00f5hjast, on m\u00f5eldud liigse vee \u00e4rajuhtimiseks. Vee \u00e4rajuhtimiseks v\u00f5ite kasutada n\u00e4iteks meie l\u00e4bipaistvat voolikut 10\/06 mm. Kaks 50 mm auku saab kas sulgeda kaasasolevate korkide abil v\u00f5i kasutada neid t\u00e4iendava ventilatsioonina, kui need on varustatud v\u00f5rega. Siin v\u00f5ib isegi \u00fchendada kaks seadet akr\u00fc\u00fcltoru kaudu. Nii saavad loomad, kui te hoiate oma vivaariumis loomi, vabalt \u00fchest seadeldisest teise liikuda.<\/p>\n<p><strong>Kuidas muuta oma PLANTCUBE bioaktiivseks \u00f6kos\u00fcsteemiks?:<\/strong><br \/>\n<strong>Looge drenaa\u017eikiht:<\/strong><br \/>\nTaimede toetamiseks peaksite oma vivaariumisse k\u00f5igepealt rajama drenaa\u017eikihi. Soovitame kasutada 2-3 cm savikrohvi (4-8 mm), kuna need on kerged. Peske neid kindlasti jooksva vee all, enne kui panete neid sisse, et eemaldada tolm.<\/p>\n<p>Drenaa\u017eivaiba v\u00f5ib asetada savikrohvi peale, et eraldada drenaa\u017e substraadist.<\/p>\n<p><strong>Milliseid taimi ja mulda kasutada:<\/strong><br \/>\nSee k\u00f5ik s\u00f5ltub sellest, millist \"\u00f6kos\u00fcsteemi\" soovite luua. Kui soovite ehitada k\u00f5rbe v\u00f5i pigem kuiva vivaariumi, siis vajate taimi, mis selles kliimas \u00f5itsevad, ja kasutage sobivat mulda, milles neile meeldib kasvada. Troopiliste vivaariumide puhul on see muidugi sama. P\u00fc\u00fcdke kasutada sarnastest piirkondadest ja\/v\u00f5i kliimast p\u00e4rit taimi, et nad k\u00f5ik saaksid samasuguses pinnases ja kliimas h\u00e4sti hakkama. Heal taimepoel peaks alati olema teave nende poolt m\u00fc\u00fcdavate taimede sobiva kliima ja pinnase kohta.<\/p>\n<p><strong>Oluline:<\/strong> Kui soovite taimi ja loomi koos hoida, ei tohiks kunagi kasutada taimi, mille puhul te ei tea, kas need on kokku puutunud v\u00e4etiste v\u00f5i pestitsiididega. Kasutage ainult selliseid taimi terraariumipoodidest vms, mis on garanteeritult t\u00e4iesti pestitsiidide ja v\u00e4etiste vabad. Need v\u00f5ivad muidu p\u00f5hjustada teie loomade surma.<\/p>\n<p><strong>V\u00f5tke kasutusele \"Clean up crew\", et muuta oma Vivarium bioaktiivseks.<\/strong><br \/>\nMis on bioaktiivne? See on k\u00f5ige l\u00e4hemal isemajandavale seadeldisele. K\u00f5ik seisneb selles, et lisada sobiv mullasegu ja orgaaniline materjal mikrofloora moodustumiseks ning vajalik mikrofauna, et luua oma vivaariumis toitainete ts\u00fckkel.<\/p>\n<p><strong>Meie n\u00f5uanne:<\/strong> Meie n\u00f5uanne: lisage alati v\u00e4ikesi olendeid, nagu kevadsabad ja isopoodid. Need ei ole mitte ainult hea \"l\u00f5putu\" toiduallikas ise, kui soovite oma vivaariumis hoida ka teisi loomi. Nad toituvad eelk\u00f5ige hallitustest, mis v\u00f5ivad suure niiskuse t\u00f5ttu tekkida, ja rikastavad mulda toitainetega, mis omakorda v\u00f5imaldavad taimedel tervislikult kasvada.<\/p>\n<p>Lisage mullale veidi kivis\u00fctt, mis aitab mikroobidel seda koloniseerida. Sammal ja korkkoor v\u00f5i valge m\u00e4danenud puit lisaks leheprahile ei n\u00e4e teie seadeldises mitte ainult loomulikuna v\u00e4lja, vaid toidavad ka teie \"koristustruppi\", pakuvad neile peidupaiku ja kasvukohti ning neid on lihtne lagundada toitaineteks teie taimede jaoks.<\/p>\n<p><strong>Looduses on k\u00f5ik seotud tasakaaluga<\/strong><br \/>\nSiiski ei ole soovitatav kasutada teatud isopoodide liike, lisamata neile midagi, mis neid k\u00fcttivad, sest isopoodide populatsioon ilma r\u00f6\u00f6vloomadeta, n\u00e4iteks sipelgadeta, armastab kontrolli alt v\u00e4ljuda ja teie vivaariumis olevad taimed muutuvad siis kiiresti soovimatuks toiduallikaks. Looduses on k\u00f5ik seotud tasakaaluga.<\/p>\n<p><strong>T\u00e4iendav teave:<\/strong><br \/>\nKlaas on l\u00f5igatud vastavalt DIN 1249 standardile, tolerantsiga +\/- 1 mm. \u00c4\u00e4rmiselt v\u00e4ikeste sipelgaliikide puhul on oluline t\u00e4iendav l\u00e4bil\u00f6\u00f6gikaitse.<\/p>","protected":false},"excerpt":{"rendered":"<p><strong>\u00dchendus:<\/strong> 2x k\u00fclgmised 50mm augud ja 2x k\u00fclgmised 10mm augud<\/p>","protected":false},"featured_media":11362,"comment_status":"open","ping_status":"closed","template":"","meta":{"_acf_changed":false,"content-type":"","_monsterinsights_skip_tracking":false,"_monsterinsights_sitenote_active":false,"_monsterinsights_sitenote_note":"","_monsterinsights_sitenote_category":0},"product_brand":[483],"product_cat":[257,341],"product_tag":[],"class_list":{"0":"post-11406","1":"product","2":"type-product","3":"status-publish","4":"has-post-thumbnail","6":"product_brand-plantcube","7":"product_cat-new-innovatve-products","8":"product_cat-vivariums","9":"product_shipping_class-forwarding-on-pallet","11":"first","12":"instock","13":"taxable","14":"shipping-taxable","15":"purchasable","16":"product-type-simple"},"acf":[],"aioseo_notices":[],"jetpack_sharing_enabled":true,"_links":{"self":[{"href":"https:\/\/antcube.shop\/et\/wp-json\/wp\/v2\/product\/11406","targetHints":{"allow":["GET"]}}],"collection":[{"href":"https:\/\/antcube.shop\/et\/wp-json\/wp\/v2\/product"}],"about":[{"href":"https:\/\/antcube.shop\/et\/wp-json\/wp\/v2\/types\/product"}],"replies":[{"embeddable":true,"href":"https:\/\/antcube.shop\/et\/wp-json\/wp\/v2\/comments?post=11406"}],"wp:featuredmedia":[{"embeddable":true,"href":"https:\/\/antcube.shop\/et\/wp-json\/wp\/v2\/media\/11362"}],"wp:attachment":[{"href":"https:\/\/antcube.shop\/et\/wp-json\/wp\/v2\/media?parent=11406"}],"wp:term":[{"taxonomy":"product_brand","embeddable":true,"href":"https:\/\/antcube.shop\/et\/wp-json\/wp\/v2\/product_brand?post=11406"},{"taxonomy":"product_cat","embeddable":true,"href":"https:\/\/antcube.shop\/et\/wp-json\/wp\/v2\/product_cat?post=11406"},{"taxonomy":"product_tag","embeddable":true,"href":"https:\/\/antcube.shop\/et\/wp-json\/wp\/v2\/product_tag?post=11406"}],"curies":[{"name":"wp","href":"https:\/\/api.w.org\/{rel}","templated":true}]}}