{"id":11137,"date":"2025-03-06T15:59:48","date_gmt":"2025-03-06T14:59:48","guid":{"rendered":"https:\/\/antcube.shop\/en\/product\/antcube-arena-60x30x60-mit-schiebetur\/"},"modified":"2026-01-12T12:41:14","modified_gmt":"2026-01-12T11:41:14","slug":"antcube-arena-60x30x60-lukanduksega","status":"publish","type":"product","link":"https:\/\/antcube.shop\/et\/toode\/antcube-arena-60x30x60-lukanduksega\/","title":{"rendered":"ANTCUBE Arena 60x30x60 koos l\u00fckanduksega"},"content":{"rendered":"<p><strong>ANTCUBE Arena 60x30x60 l\u00fckanduksega ja 4x 50mm avadega.<\/strong><\/p>\n<p><strong>M\u00f5\u00f5tmed:<\/strong> 600 x 300 x 600 mm; 4 mm paksune klaas<br \/>\n<strong>Materjal:<\/strong> valuklaas<br \/>\n<strong>\u00dchendus:<\/strong> 4x 50 mm auk (2x k\u00fcljel ja 2x ees)<\/p>\n<p><strong>Eesmine avaus (l\u00fckanduks):<\/strong> 300\u00d7300 mm<\/p>\n<p><strong>Kirjeldus:<\/strong> Meie ANTCUBE areen 60x30x60 koos l\u00fckanduksega on v\u00e4lja t\u00f6\u00f6tatud nii, et oleks v\u00f5imalik mugavalt t\u00f6\u00f6tada ka t\u00e4ielikus formikariaadis. See sobib ka meie 60x30x30 suurusele liuguksega areenile laiendusena. Erinevus on uued augud ees, et luua t\u00e4iendav ventilatsioon v\u00f5i kui k\u00fclgedel pole ruumi, siis \u00fchendada akr\u00fc\u00fcltorudega lisaareenid eesmiste \u00fchenduste kaudu. Need on eriti kasulikud formikaariumina weaver sipelgate (Polyrhachis ja Oecophylla) jaoks, kuna neile meeldib ehitada \u00fclespoole ja nad vajavad peremeestaimi. Puudel elavad liigid, nagu Tetraponera, on samuti r\u00f5\u00f5msad ronimisv\u00f5imaluste \u00fcle. M\u00f5nikord v\u00f5ib olla keeruline n\u00e4iteks formikaariumi p\u00f5hjas olevate loomade j\u00e4\u00e4tmeid eemaldada. Selle spetsiaalselt kohandatud akvaariumi puhul ei ole see probleemiks. Liuguks on v\u00e4ga praktiline ka Acromyrmexi v\u00f5i Atta lehep\u00f5letaja sipelgate s\u00f6\u00f6tmispaakide puhul, sest taimede j\u00e4\u00e4gid ja muud j\u00e4\u00e4tmed saab h\u00f5lpsasti \u00e4ra visata. \u00dclemise ava jaoks on eraldi saadaval ka 60\u00d730 l\u00e4bimurde kaitseraam ja 60\u00d730 areeni kate suurema ventilatsioonialaga v\u00f5i ilma.<\/p>\n<p><strong>M\u00e4rkus:<\/strong> Klaas l\u00f5igatakse m\u00f5\u00f5tu vastavalt standardile DIN 1249, lubatud h\u00e4lve on +\/- 1 mm. T\u00e4iendav p\u00f5genemiskaitse on \u00e4\u00e4rmiselt v\u00e4ikeste sipelgaliikide puhul h\u00e4davajalik.<\/p>","protected":false},"excerpt":{"rendered":"<p>\u00dchendus: 50 mm<\/p>","protected":false},"featured_media":11138,"comment_status":"open","ping_status":"closed","template":"","meta":{"_acf_changed":false,"content-type":"","_monsterinsights_skip_tracking":false,"_monsterinsights_sitenote_active":false,"_monsterinsights_sitenote_note":"","_monsterinsights_sitenote_category":0},"product_brand":[484],"product_cat":[257,85,86],"product_tag":[],"class_list":{"0":"post-11137","1":"product","2":"type-product","3":"status-publish","4":"has-post-thumbnail","6":"product_brand-antcube","7":"product_cat-new-innovatve-products","8":"product_cat-ant-arenas","9":"product_cat-formicariums","10":"product_shipping_class-forwarding-on-pallet","12":"first","13":"instock","14":"taxable","15":"shipping-taxable","16":"purchasable","17":"product-type-simple"},"acf":[],"aioseo_notices":[],"jetpack_sharing_enabled":true,"_links":{"self":[{"href":"https:\/\/antcube.shop\/et\/wp-json\/wp\/v2\/product\/11137","targetHints":{"allow":["GET"]}}],"collection":[{"href":"https:\/\/antcube.shop\/et\/wp-json\/wp\/v2\/product"}],"about":[{"href":"https:\/\/antcube.shop\/et\/wp-json\/wp\/v2\/types\/product"}],"replies":[{"embeddable":true,"href":"https:\/\/antcube.shop\/et\/wp-json\/wp\/v2\/comments?post=11137"}],"wp:featuredmedia":[{"embeddable":true,"href":"https:\/\/antcube.shop\/et\/wp-json\/wp\/v2\/media\/11138"}],"wp:attachment":[{"href":"https:\/\/antcube.shop\/et\/wp-json\/wp\/v2\/media?parent=11137"}],"wp:term":[{"taxonomy":"product_brand","embeddable":true,"href":"https:\/\/antcube.shop\/et\/wp-json\/wp\/v2\/product_brand?post=11137"},{"taxonomy":"product_cat","embeddable":true,"href":"https:\/\/antcube.shop\/et\/wp-json\/wp\/v2\/product_cat?post=11137"},{"taxonomy":"product_tag","embeddable":true,"href":"https:\/\/antcube.shop\/et\/wp-json\/wp\/v2\/product_tag?post=11137"}],"curies":[{"name":"wp","href":"https:\/\/api.w.org\/{rel}","templated":true}]}}