{"id":10988,"date":"2025-01-29T13:27:22","date_gmt":"2025-01-29T12:27:22","guid":{"rendered":"https:\/\/antcube.shop\/en\/product\/bundle-offer-pheidole-pallidula\/"},"modified":"2026-04-13T09:30:15","modified_gmt":"2026-04-13T07:30:15","slug":"pakettpakkumine-pheidole-pallidula","status":"publish","type":"product","link":"https:\/\/antcube.shop\/et\/toode\/pakettpakkumine-pheidole-pallidula\/","title":{"rendered":"Pakettpakkumine - Crematogaster scutellaris"},"content":{"rendered":"<p id=\"docs-internal-guid-f360e18f-7fff-1fa7-2486-66b6ea8170c9\" dir=\"ltr\"><span data-text-color=\"secondary\"><strong>Komplektpakkumine, mis sisaldab sipelgapesakolooniat Crematogaster scutellaris (kuninganna koos 5-10 t\u00f6\u00f6listega + haude), Digfix S stardikomplekti, 2x formikariumi padjakest ja k\u00f5rbepildi tausta.<\/strong><\/span><\/p>\n<p dir=\"ltr\"><span data-text-color=\"alert\"><strong>Ainult niikaua, kuni varusid j\u00e4tkub.<\/strong><\/span><\/p>\n<h2 dir=\"ltr\"><strong>K\u00f5ik, mida vajate Crematogaster scutellaris sipelgapesakoloonia jaoks<\/strong><\/h2>\n<p dir=\"ltr\">See komplekt sisaldab k\u00f5ike, mida vajate Crematogaster scutellaris'e koloonia edukaks \u00fclalpidamiseks paari esimese kuu jooksul. See on ideaalne algajatele ja seda saab h\u00f5lpsasti laiendada.<\/p>\n<h3 dir=\"ltr\"><strong>Sipelgaliik Crematogaster scutellaris<\/strong><\/h3>\n<p>Crematogaster scutellaris on valdavalt k\u00f5ikeh\u00f5lmav sipelgaliik, mis tarbib nii taimset kui ka loomset toitu. Ta on laialt levinud kogu Vahemere piirkonnas ja teda leidub ka Kesk-Euroopa l\u00f5unaosas. Sellele liigile on iseloomulik pirnikujuline k\u00f5huosa, mille ta ohu korral \u00fcles t\u00f5stab - see on silmatorkav k\u00e4itumine vaenlaste heidutamiseks.<\/p>\n<p>Kolooniad koosnevad tavaliselt \u00fchest kuningannast (monog\u00fc\u00fcnne), kuid v\u00f5ivad sisaldada ka mitut kuningannat. T\u00f6\u00f6tajad k\u00e4ituvad aktiivselt ja uudishimulikult ning kaitsevad oma pesasid j\u00f5uliselt. Crematogaster scutellaris on eriti tuntud selle poolest, et ta pesitseb surnud puidus v\u00f5i puu\u00f5\u00f5nsustes.<\/p>\n<h3 dir=\"ltr\"><strong>Crematogaster scutellaris'e pesa<\/strong><\/h3>\n<p dir=\"ltr\">Kuna see liik eelistab pesitseda kuivas surnud puidus v\u00f5i pragudes ja l\u00f5hedes, sisaldab see komplekt Digfix-pesakomplekti. See v\u00f5imaldab hea \u00fclevaate pesa sisemusest ja simuleerib looduslikke tingimusi. Alternatiivina v\u00f5ib neid hoida ka korgist v\u00f5i puidust pesades, mis on v\u00e4ga l\u00e4hedased nende looduslikule elupaigale.<\/p>\n<h3 dir=\"ltr\"><strong>Crematogaster scutellaris'e toitmine<\/strong><\/h3>\n<p dir=\"ltr\">Crematogaster scutellaris on k\u00f5ikjal s\u00f6\u00f6ja, kes eelistab eriti magusaid vedelikke, n\u00e4iteks mett v\u00f5i suhkrulahuseid. Ta vajab ka valgurikast toitu, nt v\u00e4ikseid putukaid, eriti oma pesakonna kasvatamiseks. Looduses toitub ta ka puumahlast ja v\u00e4ikestest l\u00fclijalgsetest.<\/p>\n<h3 dir=\"ltr\"><strong>Crematogaster scutellaris'e kliimatingimused<\/strong><\/h3>\n<p dir=\"ltr\">Niiskus:<br \/>\nArena: 30 - 50%<br \/>\nPesa piirkond: 50 - 60%<br \/>\nTemperatuur:<br \/>\nArena: 24 - 30\u00b0C<br \/>\nPesa piirkond: 22 - 28\u00b0C<\/p>\n<p dir=\"ltr\">Crematogaster scutellaris sobib ideaalselt nii algajatele kui ka kogenud sipelgate pidajatele. T\u00e4nu oma aktiivsele k\u00e4itumisele, silmatorkavale kehakujule ja v\u00e4rvusele ning pesaehitusmeetodile pakub ta p\u00f5nevaid teadmisi sipelgakoloonia elust.<\/p>\n<p dir=\"ltr\"><strong>Sisu:<\/strong><br \/>\n1x sipelgapesakoloonia Crematogaster scutellaris (kuninganna + 5-10 t\u00f6\u00f6lise + haude)<br \/>\n1x suhkru-mee lahus (SH) - t\u00e4iendav pakend 10ml<br \/>\n1x terved pleegitatud s\u00e4rge 10g<br \/>\n1x formicarium pad - 20x20cm<br \/>\n1x Formicarium pad - 20x6cm<br \/>\n1x k\u00f5rbefoto taust 20\u00d710<br \/>\n1x ANTCUBE - Arena 20x20x10 - lame<br \/>\n1x Arena raam 20\u00d720<br \/>\n1x Arena kate 20\u00d720<br \/>\n4x Kinnituspunkt areenikatte jaoks<br \/>\n1x ANTCUBE - sipelgafarm - S - 20\u00d720 - seisev<br \/>\n1x ANTCUBE - Digfix plaat 20\u00d720 - S<br \/>\n1x 0,5m l\u00e4bipaistev toru 10\/06 mm<br \/>\nANTCUBE - Punane kile 20\u00d720 - Filter<br \/>\n1x kleepsud - l\u00e4bipaistvad - 2 tk.<br \/>\n1x substraat - liiv-savi bee\u017e - 200g<br \/>\n1x v\u00f5rgusilma sisestus - 50mm - roostevaba teras<br \/>\n1x formicaria pistik 50mm augu jaoks<br \/>\n1x formicaria pistik 27mm augu jaoks<br \/>\n1x formicaria kork 6mm pistikupesa jaoks<br \/>\n1x valamu \u00fchendus B-27 ja S-10-16 mm M25 - komplekt<br \/>\n1x 2ml s\u00f6\u00f6tja - 360\u00b0<br \/>\n1x l\u00e4bipaistev joogikauss 20ml - k\u00e4sn<br \/>\n1x l\u00e4bipaistev toidutass 1\u00d720 - k\u00e4sn<br \/>\n1x mini termo-h\u00fcgromeetri analoog - rippuv n\u00e4idik<br \/>\n1x sipelgap\u00f5genemise kaitsepulber 10ml<br \/>\n1x pintsetid vedrusterasest - lai - pehme<br \/>\n1x pintsetid plastikust l\u00e4bipaistvad<br \/>\n1x plastpipett 3ml<br \/>\n1x k\u00e4sil\u00e4\u00e4tse - 2x - 30mm<br \/>\n1x vahtplasti klaasipuhasti 150x18x2.5mm<\/p>\n<p dir=\"ltr\"><strong>Kirjeldus:<\/strong><br \/>\nDigfix Starter Set sobib erinevatele sipelgaliikidele, eriti neile, kes pesitsevad liivas ja (surnud) puidus. Seda v\u00f5ib hoida kuivana v\u00f5i kergelt niiskena.<br \/>\nL\u00e4bipaistvat farmi saab kasutada koos ANTCUBE Digfix plaadiga. Sipelgad kaevavad materjali sisse oma tunneleid ja kambreid. Vajaduse korral saab kaanes olevate 50 mm aukude kaudu \u00fchendada t\u00e4iendavaid mooduleid, n\u00e4iteks eraldi saadaval olevad udukogujad, ventilaatorid v\u00f5i valgustid. Alternatiivina on kaasas sobivad formicaria-tulbad avade sulgemiseks. Kui soovite, v\u00f5ite formikaariumi ka avalikult kasutada, asetades lihtsalt eemaldatava raami maapinnale ja kandes selle servale sipelgapesu\u00f5li. 'Kastekann 2ml - 360 kraadi' on m\u00f5eldud mee\/suhkrulahuse jaoks, 'kastekann selge 20ml - k\u00e4sn' vee jaoks. 'Mini Thermo-Hygrometer' saab kinnitada raami v\u00f5i kaane k\u00fclge ja see n\u00e4itab kliimav\u00e4\u00e4rtusi.<\/p>\n<p dir=\"ltr\"><span data-text-color=\"alert\"><strong>Oluline:<\/strong><\/span> Palun niisutage enne kasutamist maapinda, et segu saaks siduda ja sipelgap\u00f5llul kindlalt kinni pidada. Lisaks v\u00f5ib liiga kuiv ja tolmune pinnas p\u00f5hjustada sipelgate hingamisteede ummistumist, mis halvemal juhul v\u00f5ib p\u00f5hjustada nende l\u00e4mbumist.<\/p>\n<p dir=\"ltr\"><strong>Soovitus:<\/strong> Soovitame 2 mm k\u00f5rguse substraadikihi, et loomad ei saaks end areenile kaevata, vaid kasutaksid selleks ette n\u00e4htud talu. Samuti soovitame farmi pesamaterjali (liiv\/savi, Digfix jne) \u00fches kohas kergelt l\u00e4bi torgata, et loomadel oleks lihtsam kaevata.<br \/>\n<strong>M\u00e4rkus:<\/strong> Pesa v\u00f5ib kasutada kuivas v\u00f5i niiskes formikaariumis. Kui pesa hoitakse pidevalt niiskena (liiga niiskena), v\u00f5ivad toiduj\u00e4\u00e4gid p\u00f5hjustada hallituse teket.<br \/>\n<strong>M\u00e4rkus Digfixi kohta:<\/strong> Looduslik v\u00e4rvus v\u00f5ib varieeruda rohekashalli-pruuni ja muldpruuni vahel. V\u00e4rv ei m\u00f5juta kvaliteeti.<\/p>\n<p dir=\"ltr\"><strong>M\u00e4rkused tootmise kohta<\/strong><br \/>\nKlaas on l\u00f5igatud vastavalt DIN 1249 standardile, tolerantsiga +\/- 1 mm. \u00c4\u00e4rmiselt v\u00e4ikeste sipelgaliikide puhul on t\u00e4iendav l\u00e4bil\u00f6\u00f6gikaitse h\u00e4davajalik.<\/p>\n<p dir=\"ltr\"><strong>M\u00e4rkused talu kohta<\/strong><br \/>\nTorude \u00fchendamisel v\u00f5i lahtiv\u00f5tmisel tuleb silmas pidada j\u00e4rgmist:<br \/>\nKui toru on raske pistikupesale sobitada, tuleb pistikupesale kanda tilk meie v\u00e4ljap\u00e4\u00e4semise vastast \u00f5li v\u00f5i pulbrit. Seej\u00e4rel tuleb toru keerates v\u00f5i kruvides pistikupesale l\u00fckata, ilma et pistikupesale survet avaldataks \u00fcles- ja allapoole. Sama kehtib ka torude eemaldamisel farmiliitmikust. \u00c4rge t\u00f5mmake neid lihtsalt maha!<\/p>\n<p dir=\"ltr\"><strong>M\u00e4rkused kriketimoosi kohta:<\/strong><br \/>\nMeie kriketimoos on lihtne viis pakkuda sipelgatele v\u00e4rskelt konserveeritud valgurikast toitu, ilma et oleks vaja toita elusat putukat. Sirkad (Acheta domesticus) on \u00f5rnalt keedetud, et tagada toitev\u00e4\u00e4rtuse, maitse ja aroomi s\u00e4ilimine. Lisaks pehmendatakse sel viisil putukate kitiinset eksoskeletti, et see oleks kergemini seeditav. Kollageeni valgu\u00fchendid l\u00f5hustatakse, et sipelgad saaksid neid paremini kasutada. Purgist p\u00e4rit Acheta domesticus on sama toitev\u00e4\u00e4rtusega kui elusad s\u00e4rge, kuid neid on kergemini seeditav.<br \/>\nCricket Jam ei sobi elusat toitu n\u00f5udvate sipelgaliikide (nt poneriinid (suured sipelgad) nagu Harpegnathos v\u00f5i Odontomachus) k\u00fcttimiseks.<\/p>\n<p dir=\"ltr\"><strong>T\u00e4iendavad eelised:<\/strong><br \/>\nGaranteeritult lestavaba<br \/>\nV\u00f5ib doseerida ja veega lahjendada<br \/>\nSteriliseeritud ja vaakumpakendatud<br \/>\nIlma lisaaineteta<br \/>\nPuhtalt mahep\u00f5llumajanduslikust kasvatusest p\u00e4rit ja orgaaniliste j\u00e4\u00e4tmetega toidetud kriketid.<\/p>\n<p dir=\"ltr\"><strong>M\u00e4rkus:<\/strong><br \/>\nS\u00e4ilib k\u00fclmkapis umbes neli p\u00e4eva p\u00e4rast avamist. K\u00fclmutatuna s\u00e4ilivusaeg on pikem.<\/p>\n<p dir=\"ltr\"><strong>T\u00e4helepanu<\/strong>: K\u00f5igepealt portsjoniteks, seej\u00e4rel k\u00fclmutage.<\/p>\n<p dir=\"ltr\"><strong>M\u00e4rkused suhkru-mee lahuse (ZH) kohta - 10ml t\u00e4itepakendis<\/strong><br \/>\nSisu: 10 ml<\/p>\n<p dir=\"ltr\"><strong>Kirjeldus:<\/strong> See on toode, mis koosneb erinevatest s\u00fcsivesikutest (nagu mesi ja suhkur).<\/p>\n<p dir=\"ltr\"><strong>Taotlus:<\/strong> Toidutoru v\u00f5ib asetada tervelt formikaariumisse v\u00f5i s\u00f5ltuvalt koloonia vajadustest\/suurusest v\u00f5ib v\u00e4iksemaid koguseid paigutada ka toidukaussi. Toit tuleks tarbida umbes 3 p\u00e4eva jooksul, vastasel juhul on oht hallituse tekkimiseks. Samal p\u00f5hjusel tuleb toidun\u00f5u enne uuesti t\u00e4itmist puhastada.<\/p>\n<p dir=\"ltr\"><strong>Kasutage:<\/strong><br \/>\nSuhkru-mee lahus = suhkru-\/mee-s\u00f6\u00f6jate sipelgaliikide jaoks.<br \/>\nSee on lisatoit<br \/>\nSeda v\u00f5ib pakkuda loomadele tarnitud kujul. Kuna niiskuse t\u00f5ttu v\u00e4heneb suhkrusisaldus ja algab k\u00e4\u00e4rimisprotsess, tuleb toit iga 3 p\u00e4eva j\u00e4rel asendada. Enne taaskasutamist puhastage s\u00f6\u00f6dakaussi\/toru p\u00f5hjalikult.<br \/>\nP\u00e4rast avamist tuleb pakendit hoida tihedalt suletuna (kui seda hoitakse kuivas kohas) ja kasutada etten\u00e4htud kuup\u00e4evaks (s\u00e4ilivusaeg).<\/p>\n<p dir=\"ltr\"><strong>Sisaldab:<\/strong><br \/>\nFruktoos 27 kuni 44%,<br \/>\ngl\u00fckoos 22 kuni 41%,<br \/>\nsahharoos kuni 5%,<br \/>\nmaltoos 4 kuni 14%,<br \/>\nmuud komplekssed suhkrud 1 kuni 14%.<br \/>\nRasv: 0g<br \/>\nS\u00fcsivesikud: 92g<br \/>\nValgud: 0g<br \/>\nSool: 0g<\/p>\n<p dir=\"ltr\"><strong>Ladustamine:<\/strong> S\u00f6\u00f6da kvaliteedi tagamiseks tuleb seda hoida pimedas ja kuivas kohas.<\/p>\n<p dir=\"ltr\"><strong>M\u00e4rkus:<\/strong><br \/>\nKoostise, anal\u00fc\u00fctiliste koostisosade, k\u00f5lblikkusaja ja partii numbri leiate pakendi infolehelt.<br \/>\nInfotelefon +49 30 439703870<\/p>\n<p dir=\"ltr\"><strong>P\u00e4dev veterinaar- ja toiduj\u00e4relevalveasutus:<\/strong><br \/>\nSteglitzi veterinaarkabinet<br \/>\nK\u00f6nigin-Luise-Str. 92<br \/>\n14195 Berliin<\/p>","protected":false},"excerpt":{"rendered":"<p>Komplekt koosneb 34 osast<\/p>","protected":false},"featured_media":10983,"comment_status":"open","ping_status":"closed","template":"","meta":{"_acf_changed":false,"content-type":"","_monsterinsights_skip_tracking":false,"_monsterinsights_sitenote_active":false,"_monsterinsights_sitenote_note":"","_monsterinsights_sitenote_category":0},"product_brand":[484],"product_cat":[355,73],"product_tag":[],"class_list":{"0":"post-10988","1":"product","2":"type-product","3":"status-publish","4":"has-post-thumbnail","6":"product_brand-antcube","7":"product_cat-bundle-offers","8":"product_cat-starter-sets","10":"first","11":"instock","12":"taxable","13":"shipping-taxable","14":"purchasable","15":"product-type-simple"},"acf":[],"aioseo_notices":[],"jetpack_sharing_enabled":true,"_links":{"self":[{"href":"https:\/\/antcube.shop\/et\/wp-json\/wp\/v2\/product\/10988","targetHints":{"allow":["GET"]}}],"collection":[{"href":"https:\/\/antcube.shop\/et\/wp-json\/wp\/v2\/product"}],"about":[{"href":"https:\/\/antcube.shop\/et\/wp-json\/wp\/v2\/types\/product"}],"replies":[{"embeddable":true,"href":"https:\/\/antcube.shop\/et\/wp-json\/wp\/v2\/comments?post=10988"}],"wp:featuredmedia":[{"embeddable":true,"href":"https:\/\/antcube.shop\/et\/wp-json\/wp\/v2\/media\/10983"}],"wp:attachment":[{"href":"https:\/\/antcube.shop\/et\/wp-json\/wp\/v2\/media?parent=10988"}],"wp:term":[{"taxonomy":"product_brand","embeddable":true,"href":"https:\/\/antcube.shop\/et\/wp-json\/wp\/v2\/product_brand?post=10988"},{"taxonomy":"product_cat","embeddable":true,"href":"https:\/\/antcube.shop\/et\/wp-json\/wp\/v2\/product_cat?post=10988"},{"taxonomy":"product_tag","embeddable":true,"href":"https:\/\/antcube.shop\/et\/wp-json\/wp\/v2\/product_tag?post=10988"}],"curies":[{"name":"wp","href":"https:\/\/api.w.org\/{rel}","templated":true}]}}