{"id":899,"date":"2021-08-22T15:12:45","date_gmt":"2021-08-22T13:12:45","guid":{"rendered":"https:\/\/antcube.shop\/?page_id=899"},"modified":"2023-12-14T13:30:00","modified_gmt":"2023-12-14T12:30:00","slug":"faq-shop","status":"publish","type":"page","link":"https:\/\/antcube.shop\/et\/faq-shop\/","title":{"rendered":"KKK pood"},"content":{"rendered":"<div id=\"gap-57851616\" class=\"gap-element clearfix\" style=\"display:block; height:auto;\">\n\t\t\n<style>\n#gap-57851616 {\n  padding-top: 200px;\n}\n@media (min-width:850px) {\n  #gap-57851616 {\n    padding-top: 175px;\n  }\n}\n<\/style>\n\t<\/div>\n\t\n\n\t<div id=\"text-448486308\" class=\"text\">\n\t\t\n\n<h1>KKK pood \u00a0<\/h1>\n<h2>Korduma kippuvad k\u00fcsimused meie toodete v\u00f5i meie poe kohta \u00fcldiselt<\/h2>\n\t\t\n<style>\n#text-448486308 {\n  text-align: center;\n}\n<\/style>\n\t<\/div>\n\t\n<div class=\"row align-center\"  id=\"row-2053497396\">\n\n\n\t<div id=\"col-427063202\" class=\"col small-12 large-12\"  >\n\t\t\t\t<div class=\"col-inner\"  >\n\t\t\t\n\t\t\t\n\n<div class=\"accordion\">\n\n\t<div id=\"accordion-2973624819\" class=\"accordion-item\">\n\t\t<a id=\"accordion-2973624819-label\" class=\"accordion-title plain\" href=\"#accordion-item-you-do-not-know-what-ant-species-to-keep-or-which-formicarium-you-should-use?\" aria-expanded=\"false\" aria-controls=\"accordion-2973624819-content\">\n\t\t\t<button class=\"toggle\" aria-label=\"Toggle\"><i class=\"icon-angle-down\" aria-hidden=\"true\"><\/i><\/button>\n\t\t\t<span>Te ei tea, milliseid sipelgaliike hoida v\u00f5i millist Formicariumit peaksite kasutama?<\/span>\n\t\t<\/a>\n\t\t<div id=\"accordion-2973624819-content\" class=\"accordion-inner\" aria-labelledby=\"accordion-2973624819-label\">\n\t\t\t\n\n<p>Proovige meie \"Ant Finder\" v\u00f5i \"Formicarium Finder\" - Meie online klienditeenindus<\/p>\n<p><a href=\"https:\/\/antcube.shop\/ant-finder\/\">Leia oma sipelgaliik<\/a><\/p>\n<p><a href=\"https:\/\/antcube.shop\/formicarium-finder\/\">Leia oma Formicarium<\/a><\/p>\n\n\t\t<\/div>\n\t<\/div>\n\t\n\t<div id=\"accordion-3173903293\" class=\"accordion-item\">\n\t\t<a id=\"accordion-3173903293-label\" class=\"accordion-title plain\" href=\"#accordion-item-what-are-the-delivery-times-and-charges-for-orders-from-the-online-shop?\" aria-expanded=\"false\" aria-controls=\"accordion-3173903293-content\">\n\t\t\t<button class=\"toggle\" aria-label=\"Toggle\"><i class=\"icon-angle-down\" aria-hidden=\"true\"><\/i><\/button>\n\t\t\t<span>Millised on e-poest tehtud tellimuste tarneajad ja -kulud?<\/span>\n\t\t<\/a>\n\t\t<div id=\"accordion-3173903293-content\" class=\"accordion-inner\" aria-labelledby=\"accordion-3173903293-label\">\n\t\t\t\n\n<p>Teavet hinnangulise tarneaja kohta leiate siit:<\/p>\n<p><a href=\"https:\/\/antcube.shop\/delivery-times\/\">Tarneajad<\/a><\/p>\n<p>Kui soovite teada hinnangulisi saatmiskulusid ja tarnepiiranguid, vaadake palun siit:<\/p>\n<p><a href=\"https:\/\/antcube.shop\/shipping-costs-delivery-restrictions\/\">Kohaletoimetamise kulud\/ tarnepiirangud<\/a><\/p>\n\n\t\t<\/div>\n\t<\/div>\n\t\n\t<div id=\"accordion-3393432191\" class=\"accordion-item\">\n\t\t<a id=\"accordion-3393432191-label\" class=\"accordion-title plain\" href=\"#accordion-item-you-have-questions-about-returns-or-refunds?\" aria-expanded=\"false\" aria-controls=\"accordion-3393432191-content\">\n\t\t\t<button class=\"toggle\" aria-label=\"Toggle\"><i class=\"icon-angle-down\" aria-hidden=\"true\"><\/i><\/button>\n\t\t\t<span>Teil on k\u00fcsimusi tagastuste v\u00f5i tagasimaksete kohta?<\/span>\n\t\t<\/a>\n\t\t<div id=\"accordion-3393432191-content\" class=\"accordion-inner\" aria-labelledby=\"accordion-3393432191-label\">\n\t\t\t\n\n<p><a href=\"https:\/\/antcube.shop\/refund-policy\/\">Tagastamispoliitika<\/a><\/p>\n<p><a href=\"https:\/\/antcube.shop\/terms-and-conditions\/\">Tingimused<\/a><\/p>\n\n\t\t<\/div>\n\t<\/div>\n\t\n\t<div id=\"accordion-1120953264\" class=\"accordion-item\">\n\t\t<a id=\"accordion-1120953264-label\" class=\"accordion-title plain\" href=\"#accordion-item-which-payment-methods-are-accepted-in-the-online-shop?\" aria-expanded=\"false\" aria-controls=\"accordion-1120953264-content\">\n\t\t\t<button class=\"toggle\" aria-label=\"Toggle\"><i class=\"icon-angle-down\" aria-hidden=\"true\"><\/i><\/button>\n\t\t\t<span>Milliseid makseviise veebipoes aktsepteeritakse?<\/span>\n\t\t<\/a>\n\t\t<div id=\"accordion-1120953264-content\" class=\"accordion-inner\" aria-labelledby=\"accordion-1120953264-label\">\n\t\t\t\n\n<p>\u00dclevaate meie aktsepteeritud makseviisidest leiad siit:<\/p>\n<p><a href=\"https:\/\/antcube.shop\/payment-methods\/\">Makseviisid<\/a><\/p>\n\n\t\t<\/div>\n\t<\/div>\n\t\n\t<div id=\"accordion-348662437\" class=\"accordion-item\">\n\t\t<a id=\"accordion-348662437-label\" class=\"accordion-title plain\" href=\"#accordion-item-you-are-looking-for-user-manuals-for-your-starter-set?\" aria-expanded=\"false\" aria-controls=\"accordion-348662437-content\">\n\t\t\t<button class=\"toggle\" aria-label=\"Toggle\"><i class=\"icon-angle-down\" aria-hidden=\"true\"><\/i><\/button>\n\t\t\t<span>Otsite kasutusjuhendeid oma stardikomplekti jaoks?<\/span>\n\t\t<\/a>\n\t\t<div id=\"accordion-348662437-content\" class=\"accordion-inner\" aria-labelledby=\"accordion-348662437-label\">\n\t\t\t\n\n<p>Leidke PDF-k\u00e4siraamatuid printimiseks v\u00f5i allalaadimiseks siit:<\/p>\n<p><a href=\"https:\/\/antcube.shop\/download\/\">Lae alla<\/a><\/p>\n\n\t\t<\/div>\n\t<\/div>\n\t\n\t<div id=\"accordion-1679591203\" class=\"accordion-item\">\n\t\t<a id=\"accordion-1679591203-label\" class=\"accordion-title plain\" href=\"#accordion-item-you-need-more-information-about-certain-ant-species-or-ant-keeping-in-general?\" aria-expanded=\"false\" aria-controls=\"accordion-1679591203-content\">\n\t\t\t<button class=\"toggle\" aria-label=\"Toggle\"><i class=\"icon-angle-down\" aria-hidden=\"true\"><\/i><\/button>\n\t\t\t<span>Vajate rohkem teavet teatud sipelgaliikide v\u00f5i sipelgate pidamise kohta \u00fcldiselt?<\/span>\n\t\t<\/a>\n\t\t<div id=\"accordion-1679591203-content\" class=\"accordion-inner\" aria-labelledby=\"accordion-1679591203-label\">\n\t\t\t\n\n<p>Sipelgate ja sipelgate pidamise kohta esitatud sagedased k\u00fcsimused leiate siit:<\/p>\n<p><a href=\"https:\/\/antcube.shop\/faq-ants\/\">KKK sipelgad<\/a><\/p>\n<p><a href=\"https:\/\/antcube.shop\/catching-queen-ants\/\">Kuidas p\u00fc\u00fcda oma kuninganna sipelgaid<\/a><\/p>\n<p><a href=\"https:\/\/antcube.shop\/ant-species\/\">Lisateave sipelgate kohta<\/a><\/p>\n<p><a href=\"https:\/\/antcube.shop\/social-media\/\">Vaadake meie YouTube'i kanaleid, sealt leiate kasulikke n\u00f5uandeid ja teavet.<\/a><\/p>\n\n\t\t<\/div>\n\t<\/div>\n\t\n\t<div id=\"accordion-1817971649\" class=\"accordion-item\">\n\t\t<a id=\"accordion-1817971649-label\" class=\"accordion-title plain\" href=\"#accordion-item-you-have-questions-about-our-products?\" aria-expanded=\"false\" aria-controls=\"accordion-1817971649-content\">\n\t\t\t<button class=\"toggle\" aria-label=\"Toggle\"><i class=\"icon-angle-down\" aria-hidden=\"true\"><\/i><\/button>\n\t\t\t<span>Teil on k\u00fcsimusi meie toodete kohta?<\/span>\n\t\t<\/a>\n\t\t<div id=\"accordion-1817971649-content\" class=\"accordion-inner\" aria-labelledby=\"accordion-1817971649-label\">\n\t\t\t\n\n<p>Kui teil on k\u00fcsimusi meie toodete kohta, siis vaadake esmalt meie poe vastavat tootekirjeldust.<\/p>\n<p>Vastasel juhul leiate lisateavet siit:<\/p>\n<p><a href=\"https:\/\/antcube.shop\/product-information\/\">Tooteinfo<\/a><\/p>\n\n\t\t<\/div>\n\t<\/div>\n\t\n\n<\/div>\n\n\t\t<\/div>\n\t\t\t\t\t<\/div>\n\n\t\n\n<\/div>","protected":false},"excerpt":{"rendered":"","protected":false},"author":1,"featured_media":0,"parent":0,"menu_order":0,"comment_status":"closed","ping_status":"closed","template":"","meta":{"_acf_changed":false,"content-type":"","_monsterinsights_skip_tracking":false,"_monsterinsights_sitenote_active":false,"_monsterinsights_sitenote_note":"","_monsterinsights_sitenote_category":0,"footnotes":""},"class_list":["post-899","page","type-page","status-publish","hentry"],"acf":[],"aioseo_notices":[],"jetpack_sharing_enabled":true,"_links":{"self":[{"href":"https:\/\/antcube.shop\/et\/wp-json\/wp\/v2\/pages\/899","targetHints":{"allow":["GET"]}}],"collection":[{"href":"https:\/\/antcube.shop\/et\/wp-json\/wp\/v2\/pages"}],"about":[{"href":"https:\/\/antcube.shop\/et\/wp-json\/wp\/v2\/types\/page"}],"author":[{"embeddable":true,"href":"https:\/\/antcube.shop\/et\/wp-json\/wp\/v2\/users\/1"}],"replies":[{"embeddable":true,"href":"https:\/\/antcube.shop\/et\/wp-json\/wp\/v2\/comments?post=899"}],"version-history":[{"count":8,"href":"https:\/\/antcube.shop\/et\/wp-json\/wp\/v2\/pages\/899\/revisions"}],"predecessor-version":[{"id":6791,"href":"https:\/\/antcube.shop\/et\/wp-json\/wp\/v2\/pages\/899\/revisions\/6791"}],"wp:attachment":[{"href":"https:\/\/antcube.shop\/et\/wp-json\/wp\/v2\/media?parent=899"}],"curies":[{"name":"wp","href":"https:\/\/api.w.org\/{rel}","templated":true}]}}