{"id":702,"date":"2021-08-17T10:58:14","date_gmt":"2021-08-17T08:58:14","guid":{"rendered":"https:\/\/antcube.shop\/?page_id=702"},"modified":"2024-09-09T17:06:06","modified_gmt":"2024-09-09T15:06:06","slug":"catching-queen-ants","status":"publish","type":"page","link":"https:\/\/antcube.shop\/et\/catching-queen-ants\/","title":{"rendered":"Sipelgakuninganna p\u00fc\u00fcdmine"},"content":{"rendered":"<div id=\"gap-1323659954\" class=\"gap-element clearfix\" style=\"display:block; height:auto;\">\n\t\t\n<style>\n#gap-1323659954 {\n  padding-top: 177px;\n}\n@media (min-width:550px) {\n  #gap-1323659954 {\n    padding-top: 178px;\n  }\n}\n@media (min-width:850px) {\n  #gap-1323659954 {\n    padding-top: 75px;\n  }\n}\n<\/style>\n\t<\/div>\n\t\n\n\n  <div class=\"banner has-hover\" id=\"banner-373215703\">\n          <div class=\"banner-inner fill\">\n        <div class=\"banner-bg fill\" >\n            <img loading=\"lazy\" decoding=\"async\" width=\"1020\" height=\"571\" src=\"https:\/\/i0.wp.com\/antcube.shop\/wp-content\/uploads\/2021\/09\/Screenshot-2021-09-16-150304.png?fit=1020%2C571&amp;ssl=1\" class=\"bg attachment-large size-large\" alt=\"Kuidas p\u00fc\u00fcda sipelgakuningannat katseklaasi ja pintsettidega\" \/>                        <div class=\"overlay\"><\/div>            \n                    <\/div>\n\t\t\n        <div class=\"banner-layers container\">\n            <div class=\"fill banner-link\"><\/div>            \n\n   <div id=\"text-box-225189597\" class=\"text-box banner-layer x50 md-x50 lg-x50 y50 md-y50 lg-y50 res-text\">\n                                <div class=\"text-box-content text dark text-shadow-3\">\n              \n              <div class=\"text-inner text-center\">\n                  \n\n<h3 class=\"uppercase\"><strong>KUIDAS P\u00dc\u00dcBIDA OMA KUNAGI M\u00dcRGISTI<\/strong><\/h3>\n\n              <\/div>\n           <\/div>\n                            \n<style>\n#text-box-225189597 {\n  width: 60%;\n}\n#text-box-225189597 .text-box-content {\n  font-size: 100%;\n}\n<\/style>\n    <\/div>\n \n\n        <\/div>\n      <\/div>\n\n            \n<style>\n#banner-373215703 {\n  padding-top: 400px;\n}\n#banner-373215703 .overlay {\n  background-color: rgba(0, 0, 0, 0.17);\n}\n#banner-373215703 .banner-bg img {\n  object-position: 56% 82%;\n}\n@media (min-width:550px) {\n  #banner-373215703 {\n    padding-top: 500px;\n  }\n}\n<\/style>\n  <\/div>\n\n\n\t<div id=\"gap-1736210696\" class=\"gap-element clearfix\" style=\"display:block; height:auto;\">\n\t\t\n<style>\n#gap-1736210696 {\n  padding-top: 30px;\n}\n<\/style>\n\t<\/div>\n\t\n\n<div class=\"row\"  id=\"row-1932300473\">\n\n\n\t<div id=\"col-16863188\" class=\"col medium-6 small-12 large-6\"  >\n\t\t\t\t<div class=\"col-inner\"  >\n\t\t\t\n\t\t\t\n\n<h3>P\u00fc\u00fca oma sipelgakuninganna<\/h3>\n<p>Kui soovite ise oma sipelgakuningannat p\u00fc\u00fcda, on vaja kas \u00f5nne v\u00f5i m\u00f5ningast ettevalmistust ja uurimist\u00f6\u00f6d.\u00a0<\/p>\n<p>Sipelgad sooritavad tavaliselt kord aastas neitsilennu. Ainult sel ajal moodustab koloonia nn reproduktiivseid loomi, st noori kuningannasid ja mehikesi (isaseid sipelgaid). Need on ainsad lendamiseks v\u00f5imelised sipelgad. Kuningannad heidavad oma tiivad maha p\u00e4rast seda, kui nad on paaritunud \u00fche v\u00f5i mitme isasega. Isased surevad l\u00fchikese aja p\u00e4rast (maksimaalselt m\u00f5ne p\u00e4eva), s\u00f5ltumata sellest, kas nad on paaritunud v\u00f5i mitte. <br \/>P\u00e4rast seda, kui noored kuningannad on oma neitsilennu l\u00f5petanud, otsivad nad sobiva koha oma koloonia rajamiseks. Nad heidavad oma tiivad maha ja hakkavad kaevama. See on ideaalne hetk nende kogumiseks. Kui neil ei ole enam tiibu, v\u00f5ite olla kindel, et nad on paaritud.<\/p>\n<p>Parim viis nende kogumiseks on kasutada vedrusterasest pintsette. Nende abil saate loomi haarata ilma neid vigastamata.<\/p>\n<p>Asetage need katseklaasi v\u00f5i v\u00e4ikesesse kasti, millel on ventilatsiooniavad. M\u00f5nda liiki tuleks transportida \u00fcksikult, teisi v\u00f5ib l\u00fchikest aega koos konteineris hoida, kuna nad on omavahel v\u00e4hem agressiivsed. Erinevaid liike tuleks alati eraldi hoida.<\/p>\n<p>Selleks, et teada saada, millal ja kus te oma sipelgakuningannat leiate, on n\u00fc\u00fcd internetis palju \"nuputamislennu graafikuid\". Oleme lingitud kaks n\u00e4idet allpool sellel lehek\u00fcljel.<\/p>\n<p>Palun veenduge, et te ei kogu kaitsealuseid v\u00f5i ohustatud liike, sest k\u00f5igis maailma riikides on rohkem kui piisavalt liike, mille populatsioonid on v\u00e4ga terved.<\/p>\n<p><strong>Abielulennu kaart saksa keeles:<\/strong><\/p>\n<p><a href=\"https:\/\/www.ameisenforum.de\/schwarmflug.php\">Ameisenforum.de<\/a><\/p>\n<p><strong>Abielulennu kaart inglise keeles:<\/strong><\/p>\n<p><a href=\"https:\/\/antflights.com\/stats\/flights\">Antflights.com<\/a><\/p>\n\n\t\t<\/div>\n\t\t\t\t\t<\/div>\n\n\t\n\n\t<div id=\"col-1056282637\" class=\"col medium-6 small-12 large-6\"  >\n\t\t\t\t<div class=\"col-inner\"  >\n\t\t\t\n\t\t\t\n\n\t<div class=\"img has-hover x md-x lg-x y md-y lg-y\" id=\"image_2000307412\">\n\t\t<a class=\"image-lightbox lightbox-gallery\" title=\"\" href=\"https:\/\/i0.wp.com\/antcube.shop\/wp-content\/uploads\/2021\/07\/Lasius-niger.jpg?ssl=1\">\t\t\t\t\t\t<div class=\"img-inner dark\" >\n\t\t\t<img data-recalc-dims=\"1\" loading=\"lazy\" decoding=\"async\" width=\"1000\" height=\"1000\" src=\"https:\/\/i0.wp.com\/antcube.shop\/wp-content\/uploads\/2021\/07\/Lasius-niger.jpg?resize=1000%2C1000&#038;ssl=1\" class=\"attachment-original size-original\" alt=\"Lasius niger sipelgakuninganna makrovalge taustaga\" srcset=\"https:\/\/i0.wp.com\/antcube.shop\/wp-content\/uploads\/2021\/07\/Lasius-niger.jpg?w=1000&amp;ssl=1 1000w, https:\/\/i0.wp.com\/antcube.shop\/wp-content\/uploads\/2021\/07\/Lasius-niger.jpg?resize=247%2C247&amp;ssl=1 247w, https:\/\/i0.wp.com\/antcube.shop\/wp-content\/uploads\/2021\/07\/Lasius-niger.jpg?resize=100%2C100&amp;ssl=1 100w, https:\/\/i0.wp.com\/antcube.shop\/wp-content\/uploads\/2021\/07\/Lasius-niger.jpg?resize=510%2C510&amp;ssl=1 510w, https:\/\/i0.wp.com\/antcube.shop\/wp-content\/uploads\/2021\/07\/Lasius-niger.jpg?resize=400%2C400&amp;ssl=1 400w, https:\/\/i0.wp.com\/antcube.shop\/wp-content\/uploads\/2021\/07\/Lasius-niger.jpg?resize=800%2C800&amp;ssl=1 800w, https:\/\/i0.wp.com\/antcube.shop\/wp-content\/uploads\/2021\/07\/Lasius-niger.jpg?resize=280%2C280&amp;ssl=1 280w, https:\/\/i0.wp.com\/antcube.shop\/wp-content\/uploads\/2021\/07\/Lasius-niger.jpg?resize=768%2C768&amp;ssl=1 768w\" sizes=\"auto, (max-width: 1000px) 100vw, 1000px\" \/>\t\t\t\t\t\t\n\t\t\t\t\t<\/div>\n\t\t\t\t\t\t<\/a>\t\t\n<style>\n#image_2000307412 {\n  width: 100%;\n}\n<\/style>\n\t<\/div>\n\t\n\n\t<div id=\"text-1194786766\" class=\"text\">\n\t\t\n\n<p>Lasius niger kuninganna<\/p>\n\t\t\n<style>\n#text-1194786766 {\n  text-align: center;\n}\n<\/style>\n\t<\/div>\n\t\n\n\t\t<\/div>\n\t\t\t\t\t<\/div>\n\n\t\n\n<\/div>","protected":false},"excerpt":{"rendered":"","protected":false},"author":1,"featured_media":0,"parent":0,"menu_order":0,"comment_status":"closed","ping_status":"closed","template":"","meta":{"_acf_changed":false,"content-type":"","_monsterinsights_skip_tracking":false,"_monsterinsights_sitenote_active":false,"_monsterinsights_sitenote_note":"","_monsterinsights_sitenote_category":0,"footnotes":""},"class_list":["post-702","page","type-page","status-publish","hentry"],"acf":[],"aioseo_notices":[],"jetpack_sharing_enabled":true,"_links":{"self":[{"href":"https:\/\/antcube.shop\/et\/wp-json\/wp\/v2\/pages\/702","targetHints":{"allow":["GET"]}}],"collection":[{"href":"https:\/\/antcube.shop\/et\/wp-json\/wp\/v2\/pages"}],"about":[{"href":"https:\/\/antcube.shop\/et\/wp-json\/wp\/v2\/types\/page"}],"author":[{"embeddable":true,"href":"https:\/\/antcube.shop\/et\/wp-json\/wp\/v2\/users\/1"}],"replies":[{"embeddable":true,"href":"https:\/\/antcube.shop\/et\/wp-json\/wp\/v2\/comments?post=702"}],"version-history":[{"count":10,"href":"https:\/\/antcube.shop\/et\/wp-json\/wp\/v2\/pages\/702\/revisions"}],"predecessor-version":[{"id":9149,"href":"https:\/\/antcube.shop\/et\/wp-json\/wp\/v2\/pages\/702\/revisions\/9149"}],"wp:attachment":[{"href":"https:\/\/antcube.shop\/et\/wp-json\/wp\/v2\/media?parent=702"}],"curies":[{"name":"wp","href":"https:\/\/api.w.org\/{rel}","templated":true}]}}