{"id":645,"date":"2021-07-30T13:36:43","date_gmt":"2021-07-30T11:36:43","guid":{"rendered":"https:\/\/antcube.shop\/?page_id=645"},"modified":"2024-11-29T15:29:21","modified_gmt":"2024-11-29T14:29:21","slug":"reach-regulation","status":"publish","type":"page","link":"https:\/\/antcube.shop\/et\/reach-regulation\/","title":{"rendered":"REACH-m\u00e4\u00e4rus"},"content":{"rendered":"<div id=\"gap-582196268\" class=\"gap-element clearfix\" style=\"display:block; height:auto;\">\n\t\t\n<style>\n#gap-582196268 {\n  padding-top: 198px;\n}\n@media (min-width:850px) {\n  #gap-582196268 {\n    padding-top: 190px;\n  }\n}\n<\/style>\n\t<\/div>\n\t\n\n<div class=\"row\"  id=\"row-132343017\">\n\n\n\t<div id=\"col-388600411\" class=\"col small-12 large-12\"  >\n\t\t\t\t<div class=\"col-inner\"  >\n\t\t\t\n\t\t\t\n\n<h3><b>Meie toodete REACH-vastavus<\/b><\/h3>\n<ol>\n<li><b> meie toodete staatus vastavalt REACH-m\u00e4\u00e4rusele <\/b><b><br \/><\/b><span style=\"font-weight: 400;\">ANTSTORE tooted on m\u00e4\u00e4ratletud kui <\/span><b>artiklid <\/b><span style=\"font-weight: 400;\">vastavalt REACH-m\u00e4\u00e4rusele.<\/span><\/li>\n<\/ol>\n<ul>\n<li style=\"font-weight: 400;\" aria-level=\"1\"><span style=\"font-weight: 400;\">Nende funktsiooni m\u00e4\u00e4ravad eelk\u00f5ige <\/span><b>nende kuju, vorm ja pind<\/b><span style=\"font-weight: 400;\">mitte nende keemilise koostise j\u00e4rgi.<\/span><\/li>\n<li style=\"font-weight: 400;\" aria-level=\"1\"><b>Registreerimine ei ole kohustuslik <\/b><span style=\"font-weight: 400;\">need tooted REACH-m\u00e4\u00e4ruse alusel.<\/span><\/li>\n<\/ul>\n<ol start=\"2\">\n<li><b> SVHC-ained (v\u00e4ga ohtlikud ained)<\/b><\/li>\n<\/ol>\n<ul>\n<li style=\"font-weight: 400;\" aria-level=\"1\"><span style=\"font-weight: 400;\">Meie tooted <\/span><b>ei sisalda mingeid aineid <\/b><span style=\"font-weight: 400;\">mille massisisaldus on \u00fcle 0,1 massiprotsendi ja mis on m\u00e4\u00e4ratletud kui <\/span><b>SVHC <\/b><span style=\"font-weight: 400;\">(eriti ohtlikud ained) vastavalt REACH-m\u00e4\u00e4ruse artiklile 57 ja on loetletud m\u00e4\u00e4ruse XIV lisas (nn kandidaatainete nimekiri).<\/span><\/li>\n<\/ul>\n<p><b>3 Roll j\u00e4reltarbijana <\/b><b><br \/><\/b><span style=\"font-weight: 400;\">REACH-m\u00e4\u00e4ruse kohaselt peetakse meie ettev\u00f5tet <\/span><b>allavoolu kasutaja<\/b><span style=\"font-weight: 400;\">.<\/span><\/p>\n<ul>\n<li style=\"font-weight: 400;\" aria-level=\"1\"><span style=\"font-weight: 400;\">K\u00f5ikide tootmisprotsessis kasutatavate ainete ja valmististe puhul (nt liimid, v\u00e4rvid, m\u00e4\u00e4rdeained):<\/span>\n<ul>\n<li style=\"font-weight: 400;\" aria-level=\"2\"><span style=\"font-weight: 400;\">Kas me oleme saanud oma tarnijatelt kinnitusi ja deklaratsioone kavandatud kasutuse ja (praeguse) <\/span><b>eelregistreerimine<\/b><span style=\"font-weight: 400;\">?<\/span><\/li>\n<li style=\"font-weight: 400;\" aria-level=\"2\"><span style=\"font-weight: 400;\">Oleme tihedas kontaktis oma tarnijatega, et tagada REACH-m\u00e4\u00e4ruse j\u00e4rgimine.<\/span><\/li>\n<\/ul>\n<\/li>\n<li style=\"font-weight: 400;\" aria-level=\"1\"><span style=\"font-weight: 400;\">Me ei kasuta mingeid aineid ega preparaate, mille puhul meie ettev\u00f5te vajaks oma (eel)registreerimist.<\/span><\/li>\n<\/ul>\n<p><span style=\"font-weight: 400;\">Kui teil on lisak\u00fcsimusi meie toodete REACH-vastavuse kohta, v\u00f5tke meiega \u00fchendust.<\/span><\/p>\n<p>\u00a0<\/p>\n<p>\u00a0<\/p>\n<p><a href=\"https:\/\/www.antstore.net\/shop\/images\/documents\/ant%20escape%20protection%20lacquer%20EN.pdf\" target=\"_blank\" rel=\"noopener\"><span style=\"font-family: verdana,arial,helvetica,sans-serif;\"><img data-recalc-dims=\"1\" decoding=\"async\" src=\"https:\/\/i0.wp.com\/www.antstore.net\/shop\/images\/pdf_logo.gif?w=1020&#038;ssl=1\" alt=\"\" border=\"0\" \/>\u00a0M\u00fcrkide v\u00e4ljap\u00e4\u00e4su kaitselaki ohutuskaart<\/span><\/a>\u00a0(inglise keeles) , (PDF 0,2 MB)<br \/><span style=\"color: #666666; font-family: arial,helvetica,sans-serif; font-size: xx-small;\">(sisu: ohutusjuhised)<\/span><\/p>\n<p><a href=\"https:\/\/www.antstore.net\/shop\/images\/documents\/ant_escape_protection_oil_en.pdf\" target=\"_blank\" rel=\"noopener\"><span style=\"font-family: verdana,arial,helvetica,sans-serif;\"><img data-recalc-dims=\"1\" decoding=\"async\" src=\"https:\/\/i0.wp.com\/www.antstore.net\/shop\/images\/pdf_logo.gif?w=1020&#038;ssl=1\" alt=\"\" border=\"0\" \/>\u00a0M\u00fcrkhi v\u00e4ljap\u00e4\u00e4su kaitsva \u00f5li ohutuskaart<\/span><\/a>\u00a0(inglise keeles) , (PDF 0,1 MB)<br \/><span style=\"color: #666666; font-family: arial,helvetica,sans-serif; font-size: xx-small;\">(sisu: ohutusjuhised)<\/span>\u00a0<\/p>\n\n\t\t<\/div>\n\t\t\t\t\t<\/div>\n\n\t\n\n<\/div>","protected":false},"excerpt":{"rendered":"","protected":false},"author":1,"featured_media":0,"parent":0,"menu_order":0,"comment_status":"closed","ping_status":"closed","template":"","meta":{"_acf_changed":false,"content-type":"","_monsterinsights_skip_tracking":false,"_monsterinsights_sitenote_active":false,"_monsterinsights_sitenote_note":"","_monsterinsights_sitenote_category":0,"footnotes":""},"class_list":["post-645","page","type-page","status-publish","hentry"],"acf":[],"aioseo_notices":[],"jetpack_sharing_enabled":true,"_links":{"self":[{"href":"https:\/\/antcube.shop\/et\/wp-json\/wp\/v2\/pages\/645","targetHints":{"allow":["GET"]}}],"collection":[{"href":"https:\/\/antcube.shop\/et\/wp-json\/wp\/v2\/pages"}],"about":[{"href":"https:\/\/antcube.shop\/et\/wp-json\/wp\/v2\/types\/page"}],"author":[{"embeddable":true,"href":"https:\/\/antcube.shop\/et\/wp-json\/wp\/v2\/users\/1"}],"replies":[{"embeddable":true,"href":"https:\/\/antcube.shop\/et\/wp-json\/wp\/v2\/comments?post=645"}],"version-history":[{"count":10,"href":"https:\/\/antcube.shop\/et\/wp-json\/wp\/v2\/pages\/645\/revisions"}],"predecessor-version":[{"id":10640,"href":"https:\/\/antcube.shop\/et\/wp-json\/wp\/v2\/pages\/645\/revisions\/10640"}],"wp:attachment":[{"href":"https:\/\/antcube.shop\/et\/wp-json\/wp\/v2\/media?parent=645"}],"curies":[{"name":"wp","href":"https:\/\/api.w.org\/{rel}","templated":true}]}}