{"id":643,"date":"2021-07-30T13:36:12","date_gmt":"2021-07-30T11:36:12","guid":{"rendered":"https:\/\/antcube.shop\/?page_id=643"},"modified":"2024-11-29T15:31:27","modified_gmt":"2024-11-29T14:31:27","slug":"electrical-devices-act","status":"publish","type":"page","link":"https:\/\/antcube.shop\/et\/electrical-devices-act\/","title":{"rendered":"Elektriseadmete seadus"},"content":{"rendered":"<div id=\"gap-132626634\" class=\"gap-element clearfix\" style=\"display:block; height:auto;\">\n\t\t\n<style>\n#gap-132626634 {\n  padding-top: 190px;\n}\n<\/style>\n\t<\/div>\n\t\n\n<div class=\"row\"  id=\"row-1863696351\">\n\n\n\t<div id=\"col-111659980\" class=\"col small-12 large-12\"  >\n\t\t\t\t<div class=\"col-inner\"  >\n\t\t\t\n\t\t\t\n\n\t<div id=\"text-4038406243\" class=\"text\">\n\t\t\n\n<h3><b>Saksamaa elektri- ja elektroonikaseadmete seaduse (ElektroG) kohane teave<\/b><\/h3>\n<p><span style=\"font-weight: 400;\">Meie WEEE registreerimisnumber: <\/span><b>DE 54590387<\/b><\/p>\n<p><b>1 Sissejuhatus <\/b><b><br \/><\/b><span style=\"font-weight: 400;\">ElektroG reguleerib <\/span><b>turuleviimine<\/b><span style=\"font-weight: 400;\">, <\/span><b>tagasiv\u00f5tmine <\/b><span style=\"font-weight: 400;\">ja <\/span><b>keskkonnaohutu k\u00f5rvaldamine <\/b><span style=\"font-weight: 400;\">elektri- ja elektroonikaseadmed. Eesm\u00e4rk on edendada keskkonnakaitset ja tagada v\u00e4\u00e4rtusliku tooraine ringlussev\u00f5tt.<\/span><\/p>\n<ol start=\"2\">\n<li><b> tarbijate \u00f5iguslikud kohustused<\/b><\/li>\n<\/ol>\n<ul>\n<li style=\"font-weight: 400;\" aria-level=\"1\"><b>J\u00e4\u00e4tmete k\u00f5rvaldamise keeld<\/b><span style=\"font-weight: 400;\">: Vanu elektriseadmeid ei tohi visata j\u00e4\u00e4kj\u00e4\u00e4tmete hulka.<\/span><\/li>\n<li style=\"font-weight: 400;\" aria-level=\"1\"><b>Tagasisaatmise kohustus<\/b><span style=\"font-weight: 400;\">: Tarbijad on seadusega kohustatud k\u00f5rvaldama kasutatud elektri- ja elektroonikaseadmete j\u00e4\u00e4tmed munitsipaalkogumiskeskustes (\u00d6RE - avalikud j\u00e4\u00e4tmek\u00e4itlusasutused) v\u00f5i asjakohastes tagasiv\u00f5tus\u00fcsteemides.<\/span><\/li>\n<li style=\"font-weight: 400;\" aria-level=\"1\"><b>Saasteained ja ringlussev\u00f5tt<\/b><span style=\"font-weight: 400;\">:<\/span>\n<ul>\n<li style=\"font-weight: 400;\" aria-level=\"2\"><span style=\"font-weight: 400;\">Vanad elektriseadmed v\u00f5ivad sisaldada kahjulikke aineid, mis v\u00f5ivad kahjustada keskkonda ja tervist, kui neid ei ladustata v\u00f5i ei k\u00f5rvaldata n\u00f5uetekohaselt.<\/span><\/li>\n<li style=\"font-weight: 400;\" aria-level=\"2\"><span style=\"font-weight: 400;\">Samal ajal sisaldavad need v\u00e4\u00e4rtuslikke tooraineid, nagu raud, plast, h\u00f5be v\u00f5i klaas, mida saab taaskasutada.<\/span><\/li>\n<\/ul>\n<\/li>\n<\/ul>\n<p><b>3 Millised seadmed on m\u00f5jutatud? <\/b><b><br \/><\/b><span style=\"font-weight: 400;\">ElektroG kehtib enamiku elektri- ja elektroonikaseadmete kohta, mis t\u00f6\u00f6tavad elektri v\u00f5i elektromagnetiliste v\u00e4ljade abil. Nende hulka kuuluvad muu hulgas:<\/span><\/p>\n<ul>\n<li style=\"font-weight: 400;\" aria-level=\"1\"><span style=\"font-weight: 400;\">Kliimakompuuter<\/span><\/li>\n<li style=\"font-weight: 400;\" aria-level=\"1\"><span style=\"font-weight: 400;\">K\u00fcttematt ja kaablid<\/span><\/li>\n<li style=\"font-weight: 400;\" aria-level=\"1\"><span style=\"font-weight: 400;\">Digitaalne termomeeter ja h\u00fcgromeeter<\/span><\/li>\n<li style=\"font-weight: 400;\" aria-level=\"1\"><span style=\"font-weight: 400;\">Niisutid (udukogujad)<\/span><\/li>\n<li style=\"font-weight: 400;\" aria-level=\"1\"><span style=\"font-weight: 400;\">F\u00e4nn<\/span><\/li>\n<\/ul>\n<p><span style=\"font-weight: 400;\">Asjaomaste kategooriate t\u00e4ielik loetelu on esitatud kehtivas \u00f5iguslikus direktiivis.<\/span><\/p>\n<p><b>4 M\u00f5jutatud seadmete m\u00e4rgistamine <\/b><b><br \/><\/b><span style=\"font-weight: 400;\">ElektroG alla kuuluvad tooted on t\u00e4histatud s\u00fcmboliga <\/span><b>\u00fcle kriipsutatud pr\u00fcgikast<\/b><span style=\"font-weight: 400;\">. See n\u00e4itab, et seadet ei tohi k\u00f5rvaldada koos j\u00e4\u00e4kj\u00e4\u00e4tmetega, vaid see tuleb k\u00f5rvaldada kogumispunktide v\u00f5i tagasiv\u00f5tus\u00fcsteemide kaudu.<\/span><\/p>\n<p><b>5 ANTSTORE kohustused vastavalt ElektroG-le <\/b><b><br \/><\/b><span style=\"font-weight: 400;\">ANTSTORE on t\u00e4itnud k\u00f5ik ElektroG-st tulenevad kohustused, et tagada keskkonnaohutu k\u00f5rvaldamine:<\/span><\/p>\n<ul>\n<li style=\"font-weight: 400;\" aria-level=\"1\"><b>Registreerimine EAR-is<\/b><span style=\"font-weight: 400;\">:<\/span>\n<ul>\n<li style=\"font-weight: 400;\" aria-level=\"2\"><span style=\"font-weight: 400;\">ANTSTORE on registreeritud sihtasutuses EAR (Elektri- ja elektroonikaseadmete j\u00e4\u00e4tmete register).<\/span><\/li>\n<li style=\"font-weight: 400;\" aria-level=\"2\"><span style=\"font-weight: 400;\">Meie WEEE registreerimisnumber: <\/span><b>DE <\/b><span style=\"font-weight: 400;\">54590387.<\/span><\/li>\n<\/ul>\n<\/li>\n<li style=\"font-weight: 400;\" aria-level=\"1\"><b>Tarnijate kontrollimine<\/b><span style=\"font-weight: 400;\">:<\/span>\n<ul>\n<li style=\"font-weight: 400;\" aria-level=\"2\"><span style=\"font-weight: 400;\">K\u00f5iki tarnijaid on kontrollitud ja kontrollitakse pidevalt registreerimiskohustuste t\u00e4itmise osas.<\/span><\/li>\n<\/ul>\n<\/li>\n<li style=\"font-weight: 400;\" aria-level=\"1\"><b>M\u00e4rgistamiskohustus<\/b><span style=\"font-weight: 400;\">:<\/span>\n<ul>\n<li style=\"font-weight: 400;\" aria-level=\"2\"><span style=\"font-weight: 400;\">K\u00f5ik ELis toodetud ja imporditud tooted on n\u00f5uetekohaselt m\u00e4rgistatud.<\/span><\/li>\n<\/ul>\n<\/li>\n<\/ul>\n<ol start=\"6\">\n<li><b> tagastamisv\u00f5imalused ANTSTORE harus <\/b><b><br \/><\/b><span style=\"font-weight: 400;\">Lisaks munitsipaalkogumispunktidele pakub ANTSTORE oma klientidele ka <\/span><b>vabatahtlik tagasip\u00f6\u00f6rdumine <\/b><span style=\"font-weight: 400;\">vanad seadmed:<\/span><\/li>\n<\/ol>\n<ul>\n<li style=\"font-weight: 400;\" aria-level=\"1\"><span style=\"font-weight: 400;\">Kliendid saavad oma vanu seadmeid tagastada <\/span><b>tasuta <\/b><span style=\"font-weight: 400;\">kui teete oste meie poes.<\/span><\/li>\n<li style=\"font-weight: 400;\" aria-level=\"1\"><span style=\"font-weight: 400;\">Nii toetame vanade elektriseadmete mugavat ja keskkonnas\u00f5bralikku k\u00f5rvaldamist.<\/span><\/li>\n<\/ul>\n<p><b>Kokkuv\u00f5te tarbijate jaoks<\/b><\/p>\n<ul>\n<li style=\"font-weight: 400;\" aria-level=\"1\"><span style=\"font-weight: 400;\">Kasutage munitsipaalkogumiskeskusi (\u00d6RE) v\u00f5i meie tagasiv\u00f5tus\u00fcsteeme kaupluses.<\/span><\/li>\n<li style=\"font-weight: 400;\" aria-level=\"1\"><span style=\"font-weight: 400;\">\u00c4rge kunagi visake vanu elektriseadmeid j\u00e4\u00e4kj\u00e4\u00e4tmete hulka.<\/span><\/li>\n<li style=\"font-weight: 400;\" aria-level=\"1\"><span style=\"font-weight: 400;\">Aidake kaitsta keskkonda ja ressursse, k\u00f5rvaldades j\u00e4\u00e4tmed n\u00f5uetekohaselt.<\/span><\/li>\n<\/ul>\n<p><span style=\"font-weight: 400;\">Kui teil on lisak\u00fcsimusi meie tagasiv\u00f5tu- ja k\u00f5rvaldamisteenuste kohta, v\u00f5tke meiega julgelt \u00fchendust.<\/span><\/p>\n<p><b>T\u00e4iendav teave:<\/b><\/p>\n<p><a href=\"https:\/\/www.stiftung-ear.de\/de\/home\"><span style=\"font-weight: 400;\">www.stiftung-ear.de<\/span><\/a><\/p>\n<p><a href=\"https:\/\/www.bmuv.de\/themen\/kreislaufwirtschaft\/abfallarten-und-abfallstroeme\/uebersicht-abfallarten-und-abfallstroeme\"><span style=\"font-weight: 400;\">www.bmu.de<\/span><\/a><\/p>\n\n\t\t\n<style>\n#text-4038406243 {\n  text-align: left;\n}\n<\/style>\n\t<\/div>\n\t\n\n\t\t<\/div>\n\t\t\t\t\t<\/div>\n\n\t\n\n<\/div>","protected":false},"excerpt":{"rendered":"","protected":false},"author":1,"featured_media":0,"parent":0,"menu_order":0,"comment_status":"closed","ping_status":"closed","template":"","meta":{"_acf_changed":false,"content-type":"","_monsterinsights_skip_tracking":false,"_monsterinsights_sitenote_active":false,"_monsterinsights_sitenote_note":"","_monsterinsights_sitenote_category":0,"footnotes":""},"class_list":["post-643","page","type-page","status-publish","hentry"],"acf":[],"aioseo_notices":[],"jetpack_sharing_enabled":true,"_links":{"self":[{"href":"https:\/\/antcube.shop\/et\/wp-json\/wp\/v2\/pages\/643","targetHints":{"allow":["GET"]}}],"collection":[{"href":"https:\/\/antcube.shop\/et\/wp-json\/wp\/v2\/pages"}],"about":[{"href":"https:\/\/antcube.shop\/et\/wp-json\/wp\/v2\/types\/page"}],"author":[{"embeddable":true,"href":"https:\/\/antcube.shop\/et\/wp-json\/wp\/v2\/users\/1"}],"replies":[{"embeddable":true,"href":"https:\/\/antcube.shop\/et\/wp-json\/wp\/v2\/comments?post=643"}],"version-history":[{"count":6,"href":"https:\/\/antcube.shop\/et\/wp-json\/wp\/v2\/pages\/643\/revisions"}],"predecessor-version":[{"id":10641,"href":"https:\/\/antcube.shop\/et\/wp-json\/wp\/v2\/pages\/643\/revisions\/10641"}],"wp:attachment":[{"href":"https:\/\/antcube.shop\/et\/wp-json\/wp\/v2\/media?parent=643"}],"curies":[{"name":"wp","href":"https:\/\/api.w.org\/{rel}","templated":true}]}}