{"id":641,"date":"2021-07-30T13:35:42","date_gmt":"2021-07-30T11:35:42","guid":{"rendered":"https:\/\/antcube.shop\/?page_id=641"},"modified":"2024-11-29T15:44:57","modified_gmt":"2024-11-29T14:44:57","slug":"patareioigus","status":"publish","type":"page","link":"https:\/\/antcube.shop\/et\/patareioigus\/","title":{"rendered":"Aku seadus"},"content":{"rendered":"<div id=\"gap-1657189164\" class=\"gap-element clearfix\" style=\"display:block; height:auto;\">\n\t\t\n<style>\n#gap-1657189164 {\n  padding-top: 190px;\n}\n<\/style>\n\t<\/div>\n\t\n\n<div class=\"row\"  id=\"row-1820020735\">\n\n\n\t<div id=\"col-368626245\" class=\"col small-12 large-12\"  >\n\t\t\t\t<div class=\"col-inner\"  >\n\t\t\t\n\t\t\t\n\n<h3><b>M\u00e4rkused patareiseaduse (BattG) kohta<\/b><\/h3>\n<ol>\n<li><b> seadmetes olevad patareid ja akud <\/b><b><br \/><\/b><span style=\"font-weight: 400;\">Paljud meie tooted sisaldavad patareisid v\u00f5i akusid, mida kasutatakse n\u00e4iteks kaugjuhtimispuldi k\u00e4itamiseks v\u00f5i seadmetesse p\u00fcsivalt paigaldatud komponentidena. Seoses nende patareide v\u00f5i akude m\u00fc\u00fcgiga soovime juhtida teie t\u00e4helepanu j\u00e4rgmisele:<\/span><\/li>\n<li><b> juriidiline kohustus tagastada<\/b><\/li>\n<\/ol>\n<ul>\n<li style=\"font-weight: 400;\" aria-level=\"1\"><b>Kasutatud patareide k\u00f5rvaldamine<\/b><span style=\"font-weight: 400;\"><br \/><\/span><span style=\"font-weight: 400;\"> Vastavalt patareiseadusele tuleb kasutatud patareid tasuta \u00e4ra anda munitsipaalkogumiskeskuses, spetsiaalsetes kasutatud patareide konteinerites v\u00f5i kohalikus jaem\u00fc\u00fcjas.<\/span><\/li>\n<li style=\"font-weight: 400;\" aria-level=\"1\"><b>Kodumajapidamisj\u00e4\u00e4tmete k\u00f5rvaldamise keeld<\/b><span style=\"font-weight: 400;\"><br \/><\/span><span style=\"font-weight: 400;\">Patareide k\u00f5rvaldamine olmej\u00e4\u00e4tmete hulka on selges\u00f5naliselt keelatud.<\/span><\/li>\n<\/ul>\n<ol start=\"3\">\n<li><b> tagastamisv\u00f5imalused ANTSTORE'is <\/b><b><br \/><\/b><span style=\"font-weight: 400;\">Kui te ei soovi kasutada kohalikku kogumispunkti v\u00f5i kohalikku jaem\u00fc\u00fcjat, pakume teile j\u00e4rgmisi v\u00f5imalusi meie poolt tarnitud patareide tagastamiseks:<\/span><\/li>\n<\/ol>\n<ul>\n<li style=\"font-weight: 400;\" aria-level=\"1\"><b>Tasuta tagastamine kohapeal<\/b><span style=\"font-weight: 400;\"><br \/><\/span><span style=\"font-weight: 400;\">Akud saate tagastada otse meie kauplusesse.<\/span><\/li>\n<li style=\"font-weight: 400;\" aria-level=\"1\"><b>Tagastamine posti teel<\/b><span style=\"font-weight: 400;\"><br \/><\/span><span style=\"font-weight: 400;\">Saatke patareid aadressil:<\/span><span style=\"font-weight: 400;\"><br \/><\/span><b>ANTSTORE<\/b><b><br \/><\/b><b>Selerweg 41<\/b><b><br \/><\/b><b>D-12169 Berliin<\/b><\/li>\n<\/ul>\n<ol start=\"4\">\n<li><b> kahjulikke aineid sisaldavate patareide m\u00e4rgistamine <\/b><b><br \/><\/b><span style=\"font-weight: 400;\">Kahjulikke aineid sisaldavad patareid on t\u00e4histatud s\u00fcmboliga <\/span><b>\u00fcle kriipsutatud pr\u00fcgikast<\/b><span style=\"font-weight: 400;\">. Selle s\u00fcmboli all leiate sisalduvate kahjulike ainete keemilised l\u00fchendid:<\/span><\/li>\n<\/ol>\n<ul>\n<li style=\"font-weight: 400;\" aria-level=\"1\"><b>Pb <\/b><span style=\"font-weight: 400;\">= aku sisaldab pliid<\/span><\/li>\n<li style=\"font-weight: 400;\" aria-level=\"1\"><b>Cd <\/b><span style=\"font-weight: 400;\">= aku sisaldab kaadmiumi<\/span><\/li>\n<li style=\"font-weight: 400;\" aria-level=\"1\"><b>Hg <\/b><span style=\"font-weight: 400;\">= aku sisaldab elavh\u00f5bedat<\/span><\/li>\n<\/ul>\n<ol start=\"5\">\n<li><b> t\u00e4iendav teave<\/b><\/li>\n<\/ol>\n<ul>\n<li style=\"font-weight: 400;\" aria-level=\"1\"><span style=\"font-weight: 400;\">Leiad \u00fcksikasjalikku teavet:<\/span>\n<ul>\n<li style=\"font-weight: 400;\" aria-level=\"2\"><span style=\"font-weight: 400;\">Teie kaubatarnega kaasas olevates dokumentides.<\/span><\/li>\n<li style=\"font-weight: 400;\" aria-level=\"2\"><span style=\"font-weight: 400;\">Vastava seadme tootja kasutusjuhendis.<\/span><\/li>\n<\/ul>\n<\/li>\n<li style=\"font-weight: 400;\" aria-level=\"1\"><span style=\"font-weight: 400;\">T\u00e4iendavat teavet saate patareiseaduse kohta:<\/span>\n<ul>\n<li style=\"font-weight: 400;\" aria-level=\"2\"><span style=\"font-weight: 400;\">Keskkonna-, looduskaitse- ja tuumaohutuse f\u00f6deraalministeeriumis <\/span><a href=\"http:\/\/www.bmu.de\/abfallwirtschaft\"><span style=\"font-weight: 400;\">(<\/span><span style=\"font-weight: 400;\">www.bmu.de)<\/span><\/a><\/li>\n<li style=\"font-weight: 400;\" aria-level=\"2\"><span style=\"font-weight: 400;\">F\u00f6deraalses Keskkonnaagentuuris <\/span><a href=\"http:\/\/www.uba.de\"><span style=\"font-weight: 400;\">(<\/span><span style=\"font-weight: 400;\">www.uba.de)<\/span><\/a><\/li>\n<\/ul>\n<\/li>\n<\/ul>\n<p><b>Kokkuv\u00f5te<\/b><\/p>\n<ul>\n<li style=\"font-weight: 400;\" aria-level=\"1\"><span style=\"font-weight: 400;\">Patareid ei kuulu majapidamisj\u00e4\u00e4tmete hulka.<\/span><\/li>\n<li style=\"font-weight: 400;\" aria-level=\"1\"><span style=\"font-weight: 400;\">Kasutage munitsipaalkogumispunkte, kasutatud patareide konteinereid v\u00f5i ANTSTORE'i tagastamisv\u00f5imalusi.<\/span><\/li>\n<li style=\"font-weight: 400;\" aria-level=\"1\"><span style=\"font-weight: 400;\">Hoidke silm peal l\u00e4bistatud pr\u00fcgikasti s\u00fcmbolile ja saasteainete m\u00e4rgistusele.<\/span><\/li>\n<\/ul>\n<p><span style=\"font-weight: 400;\">Ait\u00e4h, et aitate aktiivselt kaasa keskkonnakaitsele, k\u00f5rvaldades patareid \u00f5igesti!<\/span><\/p>\n<h3><br \/><br \/><br \/><br \/><br \/><br \/><\/h3>\n\n\t\t<\/div>\n\t\t\t\t\t<\/div>\n\n\t\n\n<\/div>","protected":false},"excerpt":{"rendered":"","protected":false},"author":1,"featured_media":0,"parent":0,"menu_order":0,"comment_status":"closed","ping_status":"closed","template":"","meta":{"_acf_changed":false,"content-type":"","_monsterinsights_skip_tracking":false,"_monsterinsights_sitenote_active":false,"_monsterinsights_sitenote_note":"","_monsterinsights_sitenote_category":0,"footnotes":""},"class_list":["post-641","page","type-page","status-publish","hentry"],"acf":[],"aioseo_notices":[],"jetpack_sharing_enabled":true,"_links":{"self":[{"href":"https:\/\/antcube.shop\/et\/wp-json\/wp\/v2\/pages\/641","targetHints":{"allow":["GET"]}}],"collection":[{"href":"https:\/\/antcube.shop\/et\/wp-json\/wp\/v2\/pages"}],"about":[{"href":"https:\/\/antcube.shop\/et\/wp-json\/wp\/v2\/types\/page"}],"author":[{"embeddable":true,"href":"https:\/\/antcube.shop\/et\/wp-json\/wp\/v2\/users\/1"}],"replies":[{"embeddable":true,"href":"https:\/\/antcube.shop\/et\/wp-json\/wp\/v2\/comments?post=641"}],"version-history":[{"count":3,"href":"https:\/\/antcube.shop\/et\/wp-json\/wp\/v2\/pages\/641\/revisions"}],"predecessor-version":[{"id":10643,"href":"https:\/\/antcube.shop\/et\/wp-json\/wp\/v2\/pages\/641\/revisions\/10643"}],"wp:attachment":[{"href":"https:\/\/antcube.shop\/et\/wp-json\/wp\/v2\/media?parent=641"}],"curies":[{"name":"wp","href":"https:\/\/api.w.org\/{rel}","templated":true}]}}