{"id":630,"date":"2021-07-30T13:32:17","date_gmt":"2021-07-30T11:32:17","guid":{"rendered":"https:\/\/antcube.shop\/?page_id=630"},"modified":"2025-07-23T17:23:54","modified_gmt":"2025-07-23T15:23:54","slug":"juriidiline-teatis","status":"publish","type":"page","link":"https:\/\/antcube.shop\/et\/juriidiline-teatis\/","title":{"rendered":"\u00d5igusteave"},"content":{"rendered":"<div id=\"gap-1904953158\" class=\"gap-element clearfix\" style=\"display:block; height:auto;\">\n\t\t\n<style>\n#gap-1904953158 {\n  padding-top: 199px;\n}\n@media (min-width:850px) {\n  #gap-1904953158 {\n    padding-top: 190px;\n  }\n}\n<\/style>\n\t<\/div>\n\t\n\n<div class=\"row\"  id=\"row-891592210\">\n\n\n\t<div id=\"col-611631473\" class=\"col small-12 large-12\"  >\n\t\t\t\t<div class=\"col-inner\"  >\n\t\t\t\n\t\t\t\n\n<h1>\u00d5igusteave<\/h1>\n<p><strong>ANTCUBE poolt <\/strong><b>ANTSTORE, Martin Sebesta<\/b><b><br \/><\/b><span style=\"font-weight: 400;\">Selerweg 41<\/span><span style=\"font-weight: 400;\"><br \/><\/span><span style=\"font-weight: 400;\">D-12169 Berliin<\/span><\/p>\n<p><b>Kontakt<\/b><b><br \/><\/b><span style=\"font-weight: 400;\">Telefon: +49 30 439703870<\/span><span style=\"font-weight: 400;\"><br \/><\/span><span style=\"font-weight: 400;\">E-mail:law@ants.de\u00a0<\/span><\/p>\n<p><b>M\u00fc\u00fcgimaksu identifitseerimisnumber: <\/b><span style=\"font-weight: 400;\">DE215167549 <\/span><span style=\"font-weight: 400;\"><br \/><\/span><b>WEEE reg. nr: <\/b><span style=\"font-weight: 400;\">DE54590387<\/span><\/p>\n<p><b>Vastutab sisu eest vastavalt \u00a7 55 Abs. 2 RStV: <\/b><b><br \/><\/b><span style=\"font-weight: 400;\">Martin Sebesta (aadress nagu eespool)<\/span><\/p>\n<p><b>Teave veebilehe kasutamise kohta<\/b><b><br \/><\/b><span style=\"font-weight: 400;\">Meie veebisaidi \u00fcksikute lehek\u00fclgede v\u00f5i osade allalaadimine v\u00f5i v\u00e4ljatr\u00fckkimine on lubatud isiklikuks kasutamiseks.<\/span><span style=\"font-weight: 400;\"><br \/><\/span><span style=\"font-weight: 400;\"> K\u00e4esoleva veebilehe t\u00e4ielik v\u00f5i osaline reprodutseerimine, levitamine, edastamine (elektrooniliselt v\u00f5i muul viisil), muutmine v\u00f5i kasutamine avalikel v\u00f5i kaubanduslikel eesm\u00e4rkidel on keelatud ilma meie eelneva kirjaliku n\u00f5usolekuta.<\/span><\/p>\n<p><b>Lubatud kasutamine mittekaubanduslikel eesm\u00e4rkidel: <\/b><b><br \/><\/b><span style=\"font-weight: 400;\">Meie tootepiltide kasutamine reklaamiks kohalikes kauplustes on lubatud j\u00e4rgmistel tingimustel:<\/span><\/p>\n<ul>\n<li style=\"font-weight: 400;\" aria-level=\"1\"><span style=\"font-weight: 400;\">K\u00f5ik pildid peavad olema m\u00e4rgistatud allika ja meie logoga (ANTSTORE\/ ANTCUBE\/ PLANTCUBE). <\/span><span style=\"font-weight: 400;\"><br \/><\/span><b>Tr\u00fckised: <\/b><span style=\"font-weight: 400;\">Allikas: <\/span><a href=\"https:\/\/www.antstore.de\"><span style=\"font-weight: 400;\">www.antstore.de<\/span><span style=\"font-weight: 400;\"><br \/><\/span><\/a><b> Veebilehed: <\/b><span style=\"font-weight: 400;\">Allikas: <\/span><a href=\"https:\/\/www.antstore.de\"><span style=\"font-weight: 400;\">www.antstore.de<\/span><\/a><span style=\"font-weight: 400;\"> (koos lingiga www.antstore.net\/shop\/) v\u00f5i <\/span><a href=\"https:\/\/www.antcube.shop\"><span style=\"font-weight: 400;\">www.antcube.shop<\/span><\/a><\/li>\n<\/ul>\n<p><span style=\"font-weight: 400;\">Kui teil on k\u00fcsimusi logo \u00f5ige paigutuse kohta ja kui soovite seda saada digitaalse failina, v\u00f5tke meiega \u00fchendust aadressil marketing@antcube.de.<\/span><\/p>\n<p><b>Oluline m\u00e4rkus: <\/b><b><br \/><\/b><span style=\"font-weight: 400;\">Meie piltide kasutamine veebipoodides v\u00f5i muudel \u00e4rilistel eesm\u00e4rkidel on ilma kirjaliku loata keelatud.<\/span><\/p>\n<p><b>M\u00e4rkus veebisaidil olevate linkide kohta <\/b><b><br \/><\/b><span style=\"font-weight: 400;\">Meie veebisait sisaldab linke v\u00e4listele veebisaitidele. Me ei vastuta nende veebisaitide sisu eest, kuna meil ei ole nende kujunduse ja sisu suhtes mingit m\u00f5ju.<\/span><\/p>\n<p><span style=\"font-weight: 400;\">Me kinnitame selges\u00f5naliselt, et me ei v\u00f5ta v\u00e4liste veebisaitide sisu enda omaks.<\/span><span style=\"font-weight: 400;\"><br \/><\/span><span style=\"font-weight: 400;\"> Meie veebisaidil olevaid linke tuleb m\u00f5ista kui \"elavaid\" (d\u00fcnaamilisi) viiteid.<\/span><span style=\"font-weight: 400;\"><br \/><\/span><span style=\"font-weight: 400;\"> Kui me tuvastame, et konkreetne pakkumine, millele me oleme andnud lingi, tekitab tsiviil- v\u00f5i kriminaalvastutuse, eemaldame selle lingi, kui see on tehniliselt v\u00f5imalik ja m\u00f5istlik.<\/span><\/p>\n<p>Disain, sisu ja tehniline teostus: Janik Wiedemann<\/p>\n\n\t\t<\/div>\n\t\t\t\t\t<\/div>\n\n\t\n\n<\/div>","protected":false},"excerpt":{"rendered":"","protected":false},"author":1,"featured_media":0,"parent":0,"menu_order":0,"comment_status":"closed","ping_status":"closed","template":"","meta":{"_acf_changed":false,"content-type":"","_monsterinsights_skip_tracking":false,"_monsterinsights_sitenote_active":false,"_monsterinsights_sitenote_note":"","_monsterinsights_sitenote_category":0,"footnotes":""},"class_list":["post-630","page","type-page","status-publish","hentry"],"acf":[],"aioseo_notices":[],"jetpack_sharing_enabled":true,"_links":{"self":[{"href":"https:\/\/antcube.shop\/et\/wp-json\/wp\/v2\/pages\/630","targetHints":{"allow":["GET"]}}],"collection":[{"href":"https:\/\/antcube.shop\/et\/wp-json\/wp\/v2\/pages"}],"about":[{"href":"https:\/\/antcube.shop\/et\/wp-json\/wp\/v2\/types\/page"}],"author":[{"embeddable":true,"href":"https:\/\/antcube.shop\/et\/wp-json\/wp\/v2\/users\/1"}],"replies":[{"embeddable":true,"href":"https:\/\/antcube.shop\/et\/wp-json\/wp\/v2\/comments?post=630"}],"version-history":[{"count":10,"href":"https:\/\/antcube.shop\/et\/wp-json\/wp\/v2\/pages\/630\/revisions"}],"predecessor-version":[{"id":12006,"href":"https:\/\/antcube.shop\/et\/wp-json\/wp\/v2\/pages\/630\/revisions\/12006"}],"wp:attachment":[{"href":"https:\/\/antcube.shop\/et\/wp-json\/wp\/v2\/media?parent=630"}],"curies":[{"name":"wp","href":"https:\/\/api.w.org\/{rel}","templated":true}]}}