{"id":628,"date":"2021-07-30T13:29:33","date_gmt":"2021-07-30T11:29:33","guid":{"rendered":"https:\/\/antcube.shop\/?page_id=628"},"modified":"2025-11-17T11:20:38","modified_gmt":"2025-11-17T10:20:38","slug":"edasimuuja","status":"publish","type":"page","link":"https:\/\/antcube.shop\/et\/edasimuuja\/","title":{"rendered":"Hakka edasim\u00fc\u00fcjaks"},"content":{"rendered":"<div id=\"gap-1196460427\" class=\"gap-element clearfix\" style=\"display:block; height:auto;\">\n\t\t\n<style>\n#gap-1196460427 {\n  padding-top: 181px;\n}\n@media (min-width:550px) {\n  #gap-1196460427 {\n    padding-top: 185px;\n  }\n}\n@media (min-width:850px) {\n  #gap-1196460427 {\n    padding-top: 137px;\n  }\n}\n<\/style>\n\t<\/div>\n\t\n\n\n  <div class=\"banner has-hover\" id=\"banner-1223709396\">\n          <div class=\"banner-inner fill\">\n        <div class=\"banner-bg fill\" >\n            <img loading=\"lazy\" decoding=\"async\" width=\"900\" height=\"600\" src=\"https:\/\/i0.wp.com\/antcube.shop\/wp-content\/uploads\/2021\/09\/pexels-thirdman-5684382-scaled.jpg?fit=900%2C600&amp;ssl=1\" class=\"bg attachment-large size-large\" alt=\"\" \/>                        <div class=\"overlay\"><\/div>            \n                    <\/div>\n\t\t\n        <div class=\"banner-layers container\">\n            <div class=\"fill banner-link\"><\/div>            \n\n   <div id=\"text-box-1204135241\" class=\"text-box banner-layer x0 md-x50 lg-x50 y50 md-y85 lg-y35 res-text\">\n                                <div class=\"text-box-content text dark text-shadow-3\">\n              \n              <div class=\"text-inner text-center\">\n                  \n\n\t<div id=\"text-1083115535\" class=\"text\">\n\t\t\n\n<h1><strong>Otsime edasim\u00fc\u00fcjaid!<\/strong><\/h1>\n<p>Otsime edasim\u00fc\u00fcjaid ja partnereid, kes m\u00fc\u00fcksid meie ANTCUBE tooteid sipelgate pidajatele \u00fcle kogu maailma. Kui soovite meiega liituda ja osaleda \u00fclemaailmse sipelgate ja loodushuviliste kogukonna loomises<\/p>\n\t\t\n<style>\n#text-1083115535 {\n  font-size: 0.75rem;\n  line-height: 1;\n  text-align: center;\n}\n@media (min-width:550px) {\n  #text-1083115535 {\n    font-size: 0.95rem;\n  }\n}\n@media (min-width:850px) {\n  #text-1083115535 {\n    font-size: 1.25rem;\n  }\n}\n<\/style>\n\t<\/div>\n\t\n\t<div id=\"text-292034993\" class=\"text\">\n\t\t\n\n<p>V\u00f5tke meiega \u00fchendust aadressil\u00a0<\/p>\n\t\t\n<style>\n#text-292034993 {\n  font-size: 1.05rem;\n  line-height: 0.75;\n}\n@media (min-width:550px) {\n  #text-292034993 {\n    font-size: 2.25rem;\n  }\n}\n<\/style>\n\t<\/div>\n\t\n\t<div id=\"text-2302771927\" class=\"text\">\n\t\t\n\n<p>sales@antcube.de<\/p>\n\t\t\n<style>\n#text-2302771927 {\n  font-size: 0.75rem;\n  line-height: 0.75;\n}\n@media (min-width:550px) {\n  #text-2302771927 {\n    font-size: 2.25rem;\n  }\n}\n<\/style>\n\t<\/div>\n\t\n\n              <\/div>\n           <\/div>\n                            \n<style>\n#text-box-1204135241 {\n  width: 100%;\n}\n#text-box-1204135241 .text-box-content {\n  font-size: 100%;\n}\n@media (min-width:550px) {\n  #text-box-1204135241 {\n    width: 87%;\n  }\n}\n<\/style>\n    <\/div>\n \n\n        <\/div>\n      <\/div>\n\n              <div class=\"height-fix is-invisible\"><img loading=\"lazy\" decoding=\"async\" width=\"900\" height=\"600\" src=\"https:\/\/i0.wp.com\/antcube.shop\/wp-content\/uploads\/2021\/09\/pexels-thirdman-5684382-scaled.jpg?fit=900%2C600&amp;ssl=1\" class=\"attachment-large size-large\" alt=\"\" srcset=\"https:\/\/i0.wp.com\/antcube.shop\/wp-content\/uploads\/2021\/09\/pexels-thirdman-5684382-scaled.jpg?w=2560&amp;ssl=1 2560w, https:\/\/i0.wp.com\/antcube.shop\/wp-content\/uploads\/2021\/09\/pexels-thirdman-5684382-scaled.jpg?resize=510%2C340&amp;ssl=1 510w, https:\/\/i0.wp.com\/antcube.shop\/wp-content\/uploads\/2021\/09\/pexels-thirdman-5684382-scaled.jpg?resize=600%2C400&amp;ssl=1 600w, https:\/\/i0.wp.com\/antcube.shop\/wp-content\/uploads\/2021\/09\/pexels-thirdman-5684382-scaled.jpg?resize=1200%2C800&amp;ssl=1 1200w, https:\/\/i0.wp.com\/antcube.shop\/wp-content\/uploads\/2021\/09\/pexels-thirdman-5684382-scaled.jpg?resize=768%2C512&amp;ssl=1 768w, https:\/\/i0.wp.com\/antcube.shop\/wp-content\/uploads\/2021\/09\/pexels-thirdman-5684382-scaled.jpg?resize=1536%2C1024&amp;ssl=1 1536w, https:\/\/i0.wp.com\/antcube.shop\/wp-content\/uploads\/2021\/09\/pexels-thirdman-5684382-scaled.jpg?resize=2048%2C1365&amp;ssl=1 2048w\" sizes=\"auto, (max-width: 900px) 100vw, 900px\" \/><\/div>\n            \n<style>\n#banner-1223709396 .overlay {\n  background-color: rgba(0, 0, 0, 0.174);\n}\n#banner-1223709396 .banner-bg img {\n  object-position: 50% 45%;\n}\n<\/style>\n  <\/div>\n\n\n\t<div id=\"gap-1228344880\" class=\"gap-element clearfix\" style=\"display:block; height:auto;\">\n\t\t\n<style>\n#gap-1228344880 {\n  padding-top: 30px;\n}\n<\/style>\n\t<\/div>\n\t\n\n<div class=\"row\"  id=\"row-1415087017\">\n\n\n\t<div id=\"col-401783717\" class=\"col small-12 large-12\"  >\n\t\t\t\t<div class=\"col-inner\"  >\n\t\t\t\n\t\t\t\n\n<div class=\"wp-block-cover alignfull has-nv-site-bg-background-color has-background-dim\">\n<div class=\"wp-block-cover__inner-container\">\n<h2 class=\"has-text-align-center has-neve-text-color-color has-text-color\">Kas olete huvitatud meie toodete m\u00fc\u00fcgist?<\/h2>\n<\/div>\n<\/div>\n<h2 class=\"has-text-align-center has-medium-font-size\">Meie eesm\u00e4rk<\/h2>\n<p class=\"has-text-align-center\">Otsime edasim\u00fc\u00fcjaid ja partnereid, kes m\u00fc\u00fcksid meie ANTCUBE tooteid sipelgate pidajatele \u00fcle kogu maailma. Me tahame luua rahvusvahelise kogukonna poeomanikest ja harrastajatest, et muuta sipelgate pidamine populaarsemaks ja professionaalsemaks. Kui teil on juba kauplus v\u00f5i otsite uut \u00e4riv\u00f5imalust, v\u00f5tke meiega julgelt \u00fchendust.<\/p>\n<h2 class=\"has-text-align-center has-medium-font-size\">Sipelgate pidamine on kasvav \u00e4ri<\/h2>\n<p class=\"has-text-align-center\">Viimastel aastatel on sipelgate pidamine muutunud v\u00e4ga populaarseks. Oleme tunnistajaks kasvavale kirglike sipelgahuviliste kogukonnale \u00fcle kogu maailma. Lisaks saame \u00fcha rohkem taotlusi ettev\u00f5tetelt, loomaaedadelt, muuseumidelt, \u00fclikoolidelt, teadusasutustelt jne.<\/p>\n<h2 class=\"has-text-align-center has-medium-font-size\" style=\"font-size: 23.04px;\">\u00a0<\/h2>\n<p><img data-recalc-dims=\"1\" loading=\"lazy\" decoding=\"async\" class=\"size-medium wp-image-3944 aligncenter\" src=\"https:\/\/i0.wp.com\/antcube.shop\/wp-content\/uploads\/2021\/11\/Palette-Beispiel-mit-Export-600x400.jpg?resize=600%2C400&#038;ssl=1\" alt=\"\" width=\"600\" height=\"400\" srcset=\"https:\/\/i0.wp.com\/antcube.shop\/wp-content\/uploads\/2021\/11\/Palette-Beispiel-mit-Export-scaled.jpg?resize=600%2C400&amp;ssl=1 600w, https:\/\/i0.wp.com\/antcube.shop\/wp-content\/uploads\/2021\/11\/Palette-Beispiel-mit-Export-scaled.jpg?resize=1200%2C800&amp;ssl=1 1200w, https:\/\/i0.wp.com\/antcube.shop\/wp-content\/uploads\/2021\/11\/Palette-Beispiel-mit-Export-scaled.jpg?resize=768%2C512&amp;ssl=1 768w, https:\/\/i0.wp.com\/antcube.shop\/wp-content\/uploads\/2021\/11\/Palette-Beispiel-mit-Export-scaled.jpg?resize=1536%2C1024&amp;ssl=1 1536w, https:\/\/i0.wp.com\/antcube.shop\/wp-content\/uploads\/2021\/11\/Palette-Beispiel-mit-Export-scaled.jpg?resize=2048%2C1365&amp;ssl=1 2048w, https:\/\/i0.wp.com\/antcube.shop\/wp-content\/uploads\/2021\/11\/Palette-Beispiel-mit-Export-scaled.jpg?resize=18%2C12&amp;ssl=1 18w, https:\/\/i0.wp.com\/antcube.shop\/wp-content\/uploads\/2021\/11\/Palette-Beispiel-mit-Export-scaled.jpg?resize=510%2C340&amp;ssl=1 510w\" sizes=\"auto, (max-width: 600px) 100vw, 600px\" \/><\/p>\n<h2 class=\"has-text-align-center has-medium-font-size\">Miks ANTCUBE?<\/h2>\n<p class=\"has-text-align-center\">Oleme \u00fcks suurimaid ja pikima ajalooga sipelgapoode maailmas. Enam kui 20-aastane kogemus sipelgate pidamisel ja formikaariumi ehitamisel on teinud meid selliseks, nagu me t\u00e4na oleme. Oleme veendunud, et kvaliteet, vastupidavus ja j\u00e4tkusuutlikkus muutuvad \u00fcha olulisemaks. Seet\u00f5ttu keskendume oma formikaariumi materjalina klaasile. Erinevalt akr\u00fc\u00fclist ja plastikust j\u00e4tab klaas palju v\u00e4iksema \u00f6koloogilise jalaj\u00e4lje. Lisaks t\u00f6\u00f6tame t\u00e4ielikult taaskasutatavate pakendite kallal.<\/p>\n<p class=\"has-text-align-center\">Klaasi eeliseks on ka see, et see ei rikne \u00fchelgi sipelgate pidamiseks sobival temperatuuril ega niiskusel. Klaasist klaasid ei kriimustu nii kiiresti, ei deformeeru ega v\u00e4rvu. Puhastamine ja kasutamine on lihtne, v\u00e4limus on v\u00e4ga loomulik ja \u0161ikk. Meie p\u00f5genemiskaitse on v\u00e4ga t\u00f5hus, isegi eriti v\u00e4ikeste sipelgaliikide puhul, ning kohanemis- ja laienemisv\u00f5imalused on l\u00f5putud.<\/p>\n<h2 class=\"has-text-align-center has-medium-font-size\">Miks sipelgate pidamine?<\/h2>\n<p class=\"has-text-align-center\">Sipelgaid on s\u00f5ltuvalt liigist v\u00e4ga lihtne pidada. Vaja on v\u00e4he ruumi ja neid saab toita peaaegu k\u00f5igega. Sipelgad ei tekita peaaegu mingit l\u00f5hna, on v\u00e4ga puhtad loomad, ei tee m\u00fcra ja ei tekita peaaegu mingeid kulusid p\u00e4rast koloonia ja formikaariumi soetamist. Pealegi ei pea nad kunagi loomaarsti juures k\u00e4ima.<\/p>\n<p class=\"has-text-align-center\">Sipelgad on uskumatult paeluvad. J\u00e4lgida, kuidas \u00fcks kuninganna kasvatab aastate jooksul oma esimesi t\u00f6\u00f6lisi ja seej\u00e4rel j\u00e4lgib, kuidas tema koloonia kasvab aastate jooksul tuhandete liikmeteks t\u00e4nu t\u00e4iuslikule koost\u00f6\u00f6le ja ressursside kasutamisele, on ainulaadne kogemus. Nad on \u00e4\u00e4rmiselt sotsiaalsed loomad ja m\u00f5ned liigid moodustavad erinevaid kaste, nagu t\u00f6\u00f6lised, s\u00f5durid, p\u00f5llumehed v\u00f5i isegi \u00f5ed, ning arvake \u00e4ra, et nad k\u00f5ik on emased. Sipelgad on ka meie keskkonna jaoks uskumatult olulised. Nad ei ole mitte ainult esindatud igas elamisk\u00f5lblikus \u00f6kos\u00fcsteemis maailmas, vaid nad on spetsialiseerunud ja mitmek\u00fclgsemad kui \u00fckski teine liik. Sipelgad on meiega sarnased ka oma eluviisilt. T\u00f6\u00f6jaotus, koos elamine suurtes kolooniates piiratud ruumis ja toiduahela eri tasandite kasutamine k\u00f5igis \u00f6kos\u00fcsteemides teeb nad nii edukaks, nagu ka meie, inimesed. Ainus erinevus on see, et me ei ole kaugeltki nii t\u00f5husad ja sipelgad on eksisteerinud juba \u00fcle 130 miljoni aasta, samas kui inimesed on eksisteerinud alles umbes 300 000 aastat.<\/p>\n\n\t\t<\/div>\n\t\t\t\t\t<\/div>\n\n\t\n\n<\/div>\n<div class=\"row\"  id=\"row-2013667506\">\n\n\n\t<div id=\"col-538053141\" class=\"col medium-6 large-6\"  >\n\t\t\t\t<div class=\"col-inner\" style=\"background-color:#61ca9f;\" >\n\t\t\t\n\t\t\t\n\n<div class=\"container section-title-container\" ><h3 class=\"section-title section-title-normal\"><b aria-hidden=\"true\"><\/b><span class=\"section-title-main\" ><i class=\"icon-envelop\" aria-hidden=\"true\"><\/i>V\u00f5tke meiega \u00fchendust<\/span><b aria-hidden=\"true\"><\/b><\/h3><\/div>\n\n\t<div id=\"text-3689534068\" class=\"text\">\n\t\t\n\n<\/p>\n<ul>\n<li><strong>E-Mail<\/strong>: sales@antcube.de<\/li>\n<li><strong>Telefon<\/strong>: +49 30 439703870<\/li>\n<\/ul>\n<p><strong>T\u00f6\u00f6aeg <\/strong>(UTC\/GMT +1):<\/p>\n<ul>\n<li>Teisip\u00e4evast reedeni kell 10:00 - 18:00<\/li>\n<\/ul>\n\n\t\t\n<style>\n#text-3689534068 {\n  font-size: 0.75rem;\n}\n@media (min-width:550px) {\n  #text-3689534068 {\n    font-size: 1.5rem;\n  }\n}\n<\/style>\n\t<\/div>\n\t\n\t<div id=\"gap-1968262193\" class=\"gap-element clearfix\" style=\"display:block; height:auto;\">\n\t\t\n<style>\n#gap-1968262193 {\n  padding-top: 60px;\n}\n<\/style>\n\t<\/div>\n\t\n\n\t<div class=\"img has-hover x md-x lg-x y md-y lg-y\" id=\"image_1776087951\">\n\t\t\t\t\t\t\t\t<div class=\"img-inner dark\" >\n\t\t\t<img data-recalc-dims=\"1\" loading=\"lazy\" decoding=\"async\" width=\"900\" height=\"900\" src=\"https:\/\/i0.wp.com\/antcube.shop\/wp-content\/uploads\/2021\/09\/Firmeneingang.jpg?resize=900%2C900&#038;ssl=1\" class=\"attachment-original size-original\" alt=\"ANTSTORE sissep\u00e4\u00e4s\" srcset=\"https:\/\/i0.wp.com\/antcube.shop\/wp-content\/uploads\/2021\/09\/Firmeneingang.jpg?w=900&amp;ssl=1 900w, https:\/\/i0.wp.com\/antcube.shop\/wp-content\/uploads\/2021\/09\/Firmeneingang.jpg?resize=247%2C247&amp;ssl=1 247w, https:\/\/i0.wp.com\/antcube.shop\/wp-content\/uploads\/2021\/09\/Firmeneingang.jpg?resize=100%2C100&amp;ssl=1 100w, https:\/\/i0.wp.com\/antcube.shop\/wp-content\/uploads\/2021\/09\/Firmeneingang.jpg?resize=510%2C510&amp;ssl=1 510w, https:\/\/i0.wp.com\/antcube.shop\/wp-content\/uploads\/2021\/09\/Firmeneingang.jpg?resize=400%2C400&amp;ssl=1 400w, https:\/\/i0.wp.com\/antcube.shop\/wp-content\/uploads\/2021\/09\/Firmeneingang.jpg?resize=800%2C800&amp;ssl=1 800w, https:\/\/i0.wp.com\/antcube.shop\/wp-content\/uploads\/2021\/09\/Firmeneingang.jpg?resize=280%2C280&amp;ssl=1 280w, https:\/\/i0.wp.com\/antcube.shop\/wp-content\/uploads\/2021\/09\/Firmeneingang.jpg?resize=768%2C768&amp;ssl=1 768w\" sizes=\"auto, (max-width: 900px) 100vw, 900px\" \/>\t\t\t\t\t\t\n\t\t\t\t\t<\/div>\n\t\t\t\t\t\t\t\t\n<style>\n#image_1776087951 {\n  width: 100%;\n}\n<\/style>\n\t<\/div>\n\t\n\n\n\t\t<\/div>\n\t\t\t\t\t<\/div>\n\n\t\n\n\t<div id=\"col-1518886111\" class=\"col medium-6 large-6\"  >\n\t\t\t\t<div class=\"col-inner\"  >\n\t\t\t\n\t\t\t\n\n<div class=\"container section-title-container\" ><h3 class=\"section-title section-title-normal\"><b aria-hidden=\"true\"><\/b><span class=\"section-title-main\" >K\u00fclasta meie poodi<\/span><b aria-hidden=\"true\"><\/b><\/h3><\/div>\n\n\t<div id=\"text-403282005\" class=\"text\">\n\t\t\n\n<p><strong>Aadress:<\/strong><\/p>\n<ul>\n<li>T\u00e4nav: Selerweg 41<\/li>\n<li>Postiindeks: D - 12169<\/li>\n<li>Linn: Berlin<\/li>\n<li>Riik: Saksamaa<\/li>\n<li>Piirkonnas: Steglitz-Zehlendorf<\/li>\n<\/ul>\n<p><strong>Lahtiolekuajad<\/strong> (UTC\/GMT +1)<\/p>\n<ul>\n<li>Teisip\u00e4evast reedeni 13:00 - 18:00<\/li>\n<\/ul>\n<p><strong>COVID-19 M\u00c4RKUS:<\/strong> Meie jaem\u00fc\u00fcgipood on <strong>suletud alates m\u00e4rtsist 2020<\/strong> v\u00f5i ei ole k\u00fclastajatele veel k\u00e4ttesaadavad. Siiski saate tellida ja maksta meie toodete eest internetis ning seej\u00e4rel kas v\u00f5tta k\u00f5ik meie ukse eest k\u00e4tte v\u00f5i saadame tooted teile koju pakiautomaadiga. Meie tugimeeskond on endiselt teie p\u00e4ringute jaoks k\u00e4ttesaadav e-posti v\u00f5i telefoni teel! Me hoiame teid kursis.<\/p>\n<p><iframe loading=\"lazy\" style=\"border: 0;\" src=\"https:\/\/www.google.com\/maps\/embed?pb=!1m18!1m12!1m3!1d2431.3708399886823!2d13.335121715997175!3d52.454311048847416!2m3!1f0!2f0!3f0!3m2!1i1024!2i768!4f13.1!3m3!1m2!1s0x47a85a9242e5bc07%3A0xc44ee1d5a0728440!2sANTSTORE!5e0!3m2!1sde!2sde!4v1632470583913!5m2!1sde!2sde\" width=\"600\" height=\"450\" allowfullscreen=\"allowfullscreen\"><\/iframe><\/p>\n\t\t\n<style>\n#text-403282005 {\n  font-size: 0.75rem;\n}\n<\/style>\n\t<\/div>\n\t\n\n\t\t<\/div>\n\t\t\t\t\t<\/div>\n\n\t\n\n<\/div>","protected":false},"excerpt":{"rendered":"","protected":false},"author":1,"featured_media":0,"parent":0,"menu_order":0,"comment_status":"closed","ping_status":"closed","template":"","meta":{"_acf_changed":false,"content-type":"","_monsterinsights_skip_tracking":false,"_monsterinsights_sitenote_active":false,"_monsterinsights_sitenote_note":"","_monsterinsights_sitenote_category":0,"footnotes":""},"class_list":["post-628","page","type-page","status-publish","hentry"],"acf":[],"aioseo_notices":[],"jetpack_sharing_enabled":true,"_links":{"self":[{"href":"https:\/\/antcube.shop\/et\/wp-json\/wp\/v2\/pages\/628","targetHints":{"allow":["GET"]}}],"collection":[{"href":"https:\/\/antcube.shop\/et\/wp-json\/wp\/v2\/pages"}],"about":[{"href":"https:\/\/antcube.shop\/et\/wp-json\/wp\/v2\/types\/page"}],"author":[{"embeddable":true,"href":"https:\/\/antcube.shop\/et\/wp-json\/wp\/v2\/users\/1"}],"replies":[{"embeddable":true,"href":"https:\/\/antcube.shop\/et\/wp-json\/wp\/v2\/comments?post=628"}],"version-history":[{"count":10,"href":"https:\/\/antcube.shop\/et\/wp-json\/wp\/v2\/pages\/628\/revisions"}],"predecessor-version":[{"id":12738,"href":"https:\/\/antcube.shop\/et\/wp-json\/wp\/v2\/pages\/628\/revisions\/12738"}],"wp:attachment":[{"href":"https:\/\/antcube.shop\/et\/wp-json\/wp\/v2\/media?parent=628"}],"curies":[{"name":"wp","href":"https:\/\/api.w.org\/{rel}","templated":true}]}}