{"id":2479,"date":"2021-09-30T10:43:05","date_gmt":"2021-09-30T08:43:05","guid":{"rendered":"https:\/\/antcube.shop\/?page_id=2479"},"modified":"2023-12-14T13:31:40","modified_gmt":"2023-12-14T12:31:40","slug":"samm-4","status":"publish","type":"page","link":"https:\/\/antcube.shop\/et\/ant-finder\/vahepealne\/samm-4\/","title":{"rendered":"4. samm"},"content":{"rendered":"<div id=\"gap-365584115\" class=\"gap-element clearfix\" style=\"display:block; height:auto;\">\n\t\t\n<style>\n#gap-365584115 {\n  padding-top: 200px;\n}\n@media (min-width:850px) {\n  #gap-365584115 {\n    padding-top: 175px;\n  }\n}\n<\/style>\n\t<\/div>\n\t\n\n<div class=\"row\"  id=\"row-843736812\">\n\n\n\t<div id=\"col-909113347\" class=\"col small-12 large-12\"  >\n\t\t\t\t<div class=\"col-inner\"  >\n\t\t\t\n\t\t\t\n\n\t<div id=\"text-1501872432\" class=\"text\">\n\t\t\n\n<h3>Sipelgad kogenud sipelgapidajaile<\/h3>\n<p>Kuna sipelgad elavad v\u00e4ga erinevates elupaikades, kus on v\u00e4ga erinevad kliimatingimused, peate veenduma, et suudate tagada \u00f5ige temperatuuri ja niiskuse.<\/p>\n<p>\u00d5ige \u00f5huniiskuse hoidmiseks peate lihtsalt niisutama oma sipelgapargi n\u00e4iteks pihustuspudeliga. \u00d5ige temperatuuri hoidmisega on aga veidi keerulisem. Teil on vaja kas soojuslampi, soojendusmatti v\u00f5i -kaablit v\u00f5i k\u00fctta ruumi, kus te oma sipelgaid hoiate, \u00f5igele temperatuurile.<\/p>\n<p>Siiski on palju liike, mida saab hoida toatemperatuuril. Isegi kui see on 1-3 C\u00b0 alla soovitatud temperatuuri, ei ole see tavaliselt probleemiks.\u00a0<\/p>\n\t\t\n<style>\n#text-1501872432 {\n  text-align: center;\n}\n<\/style>\n\t<\/div>\n\t\n\n\t\t<\/div>\n\t\t\t\t\t<\/div>\n\n\t\n\n<\/div>\n\t<div id=\"text-1816515514\" class=\"text\">\n\t\t\n\n<p><strong>K\u00fcsimus: Kas otsite sipelgaliiki, mida saate hoida toatemperatuuril?<\/strong><\/p>\n\t\t\n<style>\n#text-1816515514 {\n  font-size: 1.8rem;\n  text-align: center;\n}\n<\/style>\n\t<\/div>\n\t\n<div class=\"row\"  id=\"row-1932580834\">\n\n\n\t<div id=\"col-121834228\" class=\"col medium-6 small-12 large-6\"  >\n\t\t\t\t<div class=\"col-inner\"  >\n\t\t\t\n\t\t\t\n\n<a href=\"https:\/\/antcube.shop\/ant-finder\/intermediate\/step-4\/step-7\/\" class=\"button secondary expand\" >\n\t\t<span>Jah, ma tahan neid hoida toatemperatuuril.<\/span>\n\t<\/a>\n\n\n\n\t\t<\/div>\n\t\t\t\t\t<\/div>\n\n\t\n\n\t<div id=\"col-426563510\" class=\"col medium-6 small-12 large-6\"  >\n\t\t\t\t<div class=\"col-inner\"  >\n\t\t\t\n\t\t\t\n\n<a href=\"https:\/\/antcube.shop\/ant-finder\/intermediate\/step-4\/step-8\/\" class=\"button secondary expand\" >\n\t\t<span>Ei, ma annan vajaliku temperatuuri<\/span>\n\t<\/a>\n\n\n\n\t\t<\/div>\n\t\t\t\t\t<\/div>\n\n\t\n\n<\/div>","protected":false},"excerpt":{"rendered":"","protected":false},"author":1,"featured_media":0,"parent":2468,"menu_order":0,"comment_status":"closed","ping_status":"closed","template":"","meta":{"_acf_changed":false,"content-type":"","_monsterinsights_skip_tracking":false,"_monsterinsights_sitenote_active":false,"_monsterinsights_sitenote_note":"","_monsterinsights_sitenote_category":0,"footnotes":""},"class_list":["post-2479","page","type-page","status-publish","hentry"],"acf":[],"aioseo_notices":[],"jetpack_sharing_enabled":true,"_links":{"self":[{"href":"https:\/\/antcube.shop\/et\/wp-json\/wp\/v2\/pages\/2479","targetHints":{"allow":["GET"]}}],"collection":[{"href":"https:\/\/antcube.shop\/et\/wp-json\/wp\/v2\/pages"}],"about":[{"href":"https:\/\/antcube.shop\/et\/wp-json\/wp\/v2\/types\/page"}],"author":[{"embeddable":true,"href":"https:\/\/antcube.shop\/et\/wp-json\/wp\/v2\/users\/1"}],"replies":[{"embeddable":true,"href":"https:\/\/antcube.shop\/et\/wp-json\/wp\/v2\/comments?post=2479"}],"version-history":[{"count":10,"href":"https:\/\/antcube.shop\/et\/wp-json\/wp\/v2\/pages\/2479\/revisions"}],"predecessor-version":[{"id":6793,"href":"https:\/\/antcube.shop\/et\/wp-json\/wp\/v2\/pages\/2479\/revisions\/6793"}],"up":[{"embeddable":true,"href":"https:\/\/antcube.shop\/et\/wp-json\/wp\/v2\/pages\/2468"}],"wp:attachment":[{"href":"https:\/\/antcube.shop\/et\/wp-json\/wp\/v2\/media?parent=2479"}],"curies":[{"name":"wp","href":"https:\/\/api.w.org\/{rel}","templated":true}]}}