{"id":2468,"date":"2021-09-30T10:04:30","date_gmt":"2021-09-30T08:04:30","guid":{"rendered":"https:\/\/antcube.shop\/?page_id=2468"},"modified":"2023-12-15T12:50:52","modified_gmt":"2023-12-15T11:50:52","slug":"vahepealne","status":"publish","type":"page","link":"https:\/\/antcube.shop\/et\/ant-finder\/vahepealne\/","title":{"rendered":"vahepealne"},"content":{"rendered":"<div id=\"gap-351047975\" class=\"gap-element clearfix\" style=\"display:block; height:auto;\">\n\t\t\n<style>\n#gap-351047975 {\n  padding-top: 200px;\n}\n@media (min-width:850px) {\n  #gap-351047975 {\n    padding-top: 175px;\n  }\n}\n<\/style>\n\t<\/div>\n\t\n\n<div class=\"row\"  id=\"row-1719121962\">\n\n\n\t<div id=\"col-30792649\" class=\"col small-12 large-12\"  >\n\t\t\t\t<div class=\"col-inner\"  >\n\t\t\t\n\t\t\t\n\n\t<div id=\"text-773159970\" class=\"text\">\n\t\t\n\n<h3>Sipelgad kogenud sipelgapidajaile<\/h3>\n<p>Paljud k\u00fclmematest piirkondadest p\u00e4rit sipelgaliigid vajavad talvitumist. See s\u00f5ltub liigi p\u00e4ritolust. Sipelgad, kes looduses talvituvad, peaksid seda tegema ka teie kodus. Kui te ei anna loomadele nende loomulikku puhkust, siis v\u00f5ib koloonia kasv aeglustuda v\u00f5i kuninganna v\u00f5ib v\u00e4ga varakult surra.\u00a0<\/p>\n<p>M\u00f5ned sipelgad talvituvad vaid kolm kuud, teised vajavad neli kuni viis kuud (tavaliselt novembrist m\u00e4rtsini). Ka temperatuur, mida m\u00f5ned liigid talvitumiseks vajavad, on erinev. N\u00e4iteks vajavad P\u00f5hja-Euroopa liigid temperatuuri vahemikus 5 \u00b0C kuni 8 \u00b0C, samas kui L\u00f5una-Euroopa liigid vajavad temperatuuri umbes 15 \u00b0C. P\u00f5hja-Euroopa liigid l\u00f5petavad talvitumise ajal tegevuse t\u00e4ielikult ja L\u00f5una-Euroopa liigid on endiselt veidi aktiivsed.<\/p>\n\t\t\n<style>\n#text-773159970 {\n  text-align: center;\n}\n<\/style>\n\t<\/div>\n\t\n\n\t\t<\/div>\n\t\t\t\t\t<\/div>\n\n\t\n\n<\/div>\n\t<div id=\"text-2890742972\" class=\"text\">\n\t\t\n\n<p><strong>K\u00fcsimus: Kas te otsite sipelgaliiki, millel on v\u00f5i ei ole talvitusperioodi?<\/strong><\/p>\n\t\t\n<style>\n#text-2890742972 {\n  font-size: 1.8rem;\n  text-align: center;\n}\n<\/style>\n\t<\/div>\n\t\n<div class=\"row\" style=\"max-width:650px\" id=\"row-831644394\">\n\n\n\t<div id=\"col-630685034\" class=\"col medium-6 small-12 large-6\"  >\n\t\t\t\t<div class=\"col-inner\"  >\n\t\t\t\n\t\t\t\n\n<a href=\"https:\/\/antcube.shop\/ant-finder\/intermediate\/step-3\/\" class=\"button secondary expand\" >\n\t\t<span>Talvitumist vajavad sipelgad<\/span>\n\t<\/a>\n\n\n\n\t\t<\/div>\n\t\t\t\t\t<\/div>\n\n\t\n\n\t<div id=\"col-137607568\" class=\"col medium-6 small-12 large-6\"  >\n\t\t\t\t<div class=\"col-inner\"  >\n\t\t\t\n\t\t\t\n\n<a href=\"https:\/\/antcube.shop\/ant-finder\/intermediate\/step-4\/\" class=\"button secondary expand\" >\n\t\t<span>ei ole talvitusperioodi<\/span>\n\t<\/a>\n\n\n\n\t\t<\/div>\n\t\t\t\t\t<\/div>\n\n\t\n\n<\/div>","protected":false},"excerpt":{"rendered":"","protected":false},"author":1,"featured_media":0,"parent":721,"menu_order":0,"comment_status":"closed","ping_status":"closed","template":"","meta":{"_acf_changed":false,"content-type":"","_monsterinsights_skip_tracking":false,"_monsterinsights_sitenote_active":false,"_monsterinsights_sitenote_note":"","_monsterinsights_sitenote_category":0,"footnotes":""},"class_list":["post-2468","page","type-page","status-publish","hentry"],"acf":[],"aioseo_notices":[],"jetpack_sharing_enabled":true,"_links":{"self":[{"href":"https:\/\/antcube.shop\/et\/wp-json\/wp\/v2\/pages\/2468","targetHints":{"allow":["GET"]}}],"collection":[{"href":"https:\/\/antcube.shop\/et\/wp-json\/wp\/v2\/pages"}],"about":[{"href":"https:\/\/antcube.shop\/et\/wp-json\/wp\/v2\/types\/page"}],"author":[{"embeddable":true,"href":"https:\/\/antcube.shop\/et\/wp-json\/wp\/v2\/users\/1"}],"replies":[{"embeddable":true,"href":"https:\/\/antcube.shop\/et\/wp-json\/wp\/v2\/comments?post=2468"}],"version-history":[{"count":10,"href":"https:\/\/antcube.shop\/et\/wp-json\/wp\/v2\/pages\/2468\/revisions"}],"predecessor-version":[{"id":6870,"href":"https:\/\/antcube.shop\/et\/wp-json\/wp\/v2\/pages\/2468\/revisions\/6870"}],"up":[{"embeddable":true,"href":"https:\/\/antcube.shop\/et\/wp-json\/wp\/v2\/pages\/721"}],"wp:attachment":[{"href":"https:\/\/antcube.shop\/et\/wp-json\/wp\/v2\/media?parent=2468"}],"curies":[{"name":"wp","href":"https:\/\/api.w.org\/{rel}","templated":true}]}}