{"id":1135,"date":"2021-09-08T09:48:21","date_gmt":"2021-09-08T07:48:21","guid":{"rendered":"https:\/\/antcube.shop\/?page_id=1135"},"modified":"2024-10-24T14:32:46","modified_gmt":"2024-10-24T12:32:46","slug":"jatkusuutlikkus","status":"publish","type":"page","link":"https:\/\/antcube.shop\/et\/meist\/jatkusuutlikkus\/","title":{"rendered":"J\u00e4tkusuutlikkus"},"content":{"rendered":"<div id=\"gap-1853072185\" class=\"gap-element clearfix\" style=\"display:block; height:auto;\">\n\t\t\n<style>\n#gap-1853072185 {\n  padding-top: 181px;\n}\n@media (min-width:850px) {\n  #gap-1853072185 {\n    padding-top: 75px;\n  }\n}\n<\/style>\n\t<\/div>\n\t\n\n\n  <div class=\"banner has-hover\" id=\"banner-22403317\">\n          <div class=\"banner-inner fill\">\n        <div class=\"banner-bg fill\" >\n            <img data-recalc-dims=\"1\" loading=\"lazy\" decoding=\"async\" width=\"1020\" height=\"574\" src=\"https:\/\/i0.wp.com\/antcube.shop\/wp-content\/uploads\/2021\/08\/caspian-dahlstrom-xXbaTOP31M4-unsplash-scaled.jpg?resize=1020%2C574&#038;ssl=1\" class=\"bg attachment-original size-original\" alt=\"\" \/>                        <div class=\"overlay\"><\/div>            \n                    <\/div>\n\t\t\n        <div class=\"banner-layers container\">\n            <div class=\"fill banner-link\"><\/div>            \n\n   <div id=\"text-box-1988970235\" class=\"text-box banner-layer x50 md-x50 lg-x50 y50 md-y50 lg-y50 res-text\">\n                                <div class=\"text-box-content text dark\">\n              \n              <div class=\"text-inner text-center\">\n                  \n\n<h3 class=\"uppercase\"><strong>J\u00e4tkusuutlikkus<\/strong><\/h3>\n<p>\u00a0<\/p>\n\n              <\/div>\n           <\/div>\n                            \n<style>\n#text-box-1988970235 {\n  width: 60%;\n}\n#text-box-1988970235 .text-box-content {\n  font-size: 100%;\n}\n<\/style>\n    <\/div>\n \n\n        <\/div>\n      <\/div>\n\n            \n<style>\n#banner-22403317 {\n  padding-top: 60%;\n}\n#banner-22403317 .overlay {\n  background-color: rgba(0, 0, 0, 0);\n}\n#banner-22403317 .banner-bg img {\n  object-position: 51% 51%;\n}\n@media (min-width:550px) {\n  #banner-22403317 {\n    padding-top: 500px;\n  }\n}\n<\/style>\n  <\/div>\n\n\n\t<div id=\"gap-940502503\" class=\"gap-element clearfix\" style=\"display:block; height:auto;\">\n\t\t\n<style>\n#gap-940502503 {\n  padding-top: 40px;\n}\n<\/style>\n\t<\/div>\n\t\n\n<div class=\"row\"  id=\"row-386372571\">\n\n\n\t<div id=\"col-1731406507\" class=\"col medium-7 small-12 large-6\"  >\n\t\t\t\t<div class=\"col-inner\"  >\n\t\t\t\n\t\t\t\n\n\t<div id=\"text-1946474859\" class=\"text\">\n\t\t\n\n<h2>Kuidas me t\u00f6\u00f6tame selle nimel, et muutuda keskkonnas\u00f5bralikumaks<\/h2>\n<p align=\"CENTER\"><strong><span style=\"color: #ff0000;\">Meil k\u00f5igil on vastutus selle planeedi eest !<\/span><\/strong><\/p>\n<p>See oli meie asutaja m\u00f5tetes juba siis, kui ta 20 aastat tagasi ANTSTORE'i asutas. Looduse s\u00e4ilitamine, kasutades sipelgate hoidmiseks akr\u00fc\u00fclseadmete asemel klaasi.<\/p>\n<p>Me m\u00f5istame, et Maa ei vaja meid, kuid meie vajame seda imelist planeeti. Nii et t\u00f6\u00f6tame koos, et s\u00e4ilitada meie loodust, oleme t\u00e4nulikud igasuguse abi eest keskkonnas\u00f5bralike ja taaskasutatavate pakendite uurimisel ja arendamisel, et mitte enam suurendada pol\u00fcet\u00fcleeni osakeste osakaalu meie vees.<\/p>\n<p>Seet\u00f5ttu astume n\u00fc\u00fcd esimesi samme, et kasutada p\u00e4rast 2022. aastat ainult keskkonnas\u00f5bralikke pakendeid. Me teame, et pakendite muutmine on vaid v\u00e4ike samm ettev\u00f5tte j\u00e4tkusuutlikuks muutmisel, seega t\u00f6\u00f6tame ka digitaliseerimise, transporditeede optimeerimise ja hariduse kallal.<\/p>\n<p>Saate meid toetada, ostes meie tooteid. Aidake meil t\u00e4ita oma kohustust s\u00e4ilitada seda imelist rohelist planeeti koos k\u00f5igi selle mitmekesiste eluvormidega. Oma ostuga aitate te meie uurimis- ja arendusosakonnal leida veelgi j\u00e4tkusuutlikumaid lahendusi meie k\u00f5igi h\u00fcvanguks.<\/p>\n<p>Lisaks kavatseme teha koost\u00f6\u00f6d \"istuta puu sihtasutusega\", et meie metsad hakkaksid taas kasvama. Need on ka sipelgate jaoks \u00fched k\u00f5ige olulisemad elupaigad! Hoiame teid peagi uudistega kursis.<\/p>\n\t\t\n<style>\n#text-1946474859 {\n  text-align: center;\n}\n<\/style>\n\t<\/div>\n\t\n\n\t\t<\/div>\n\t\t\t\t\t<\/div>\n\n\t\n\n\t<div id=\"col-98016930\" class=\"col medium-5 small-12 large-6\"  >\n\t\t\t\t<div class=\"col-inner\"  >\n\t\t\t\n\t\t\t\n\n\t<div class=\"img has-hover x md-x lg-x y md-y lg-y\" id=\"image_212838893\">\n\t\t\t\t\t\t\t\t<div class=\"img-inner dark\" >\n\t\t\t<img data-recalc-dims=\"1\" loading=\"lazy\" decoding=\"async\" width=\"1020\" height=\"681\" src=\"https:\/\/i0.wp.com\/antcube.shop\/wp-content\/uploads\/2021\/08\/mark-AddyORqTyCg-unsplash-scaled.jpg?resize=1020%2C681&#038;ssl=1\" class=\"attachment-original size-original\" alt=\"\" srcset=\"https:\/\/i0.wp.com\/antcube.shop\/wp-content\/uploads\/2021\/08\/mark-AddyORqTyCg-unsplash-scaled.jpg?w=2560&amp;ssl=1 2560w, https:\/\/i0.wp.com\/antcube.shop\/wp-content\/uploads\/2021\/08\/mark-AddyORqTyCg-unsplash-scaled.jpg?resize=510%2C341&amp;ssl=1 510w, https:\/\/i0.wp.com\/antcube.shop\/wp-content\/uploads\/2021\/08\/mark-AddyORqTyCg-unsplash-scaled.jpg?resize=599%2C400&amp;ssl=1 599w, https:\/\/i0.wp.com\/antcube.shop\/wp-content\/uploads\/2021\/08\/mark-AddyORqTyCg-unsplash-scaled.jpg?resize=1198%2C800&amp;ssl=1 1198w, https:\/\/i0.wp.com\/antcube.shop\/wp-content\/uploads\/2021\/08\/mark-AddyORqTyCg-unsplash-scaled.jpg?resize=768%2C513&amp;ssl=1 768w, https:\/\/i0.wp.com\/antcube.shop\/wp-content\/uploads\/2021\/08\/mark-AddyORqTyCg-unsplash-scaled.jpg?resize=1536%2C1026&amp;ssl=1 1536w, https:\/\/i0.wp.com\/antcube.shop\/wp-content\/uploads\/2021\/08\/mark-AddyORqTyCg-unsplash-scaled.jpg?resize=2048%2C1368&amp;ssl=1 2048w\" sizes=\"auto, (max-width: 1020px) 100vw, 1020px\" \/>\t\t\t\t\t\t\n\t\t\t\t\t<\/div>\n\t\t\t\t\t\t\t\t\n<style>\n#image_212838893 {\n  width: 100%;\n}\n<\/style>\n\t<\/div>\n\t\n\n\n\t\t<\/div>\n\t\t\t\t\t<\/div>\n\n\t\n\n<\/div>","protected":false},"excerpt":{"rendered":"","protected":false},"author":1,"featured_media":0,"parent":104,"menu_order":0,"comment_status":"closed","ping_status":"closed","template":"","meta":{"_acf_changed":false,"content-type":"","_monsterinsights_skip_tracking":false,"_monsterinsights_sitenote_active":false,"_monsterinsights_sitenote_note":"","_monsterinsights_sitenote_category":0,"footnotes":""},"class_list":["post-1135","page","type-page","status-publish","hentry"],"acf":[],"aioseo_notices":[],"jetpack_sharing_enabled":true,"_links":{"self":[{"href":"https:\/\/antcube.shop\/et\/wp-json\/wp\/v2\/pages\/1135","targetHints":{"allow":["GET"]}}],"collection":[{"href":"https:\/\/antcube.shop\/et\/wp-json\/wp\/v2\/pages"}],"about":[{"href":"https:\/\/antcube.shop\/et\/wp-json\/wp\/v2\/types\/page"}],"author":[{"embeddable":true,"href":"https:\/\/antcube.shop\/et\/wp-json\/wp\/v2\/users\/1"}],"replies":[{"embeddable":true,"href":"https:\/\/antcube.shop\/et\/wp-json\/wp\/v2\/comments?post=1135"}],"version-history":[{"count":10,"href":"https:\/\/antcube.shop\/et\/wp-json\/wp\/v2\/pages\/1135\/revisions"}],"predecessor-version":[{"id":10349,"href":"https:\/\/antcube.shop\/et\/wp-json\/wp\/v2\/pages\/1135\/revisions\/10349"}],"up":[{"embeddable":true,"href":"https:\/\/antcube.shop\/et\/wp-json\/wp\/v2\/pages\/104"}],"wp:attachment":[{"href":"https:\/\/antcube.shop\/et\/wp-json\/wp\/v2\/media?parent=1135"}],"curies":[{"name":"wp","href":"https:\/\/api.w.org\/{rel}","templated":true}]}}