{"id":10607,"date":"2024-11-29T12:11:26","date_gmt":"2024-11-29T11:11:26","guid":{"rendered":"https:\/\/antcube.shop\/?page_id=10607"},"modified":"2024-12-03T12:53:14","modified_gmt":"2024-12-03T11:53:14","slug":"suunised-sipelgate-pidamiseks","status":"publish","type":"page","link":"https:\/\/antcube.shop\/et\/suunised-sipelgate-pidamiseks\/","title":{"rendered":"Suunised sipelgate pidamiseks"},"content":{"rendered":"<div id=\"gap-2031002841\" class=\"gap-element clearfix\" style=\"display:block; height:auto;\">\n\t\t\n<style>\n#gap-2031002841 {\n  padding-top: 190px;\n}\n<\/style>\n\t<\/div>\n\t\n\n<div class=\"row\"  id=\"row-1710932652\">\n\n\n\t<div id=\"col-1641061435\" class=\"col small-12 large-12\"  >\n\t\t\t\t<div class=\"col-inner\"  >\n\t\t\t\n\t\t\t\n\n<h1><b>Suunised sipelgate pidamiseks<\/b><\/h1>\n<h2><b>Oluline m\u00e4rkus liikide ja looduskaitse kohta<\/b><\/h2>\n<ul>\n<li style=\"font-weight: 400;\" aria-level=\"1\"><b>Kahjustuste ja haiguste oht:<\/b><span style=\"font-weight: 400;\"> Elusloomad v\u00f5ivad p\u00f5hjustada kahju v\u00f5i levitada haigusi. Eriti ettevaatlikud peaksid olema allergikud.<\/span><\/li>\n<li style=\"font-weight: 400;\" aria-level=\"1\"><b>Vabastamine keelatud:<\/b><span style=\"font-weight: 400;\"> Sipelgaid ei tohi mingil juhul loodusesse lasta, et kaitsta kohalikku ja v\u00f5\u00f5ramaist taimestikku ja loomastikku. Sipelgate vabastamine ilma ametliku loata on looduskaitsealaste \u00f5igusaktide kohaselt karistatav tegu. Pakume, et v\u00f5tame vanad kolooniad tasuta tagasi.<\/span><\/li>\n<li style=\"font-weight: 400;\" aria-level=\"1\"><b>Liigi identifitseerimine: <\/b><span style=\"font-weight: 400;\">Sipelgaliigid on meie teadaolevalt tuvastatud. Hilisemate muutuste korral on teil \u00f5igus koloonia tagasi anda.<\/span><\/li>\n<\/ul>\n<h2><b>Sipelgate v\u00e4ljasaatmine<\/b><\/h2>\n<ul>\n<li style=\"font-weight: 400;\" aria-level=\"1\"><b>Tarnepiirkond: <\/b><span style=\"font-weight: 400;\">Elusloomi veetakse ainult ELi piires. Piirkondlikke impordieeskirju tuleb k\u00fcsida kohalikust veterinaarametist.<\/span><\/li>\n<li style=\"font-weight: 400;\" aria-level=\"1\"><b>Temperatuur v\u00e4ljasaatmise ajal:<\/b>\n<ul>\n<li style=\"font-weight: 400;\" aria-level=\"2\"><b>\u00d6ised temperatuurid:<\/b>\n<ul>\n<li style=\"font-weight: 400;\" aria-level=\"3\"><span style=\"font-weight: 400;\">P\u00f5hja- ja Kesk-Euroopa liigid: <span data-text-color=\"alert\">&gt;0\u00b0C<\/span> (Ekspress: <span data-text-color=\"alert\">&gt;-5\u00b0C<\/span> koos isolatsiooniga)<\/span><\/li>\n<li style=\"font-weight: 400;\" aria-level=\"3\"><span style=\"font-weight: 400;\">L\u00f5una-Euroopa liigid: <span data-text-color=\"secondary\">&gt;+5\u00b0C<\/span> (Ekspress: <span data-text-color=\"secondary\">&gt;0\u00b0C<\/span> koos isolatsiooniga)<\/span><\/li>\n<li style=\"font-weight: 400;\" aria-level=\"3\"><span style=\"font-weight: 400;\">Troopilised liigid: <span data-text-color=\"secondary\">&gt;+10\u00b0C<\/span> (Ekspress: <span data-text-color=\"secondary\">&gt;+5\u00b0C<\/span> koos soojuspaketiga)<\/span><\/li>\n<\/ul>\n<\/li>\n<li style=\"font-weight: 400;\" aria-level=\"2\"><b>P\u00e4evased temperatuurid: <\/b><span style=\"font-weight: 400;\">Maksimaalne <span data-text-color=\"alert\">+30\u00b0C<\/span> k\u00f5igi liikide puhul.<\/span><\/li>\n<\/ul>\n<\/li>\n<\/ul>\n<p><span style=\"font-weight: 400;\">Tellitud sipelgaid ei saadeta v\u00e4ljapoole kindlaksm\u00e4\u00e4ratud temperatuurivahemikke. Need saadetakse v\u00e4lja esimesel v\u00f5imalusel.<\/span><\/p>\n<p><span style=\"font-weight: 400;\">Teid teavitatakse sellest eraldi e-posti teel.\u00a0<\/span><\/p>\n<h2><b>Sipelgate pidamine<\/b><\/h2>\n<ul>\n<li style=\"font-weight: 400;\" aria-level=\"1\"><span style=\"font-weight: 400;\">\u00dcksikasjalik teave loomakasvatuse kohta on esitatud vastava liigi tootekirjelduses.<\/span><\/li>\n<\/ul>\n<h3><b>Probleemid sipelgate pidamisega<\/b><\/h3>\n<ol>\n<li><b> sipelgate suremus - v\u00f5imalikud p\u00f5hjused<\/b><\/li>\n<\/ol>\n<ul>\n<li style=\"font-weight: 400;\" aria-level=\"1\"><b>Vee kvaliteet:<\/b>\n<ul>\n<li style=\"font-weight: 400;\" aria-level=\"2\"><span style=\"font-weight: 400;\">Kraanivesi v\u00f5ib olla sipelgate jaoks m\u00fcrgine kloori v\u00f5i vase t\u00f5ttu.<\/span><\/li>\n<li style=\"font-weight: 400;\" aria-level=\"2\"><b>Soovitus: <\/b><span style=\"font-weight: 400;\">Kasutage filtreeritud v\u00f5i vihmavett, mitte destilleeritud vett.<\/span><\/li>\n<\/ul>\n<\/li>\n<li style=\"font-weight: 400;\" aria-level=\"1\"><b>Substraat:<\/b>\n<ul>\n<li style=\"font-weight: 400;\" aria-level=\"2\"><span style=\"font-weight: 400;\">Linnuliiv sisaldab desinfitseerivaid aineid, mis v\u00f5ivad kahjustada sipelgaid.<\/span><\/li>\n<li style=\"font-weight: 400;\" aria-level=\"2\"><b>Soovitus: <\/b><span style=\"font-weight: 400;\">Kasutage meie kasutusvalmis <\/span><b>p\u00f5randap\u00f5hjad <\/b><span style=\"font-weight: 400;\">v\u00f5i t\u00f6\u00f6tlemata kvartsliiva ja pesta v\u00f5i k\u00fcpsetada eelnevalt.<\/span><\/li>\n<\/ul>\n<\/li>\n<li style=\"font-weight: 400;\" aria-level=\"1\"><b>Taimed:<\/b>\n<ul>\n<li style=\"font-weight: 400;\" aria-level=\"2\"><span style=\"font-weight: 400;\">Elavaid taimi, mis on p\u00e4rit ehituspoodidest v\u00f5i aianduskeskustest, t\u00f6\u00f6deldakse sageli pestitsiididega.<\/span><\/li>\n<li style=\"font-weight: 400;\" aria-level=\"2\"><b>Soovitus: <\/b><span style=\"font-weight: 400;\">Kasutage orgaanilisi taimi v\u00f5i spetsiaalsetest terraariumipoodidest p\u00e4rit taimi.<\/span><\/li>\n<li style=\"font-weight: 400;\" aria-level=\"2\"><span style=\"font-weight: 400;\">Alternatiivina v\u00f5ite kasutada ka taimi, mida on hoitud kodus v\u00e4hemalt aasta ilma pestitsiidide v\u00f5i v\u00e4etiste lisamiseta.<\/span><\/li>\n<\/ul>\n<\/li>\n<li style=\"font-weight: 400;\" aria-level=\"1\"><b>Puhastamine:<\/b>\n<ul>\n<li style=\"font-weight: 400;\" aria-level=\"2\"><span style=\"font-weight: 400;\">Klaaspuhastusvahendid ja keemilised ained on kahjulikud.<\/span><\/li>\n<li style=\"font-weight: 400;\" aria-level=\"2\"><b>Soovitus: <\/b><span style=\"font-weight: 400;\">Kasutage puhastusvett v\u00f5i orgaanilist puhastusvahendit.<\/span><\/li>\n<\/ul>\n<\/li>\n<li style=\"font-weight: 400;\" aria-level=\"1\"><b>Formikariumi ehitus:<\/b>\n<ul>\n<li style=\"font-weight: 400;\" aria-level=\"2\"><span style=\"font-weight: 400;\">Lahusteid v\u00f5i antibakteriaalset silikooni sisaldavad materjalid ei sobi.<\/span><\/li>\n<li style=\"font-weight: 400;\" aria-level=\"2\"><b>Soovitus: <\/b><span style=\"font-weight: 400;\">Kasutage lahustivabu aineid v\u00f5i akvaariumisilikooni.<\/span><\/li>\n<\/ul>\n<\/li>\n<li style=\"font-weight: 400;\" aria-level=\"1\"><b>S\u00f6\u00f6tmine:<\/b>\n<ul>\n<li style=\"font-weight: 400;\" aria-level=\"2\"><span style=\"font-weight: 400;\">Toiduloomade s\u00e4ilitusained ja parasiidid v\u00f5ivad olla kahjulikud. Lisaks on massiliselt kasvatatud toiduloomad sageli lestadega nakatunud, mis v\u00f5ivad kahjustada sipelgaid.\u00a0<\/span><\/li>\n<li style=\"font-weight: 400;\" aria-level=\"2\"><b>Soovitus: <\/b><span style=\"font-weight: 400;\">Kasutage orgaanilist toitu v\u00f5i loodusest p\u00e4rit putukaid, mis on kogutud eemal teedest ja p\u00f5ldudest, mis v\u00f5ivad olla pestitsiididega saastunud.<\/span><\/li>\n<\/ul>\n<\/li>\n<li style=\"font-weight: 400;\" aria-level=\"1\"><b>Temperatuur:<\/b>\n<ul>\n<li style=\"font-weight: 400;\" aria-level=\"2\"><span style=\"font-weight: 400;\">Formicaria v\u00f5ib otsese p\u00e4ikesekiirguse m\u00f5jul m\u00e4rkimisv\u00e4\u00e4rselt kuumeneda.<\/span><\/li>\n<li style=\"font-weight: 400;\" aria-level=\"2\"><b>Soovitus: <\/b><span style=\"font-weight: 400;\">Kasutage min\/max funktsiooniga termomeetrit.<\/span><\/li>\n<\/ul>\n<\/li>\n<li style=\"font-weight: 400;\" aria-level=\"1\"><b>Hibernatsioon:<\/b>\n<ul>\n<li style=\"font-weight: 400;\" aria-level=\"2\"><span style=\"font-weight: 400;\">Talveunne ajal veenduge, et pesa on niiske, et v\u00e4ltida selle kuivamist.<\/span><\/li>\n<\/ul>\n<\/li>\n<\/ul>\n<ol start=\"2\">\n<li><b> kuninganna ei mune - v\u00f5imalikud p\u00f5hjused<\/b><\/li>\n<\/ol>\n<ul>\n<li style=\"font-weight: 400;\" aria-level=\"1\"><b>Hooaeg: <\/b><span style=\"font-weight: 400;\">Euroopa liigid ei mune s\u00fcgisel\/talvel.<\/span><b>.<\/b><\/li>\n<li style=\"font-weight: 400;\" aria-level=\"1\"><b>Stress: <\/b><span style=\"font-weight: 400;\">Transpordi v\u00f5i pesa h\u00e4irimine v\u00f5ib kuningannat h\u00e4irida.<\/span><\/li>\n<li style=\"font-weight: 400;\" aria-level=\"1\"><b>Valgupuudus: <\/b><span style=\"font-weight: 400;\">Pesakonna areng n\u00f5uab valgurikast toitu.<\/span><\/li>\n<li style=\"font-weight: 400;\" aria-level=\"1\"><b>Peidetud munad: <\/b><span style=\"font-weight: 400;\">Mune v\u00f5ib leida transpordikonteinerist v\u00f5i vatist.<\/span><\/li>\n<li style=\"font-weight: 400;\" aria-level=\"1\"><b>Kliima: <\/b><span style=\"font-weight: 400;\">Olulised on optimaalsed tingimused (substraat, pimedus, temperatuur, niiskus).<\/span><\/li>\n<li style=\"font-weight: 400;\" aria-level=\"1\"><b>Soovitus: <\/b><span style=\"font-weight: 400;\">Algaja peaks valima liigid, mille kohta on saadaval palju kogemusaruandeid.<\/span><\/li>\n<\/ul>\n<p><span style=\"font-weight: 400;\">Need suunised annavad p\u00f5hiteavet selle kohta, kuidas sipelgaid edukalt hoida. Kui teil on k\u00fcsimusi v\u00f5i probleeme, on soovitatav p\u00f6\u00f6rduda kogenud loomapidajate v\u00f5i spetsialiseerunud kaupluste poole.<\/span><\/p>\n\n\t\t<\/div>\n\t\t\t\t\t<\/div>\n\n\t\n\n<\/div>","protected":false},"excerpt":{"rendered":"","protected":false},"author":1,"featured_media":0,"parent":0,"menu_order":0,"comment_status":"closed","ping_status":"closed","template":"","meta":{"_acf_changed":false,"content-type":"","_monsterinsights_skip_tracking":false,"_monsterinsights_sitenote_active":false,"_monsterinsights_sitenote_note":"","_monsterinsights_sitenote_category":0,"footnotes":""},"class_list":["post-10607","page","type-page","status-publish","hentry"],"acf":[],"aioseo_notices":[],"jetpack_sharing_enabled":true,"_links":{"self":[{"href":"https:\/\/antcube.shop\/et\/wp-json\/wp\/v2\/pages\/10607","targetHints":{"allow":["GET"]}}],"collection":[{"href":"https:\/\/antcube.shop\/et\/wp-json\/wp\/v2\/pages"}],"about":[{"href":"https:\/\/antcube.shop\/et\/wp-json\/wp\/v2\/types\/page"}],"author":[{"embeddable":true,"href":"https:\/\/antcube.shop\/et\/wp-json\/wp\/v2\/users\/1"}],"replies":[{"embeddable":true,"href":"https:\/\/antcube.shop\/et\/wp-json\/wp\/v2\/comments?post=10607"}],"version-history":[{"count":5,"href":"https:\/\/antcube.shop\/et\/wp-json\/wp\/v2\/pages\/10607\/revisions"}],"predecessor-version":[{"id":10717,"href":"https:\/\/antcube.shop\/et\/wp-json\/wp\/v2\/pages\/10607\/revisions\/10717"}],"wp:attachment":[{"href":"https:\/\/antcube.shop\/et\/wp-json\/wp\/v2\/media?parent=10607"}],"curies":[{"name":"wp","href":"https:\/\/api.w.org\/{rel}","templated":true}]}}