{"id":9884,"date":"2024-10-08T15:18:28","date_gmt":"2024-10-08T13:18:28","guid":{"rendered":"https:\/\/antcube.shop\/en\/product\/abdeckung-hybrid-60x30\/"},"modified":"2026-04-02T12:12:13","modified_gmt":"2026-04-02T10:12:13","slug":"cubierta-hibrida-60x30","status":"publish","type":"product","link":"https:\/\/antcube.shop\/es\/producto\/cubierta-hibrida-60x30\/","title":{"rendered":"Cubierta h\u00edbrida 60\u00d730"},"content":{"rendered":"<p>Cristal seguro para hormigas y Drosophila + cubierta de malla de acero inoxidable. Ni las especies m\u00e1s peque\u00f1as pueden atravesar la fina malla de acero inoxidable y ni siquiera las hormigas cortadoras de hojas pueden cortarla.<\/p>\n<p><strong>Dimensiones (LxAxA):<\/strong> 60x30x0,4 cm<br \/>\n<strong>Conexiones:<\/strong> 3 agujeros de 50 mm<br \/>\n\u00c1rea de ventilaci\u00f3n de 11,7x 47,5 cm<\/p>\n<p><strong>Material:<\/strong> vidrio flotado, rejilla de acero inoxidable<\/p>\n<p><strong>Color:<\/strong> cristalino \/ transparente<\/p>\n<p><strong>Contenido:<\/strong><br \/>\n1x funda h\u00edbrida 60\u00d730<br \/>\n1x puntos de fijaci\u00f3n \u00e0 4 pcs.<\/p>\n<p><strong>Descripci\u00f3n:<\/strong><br \/>\nCubierta de cristal para el hormiguero como protecci\u00f3n de escape<\/p>\n<p><strong>Aplicaci\u00f3n:<\/strong><br \/>\nLa cubierta de cristal para hormigueros se coloca sobre un hormiguero y tambi\u00e9n se utiliza para regular el clima.<br \/>\nEn las aberturas de 50 mm se pueden insertar diversos m\u00f3dulos para la climatizaci\u00f3n, por ejemplo, rejillas de ventilaci\u00f3n, iluminaci\u00f3n o humidificaci\u00f3n.<br \/>\nPara evitar que las hormigas se escapen por las aberturas, se debe aplicar una protecci\u00f3n contra el escape (aceite, polvo o barniz) en la parte inferior alrededor de los agujeros.<\/p>\n<p><strong>Nota:<\/strong><br \/>\nComo el art\u00edculo es de cristal y, por tanto, fr\u00e1gil, debe manipularse con sumo cuidado.<\/p>","protected":false},"excerpt":{"rendered":"<p>Cristal seguro para hormigas y Drosophila + cubierta de malla de acero inoxidable. Ni las especies m\u00e1s peque\u00f1as pueden atravesar la fina malla de acero inoxidable y ni siquiera las hormigas cortadoras de hojas pueden cortarla. Dimensiones (LxAxA): 30x30x0,4 cm Conexiones: 2 orificios de 50 mm \u00c1rea de ventilaci\u00f3n de 11,7 x 17,5 cm Material: vidrio flotado, rejilla de acero inoxidable Color: cristalino \/ transparente","protected":false},"featured_media":9891,"comment_status":"open","ping_status":"closed","template":"","meta":{"_acf_changed":false,"content-type":"","_monsterinsights_skip_tracking":false,"_monsterinsights_sitenote_active":false,"_monsterinsights_sitenote_note":"","_monsterinsights_sitenote_category":0},"product_brand":[484],"product_cat":[257,91,92],"product_tag":[],"class_list":{"0":"post-9884","1":"product","2":"type-product","3":"status-publish","4":"has-post-thumbnail","6":"product_brand-antcube","7":"product_cat-new-innovatve-products","8":"product_cat-formicarium-modules","9":"product_cat-arena-cover","11":"first","12":"instock","13":"taxable","14":"shipping-taxable","15":"purchasable","16":"product-type-simple"},"acf":[],"aioseo_notices":[],"jetpack_sharing_enabled":true,"_links":{"self":[{"href":"https:\/\/antcube.shop\/es\/wp-json\/wp\/v2\/product\/9884","targetHints":{"allow":["GET"]}}],"collection":[{"href":"https:\/\/antcube.shop\/es\/wp-json\/wp\/v2\/product"}],"about":[{"href":"https:\/\/antcube.shop\/es\/wp-json\/wp\/v2\/types\/product"}],"replies":[{"embeddable":true,"href":"https:\/\/antcube.shop\/es\/wp-json\/wp\/v2\/comments?post=9884"}],"wp:featuredmedia":[{"embeddable":true,"href":"https:\/\/antcube.shop\/es\/wp-json\/wp\/v2\/media\/9891"}],"wp:attachment":[{"href":"https:\/\/antcube.shop\/es\/wp-json\/wp\/v2\/media?parent=9884"}],"wp:term":[{"taxonomy":"product_brand","embeddable":true,"href":"https:\/\/antcube.shop\/es\/wp-json\/wp\/v2\/product_brand?post=9884"},{"taxonomy":"product_cat","embeddable":true,"href":"https:\/\/antcube.shop\/es\/wp-json\/wp\/v2\/product_cat?post=9884"},{"taxonomy":"product_tag","embeddable":true,"href":"https:\/\/antcube.shop\/es\/wp-json\/wp\/v2\/product_tag?post=9884"}],"curies":[{"name":"wp","href":"https:\/\/api.w.org\/{rel}","templated":true}]}}