{"id":9881,"date":"2024-10-08T15:16:54","date_gmt":"2024-10-08T13:16:54","guid":{"rendered":"https:\/\/antcube.shop\/en\/product\/abdeckung-edelstahlgitter-20x20\/"},"modified":"2026-03-23T15:57:00","modified_gmt":"2026-03-23T14:57:00","slug":"cubierta-de-rejilla-de-acero-inoxidable-20x20","status":"publish","type":"product","link":"https:\/\/antcube.shop\/es\/producto\/cubierta-de-rejilla-de-acero-inoxidable-20x20\/","title":{"rendered":"Cubierta de rejilla de acero inoxidable 20\u00d720"},"content":{"rendered":"<p>Cristal seguro para hormigas y Drosophila + cubierta de malla de acero inoxidable. Ni las especies m\u00e1s peque\u00f1as pueden atravesar la fina malla de acero inoxidable y ni siquiera las hormigas cortadoras de hojas pueden cortarla.<\/p>\n<p><strong>Dimensiones (LxAxA):<\/strong> 20x20x0,4 cm<br \/>\n\u00c1rea de ventilaci\u00f3n de 11,7\u00d711,7 cm<\/p>\n<p><strong>Material:<\/strong> vidrio flotado, rejilla de acero inoxidable<\/p>\n<p><strong>Color:<\/strong> cristalino \/ transparente<\/p>\n<p><strong>Contenido:<\/strong><br \/>\n1x cubierta rejilla de acero inoxidable 20\u00d720<br \/>\n1x puntos de fijaci\u00f3n \u00e0 4 pcs.<\/p>\n<p><strong>Descripci\u00f3n:<\/strong><br \/>\nCubierta de cristal para el hormiguero como protecci\u00f3n de escape<\/p>\n<p><strong>Aplicaci\u00f3n:<\/strong><br \/>\nLa cubierta para hormigueros se coloca sobre un hormiguero y tambi\u00e9n sirve para regular el clima.<\/p>\n<p><strong>Nota:<\/strong><br \/>\nComo el art\u00edculo es de cristal y, por tanto, fr\u00e1gil, debe manipularse con mucho cuidado.<\/p>","protected":false},"excerpt":{"rendered":"<p>Cristal seguro para hormigas y Drosophila + cubierta de malla de acero inoxidable. Ni las especies m\u00e1s peque\u00f1as pueden atravesar la fina malla de acero inoxidable y ni siquiera las hormigas cortadoras de hojas pueden cortarla. Dimensiones (LxAxA): 30x30x0,4 cm 17,5x17,5 cm \u00e1rea de ventilaci\u00f3n Material: vidrio flotado, rejilla de acero inoxidable Color: cristalino \/ transparente Contenido: 1x cubierta rejilla de acero inoxidable","protected":false},"featured_media":9889,"comment_status":"open","ping_status":"closed","template":"","meta":{"_acf_changed":false,"content-type":"","_monsterinsights_skip_tracking":false,"_monsterinsights_sitenote_active":false,"_monsterinsights_sitenote_note":"","_monsterinsights_sitenote_category":0},"product_brand":[484],"product_cat":[257,91,92],"product_tag":[],"class_list":{"0":"post-9881","1":"product","2":"type-product","3":"status-publish","4":"has-post-thumbnail","6":"product_brand-antcube","7":"product_cat-new-innovatve-products","8":"product_cat-formicarium-modules","9":"product_cat-arena-cover","11":"first","12":"instock","13":"taxable","14":"shipping-taxable","15":"purchasable","16":"product-type-simple"},"acf":[],"aioseo_notices":[],"jetpack_sharing_enabled":true,"_links":{"self":[{"href":"https:\/\/antcube.shop\/es\/wp-json\/wp\/v2\/product\/9881","targetHints":{"allow":["GET"]}}],"collection":[{"href":"https:\/\/antcube.shop\/es\/wp-json\/wp\/v2\/product"}],"about":[{"href":"https:\/\/antcube.shop\/es\/wp-json\/wp\/v2\/types\/product"}],"replies":[{"embeddable":true,"href":"https:\/\/antcube.shop\/es\/wp-json\/wp\/v2\/comments?post=9881"}],"wp:featuredmedia":[{"embeddable":true,"href":"https:\/\/antcube.shop\/es\/wp-json\/wp\/v2\/media\/9889"}],"wp:attachment":[{"href":"https:\/\/antcube.shop\/es\/wp-json\/wp\/v2\/media?parent=9881"}],"wp:term":[{"taxonomy":"product_brand","embeddable":true,"href":"https:\/\/antcube.shop\/es\/wp-json\/wp\/v2\/product_brand?post=9881"},{"taxonomy":"product_cat","embeddable":true,"href":"https:\/\/antcube.shop\/es\/wp-json\/wp\/v2\/product_cat?post=9881"},{"taxonomy":"product_tag","embeddable":true,"href":"https:\/\/antcube.shop\/es\/wp-json\/wp\/v2\/product_tag?post=9881"}],"curies":[{"name":"wp","href":"https:\/\/api.w.org\/{rel}","templated":true}]}}