{"id":9880,"date":"2024-10-08T15:15:23","date_gmt":"2024-10-08T13:15:23","guid":{"rendered":"https:\/\/antcube.shop\/en\/product\/plantcube-vivarium-mini-nano-biologicum-tropical-domus\/"},"modified":"2026-04-03T21:16:10","modified_gmt":"2026-04-03T19:16:10","slug":"plantcube-vivarium-biom-paquete","status":"publish","type":"product","link":"https:\/\/antcube.shop\/es\/producto\/plantcube-vivarium-biom-paquete\/","title":{"rendered":"PLANTCUBE - Vivarium 20x20x20 Biom Bundle"},"content":{"rendered":"<h1><strong>CONSIGA UN TROZO DE NATURALEZA PARA SU HOGAR<\/strong><\/h1>\n<p><strong>Contenido:<\/strong><br \/>\n1x PLANTCUBE Vivarium 20x20x20 Biom<br \/>\n1x tapa 20\u00d720 (2x agujero 50mm)<br \/>\n1x almohadilla 20\u00d720<br \/>\n2x Grid insert acrylic &#8211; 50 mm with sealing ring<br \/>\n2x Grid insert acrylic &#8211; 27 mm with sealing ring<br \/>\n2x tapones para orificio de 10 mm<br \/>\n1x almohadillas de fijaci\u00f3n para cubierta (4 uds.)<\/p>\n<p>Cubo de cristal 20x20x20 cm con 2 orificios laterales de 27 mm y 2 orificios laterales de 10 mm<br \/>\nEl orificio de 27 mm (punto central) est\u00e1 a 8,5 cm de altura.<\/p>\n<p><strong>Dimensiones:<\/strong> 200 x 200 x 200 mm; 4 mm de espesor de vidrio<\/p>\n<p><strong>Material:<\/strong> vidrio flotado<\/p>\n<p><strong>Aberturas laterales:<\/strong><br \/>\n2 agujeros de 27 mm<br \/>\n2 agujeros de 10 mm<\/p>\n<p>Con nuestros PLANTCUBE Vivariums podr\u00e1 dise\u00f1ar su propia obra de arte viviente para el sal\u00f3n de su casa. Tambi\u00e9n puedes tener peque\u00f1os animales en un PLANTCUBE, as\u00ed que tu creatividad no tiene l\u00edmites.<\/p>\n<h2><strong>Personaliza tu PLANTCUBE seg\u00fan tus necesidades o las de tus plantas y animales:<\/strong><\/h2>\n<p>Los dos orificios laterales de 10 mm, situados a 2 cm de altura (centro) de la parte inferior, sirven para drenar el exceso de agua. Por ejemplo, puede utilizar nuestra manguera transparente de 10\/06 mm para drenar el agua. Los dos orificios de 50 mm pueden cerrarse mediante los tapones incluidos o servir como ventilaci\u00f3n adicional cuando est\u00e1n equipados con insertos de rejilla. Incluso puede conectar aqu\u00ed dos instalaciones mediante un tubo acr\u00edlico. De este modo, si tiene animales en el interior del vivario, podr\u00e1n desplazarse libremente de una instalaci\u00f3n a otra.<\/p>\n<p>Con nuestros marcos adecuados, insertos de rejilla o tapones, l\u00e1mparas y climatizadores, la cubierta del vivario puede adaptarse de forma flexible. Nuestras cubiertas pueden equiparse a trav\u00e9s de los dos orificios de 50 mm con tapones o insertos de rejilla para conseguir la humedad deseada o una mayor ventilaci\u00f3n. Adem\u00e1s, tambi\u00e9n pueden conectarse directamente a los orificios de 50 mm portal\u00e1mparas, ventiladores o nebulizadores.<\/p>\n<p>Nuestros marcos s\u00f3lo son necesarios cuando se cr\u00edan hormigas. Aseguran el vivario adicionalmente (cuando est\u00e1n recubiertos con un medio de prevenci\u00f3n de escape) para evitar el escape de los animales y simplifican sobre todo el mantenimiento en el vivario abierto. Adem\u00e1s, cuando se utiliza un marco, la tapa se puede mantener fuera si se desea.<\/p>\n<h2><strong>\u00bfC\u00f3mo convertir su PLANTCUBE en un ecosistema bioactivo?:<\/strong><\/h2>\n<h3><strong>Crear una capa de drenaje:<\/strong><\/h3>\n<p>Para sostener tus plantas debes construir primero una capa de drenaje dentro de tu vivario. Te recomendamos que utilices 2-3 cm de gr\u00e1nulos de arcilla (4-8 mm), ya que son ligeros. Aseg\u00farate de lavarlos con agua corriente antes de colocarlos para eliminar el polvo.<\/p>\n<p>Puede colocar un vell\u00f3n de drenaje encima de los gr\u00e1nulos de arcilla para separar el drenaje del sustrato.<\/p>\n<h3><strong>Qu\u00e9 plantas y tierra utilizar:<\/strong><\/h3>\n<p>Todo depende del tipo de \"Ecosistema\" que quieras crear. Si quieres construir un Vivarium des\u00e9rtico o m\u00e1s bien seco, necesitar\u00e1s plantas que prosperen en ese clima y utilizar la tierra adecuada en la que les guste crecer. Para los vivarios tropicales es lo mismo. Intente utilizar plantas de regiones y\/o climas similares para que todas crezcan bien en el mismo tipo de suelo y clima. Una buena tienda de plantas deber\u00eda tener siempre informaci\u00f3n sobre el clima y el suelo adecuados para las plantas que vende.<\/p>\n<p><strong>Es importante:<\/strong> Si quieres tener plantas y animales juntos, nunca utilices plantas en las que no sepas si han estado en contacto con fertilizantes o pesticidas. Utilice s\u00f3lo plantas de tiendas de terrarios o similares que garanticen estar completamente libres de pesticidas y fertilizantes. De lo contrario, pueden provocar la muerte de tus animales.<\/p>\n<h3><strong>Introduzca un \"equipo de limpieza\" para que su vivario sea bioactivo<\/strong><\/h3>\n<p><strong>\u00bfQu\u00e9 es la bioactividad?<\/strong> \u00bfQu\u00e9 es la bioactividad? Es lo m\u00e1s parecido a una instalaci\u00f3n autosuficiente. Se trata de a\u00f1adir la mezcla de tierra adecuada y materia org\u00e1nica para que se forme la microflora, adem\u00e1s de la microfauna necesaria para crear un ciclo de nutrientes en el vivario.<\/p>\n<p><strong>Nuestro consejo:<\/strong> Nuestro consejo: A\u00f1ada siempre peque\u00f1as criaturas como col\u00e9mbolos e is\u00f3podos. No s\u00f3lo son una buena fuente de alimento \"inagotable\" en s\u00ed mismos, si quieres tener otros animales en tu vivario. Se alimentan especialmente de los mohos que pueden formarse debido a la alta humedad y enriquecen el suelo con nutrientes, que a su vez permiten que las plantas crezcan sanas.<\/p>\n<p>A\u00f1ada un poco de carb\u00f3n vegetal a su suelo, que ayudar\u00e1 a los microbios a colonizarlo. El musgo y la corteza de corcho o la madera blanca podrida, adem\u00e1s de la hojarasca, no s\u00f3lo dan un aspecto natural a tu instalaci\u00f3n, sino que tambi\u00e9n alimentan a tu \"equipo de limpieza\", les proporcionan escondites y lugares de cr\u00eda y son f\u00e1ciles de descomponer en nutrientes para tus plantas.<\/p>\n<p><strong>En la naturaleza todo es equilibrio<\/strong><br \/>\nSin embargo, no es aconsejable utilizar determinadas especies de is\u00f3podos sin a\u00f1adir nada que los cace, ya que a una poblaci\u00f3n de is\u00f3podos sin depredadores como las hormigas, por ejemplo, le gusta descontrolarse y las plantas de su vivario se convierten entonces r\u00e1pidamente en una fuente de alimento no deseada. En la naturaleza todo es equilibrio.<\/p>\n<p><strong>Para m\u00e1s informaci\u00f3n:<\/strong><br \/>\nEl vidrio se corta seg\u00fan la norma DIN 1249 con una tolerancia de +\/- 1 mm. En el caso de especies de hormigas extremadamente peque\u00f1as, es imprescindible una protecci\u00f3n adicional contra la rotura.<\/p>\n<div class=\"row\"  id=\"row-454095569\">\n\n\t<div id=\"col-659452630\" class=\"col small-12 large-12\"  >\n\t\t\t\t<div class=\"col-inner\"  >\n\t\t\t\n\t\t\t\n\t<div id=\"text-1553736958\" class=\"text\">\n\t\t\n<h2>A continuaci\u00f3n encontrar\u00e1 algunas tiendas que podemos recomendarle y m\u00e1s informaci\u00f3n sobre c\u00f3mo crear un PLANTCUBE \u00fanico y bioactivo:<\/h2>\n\t\t\n<style>\n#text-1553736958 {\n  font-size: 1rem;\n  text-align: center;\n}\n<\/style>\n\t<\/div>\n\t\n\t<div id=\"gap-1919975749\" class=\"gap-element clearfix\" style=\"display:block; height:auto;\">\n\t\t\n<style>\n#gap-1919975749 {\n  padding-top: 40px;\n}\n<\/style>\n\t<\/div>\n\t\n\t\t<\/div>\n\t\t\t\t\n<style>\n#col-659452630 > .col-inner {\n  padding: 30px 0px 0px 0px;\n}\n<\/style>\n\t<\/div>\n\n\t\n\n\t<div id=\"col-1074178258\" class=\"col medium-6 small-12 large-6\"  >\n\t\t\t\t<div class=\"col-inner\"  >\n\t\t\t\n\t\t\t\n\n\t<section class=\"section\" id=\"section_13328536\">\n\t\t<div class=\"section-bg fill\" >\n\t\t\t<img data-recalc-dims=\"1\" loading=\"lazy\" decoding=\"async\" width=\"1020\" height=\"574\" src=\"https:\/\/i0.wp.com\/antcube.shop\/wp-content\/uploads\/2024\/10\/2560x1440_youtube-Banner-2.png?resize=1020%2C574&#038;ssl=1\" class=\"bg attachment- size-\" alt=\"\" \/>\t\t\t\t\t\t\n\t\t\t\n\n\t\t<\/div>\n\n\t\t\n\n\t\t<div class=\"section-content relative\">\n\t\t\t\n<div class=\"row align-center\"  id=\"row-503496234\">\n\n\t<div id=\"col-1956047161\" class=\"col medium-10 small-12 large-10\"  >\n\t\t\t\t<div class=\"col-inner text-center\"  >\n\t\t\t\n\t\t\t\n<h2 class=\"uppercase\">Gu\u00eda paso a paso en nuestro Blog<\/h2>\n<a href=\"https:\/\/antcube.shop\/en\/2024\/10\/22\/how-to-create-your-bioactive-vivarium\/\" class=\"button primary\" >\n\t\t<span>BLOG<\/span>\n\t<\/a>\n\n\t\t<\/div>\n\t\t\t\t\n<style>\n#col-1956047161 > .col-inner {\n  margin: -150px 0px 0px 0px;\n}\n@media (min-width:550px) {\n  #col-1956047161 > .col-inner {\n    margin: -200px 0px 0px 0px;\n  }\n}\n<\/style>\n\t<\/div>\n\n\t\n<\/div>\n\t\t<\/div>\n\n\t\t\n<style>\n#section_13328536 {\n  padding-top: 60px;\n  padding-bottom: 60px;\n  min-height: 300px;\n  background-color: rgb(255,255,255);\n}\n#section_13328536 .section-bg img {\n  object-position: 50% 0%;\n}\n<\/style>\n\t<\/section>\n\t\n\t\t<\/div>\n\t\t\t\t\t<\/div>\n\n\t\n\n\t<div id=\"col-861326092\" class=\"col medium-6 small-12 large-6\"  >\n\t\t\t\t<div class=\"col-inner\"  >\n\t\t\t\n\t\t\t\n\n\t<section class=\"section\" id=\"section_877228893\">\n\t\t<div class=\"section-bg fill\" >\n\t\t\t<img data-recalc-dims=\"1\" loading=\"lazy\" decoding=\"async\" width=\"1020\" height=\"680\" src=\"https:\/\/i0.wp.com\/antcube.shop\/wp-content\/uploads\/2024\/10\/Collage_FULL-HD_-2-scaled.jpg?resize=1020%2C680&#038;ssl=1\" class=\"bg attachment-original size-original\" alt=\"\" \/>\t\t\t\t\t\t\n\t\t\t\n\n\t\t<\/div>\n\n\t\t\n\n\t\t<div class=\"section-content relative\">\n\t\t\t\n<div class=\"row align-center\"  id=\"row-2140267788\">\n\n\t<div id=\"col-666390052\" class=\"col medium-10 small-12 large-10\"  >\n\t\t\t\t<div class=\"col-inner text-center\"  >\n\t\t\t\n\t\t\t\n<h2 class=\"uppercase\">M\u00e1s informaci\u00f3n sobre plantcube<\/h2>\n<a href=\"https:\/\/antcube.shop\/en\/plantcube\/\" class=\"button primary\" >\n\t\t<span>plantcube<\/span>\n\t<\/a>\n\n\t\t<\/div>\n\t\t\t\t\n<style>\n#col-666390052 > .col-inner {\n  margin: -150px 0px 0px 0px;\n}\n@media (min-width:550px) {\n  #col-666390052 > .col-inner {\n    margin: -200px 0px 0px 0px;\n  }\n}\n<\/style>\n\t<\/div>\n\n\t\n<\/div>\n\t\t<\/div>\n\n\t\t\n<style>\n#section_877228893 {\n  padding-top: 60px;\n  padding-bottom: 60px;\n  min-height: 300px;\n}\n#section_877228893 .section-bg img {\n  object-position: 51% 0%;\n}\n<\/style>\n\t<\/section>\n\t\n\t\t<\/div>\n\t\t\t\t\t<\/div>\n\n\t\n<\/div>","protected":false},"excerpt":{"rendered":"<p>Este paquete consta de 12 partes<\/p>","protected":false},"featured_media":9924,"comment_status":"open","ping_status":"closed","template":"","meta":{"_acf_changed":false,"content-type":"","_monsterinsights_skip_tracking":false,"_monsterinsights_sitenote_active":false,"_monsterinsights_sitenote_note":"","_monsterinsights_sitenote_category":0},"product_brand":[483],"product_cat":[257,341],"product_tag":[],"class_list":{"0":"post-9880","1":"product","2":"type-product","3":"status-publish","4":"has-post-thumbnail","6":"product_brand-plantcube","7":"product_cat-new-innovatve-products","8":"product_cat-vivariums","10":"first","11":"instock","12":"taxable","13":"shipping-taxable","14":"purchasable","15":"product-type-simple"},"acf":[],"aioseo_notices":[],"jetpack_sharing_enabled":true,"_links":{"self":[{"href":"https:\/\/antcube.shop\/es\/wp-json\/wp\/v2\/product\/9880","targetHints":{"allow":["GET"]}}],"collection":[{"href":"https:\/\/antcube.shop\/es\/wp-json\/wp\/v2\/product"}],"about":[{"href":"https:\/\/antcube.shop\/es\/wp-json\/wp\/v2\/types\/product"}],"replies":[{"embeddable":true,"href":"https:\/\/antcube.shop\/es\/wp-json\/wp\/v2\/comments?post=9880"}],"wp:featuredmedia":[{"embeddable":true,"href":"https:\/\/antcube.shop\/es\/wp-json\/wp\/v2\/media\/9924"}],"wp:attachment":[{"href":"https:\/\/antcube.shop\/es\/wp-json\/wp\/v2\/media?parent=9880"}],"wp:term":[{"taxonomy":"product_brand","embeddable":true,"href":"https:\/\/antcube.shop\/es\/wp-json\/wp\/v2\/product_brand?post=9880"},{"taxonomy":"product_cat","embeddable":true,"href":"https:\/\/antcube.shop\/es\/wp-json\/wp\/v2\/product_cat?post=9880"},{"taxonomy":"product_tag","embeddable":true,"href":"https:\/\/antcube.shop\/es\/wp-json\/wp\/v2\/product_tag?post=9880"}],"curies":[{"name":"wp","href":"https:\/\/api.w.org\/{rel}","templated":true}]}}