{"id":9348,"date":"2024-09-17T16:27:06","date_gmt":"2024-09-17T14:27:06","guid":{"rendered":"https:\/\/antcube.shop\/en\/product\/antcube-popcorn-nest-30x30-l\/"},"modified":"2026-02-09T17:52:54","modified_gmt":"2026-02-09T16:52:54","slug":"antcube-nido-de-palomitas-30x30-l","status":"publish","type":"product","link":"https:\/\/antcube.shop\/es\/producto\/antcube-nido-de-palomitas-30x30-l\/","title":{"rendered":"ANTCUBE - Nido de palomitas 30\u00d730 - L"},"content":{"rendered":"<p><strong>Dimensiones:<\/strong> 283x237x19 mm<\/p>\n<p><strong>Material:<\/strong> Palomitas prensadas con sacarosa y prote\u00ednas<\/p>\n<p><strong>S\u00f3lo se ajusta<\/strong> en nuestras granjas de hormigas de tama\u00f1o L<\/p>\n<p><strong>Descripci\u00f3n:<\/strong> Este nido de palomitas con pasadizos y c\u00e1maras prefabricados es perfecto como granero para las hormigas Messor, por ejemplo, pero tambi\u00e9n para otras especies de hormigas que recolectan granos. Tiene un orificio para acceder al nido. El nido de palomitas absorbe la humedad y puede encogerse por ello, as\u00ed que<strong> debe mantenerse siempre seco.<\/strong> Messor barbarus acepta muy bien nuestro nido de palomitas ANTCUBE como granero. Con el tiempo, las hormigas comienzan a expandir el nido de palomitas de ma\u00edz y comer su camino a trav\u00e9s del material de anidaci\u00f3n.<\/p>\n<p>El nido de palomitas s\u00f3lo debe utilizarse para especies de hormigas que requieran muy poca o ninguna humedad en la zona del nido.<\/p>","protected":false},"excerpt":{"rendered":"<p>Tama\u00f1o: <strong>L<\/strong><\/p>","protected":false},"featured_media":9459,"comment_status":"open","ping_status":"closed","template":"","meta":{"_acf_changed":false,"content-type":"","_monsterinsights_skip_tracking":false,"_monsterinsights_sitenote_active":false,"_monsterinsights_sitenote_note":"","_monsterinsights_sitenote_category":0},"product_brand":[484],"product_cat":[257,344,87],"product_tag":[],"class_list":{"0":"post-9348","1":"product","2":"type-product","3":"status-publish","4":"has-post-thumbnail","6":"product_brand-antcube","7":"product_cat-new-innovatve-products","8":"product_cat-popcorn","9":"product_cat-nest-insets","11":"first","12":"instock","13":"taxable","14":"shipping-taxable","15":"purchasable","16":"product-type-simple"},"acf":[],"aioseo_notices":[],"jetpack_sharing_enabled":true,"_links":{"self":[{"href":"https:\/\/antcube.shop\/es\/wp-json\/wp\/v2\/product\/9348","targetHints":{"allow":["GET"]}}],"collection":[{"href":"https:\/\/antcube.shop\/es\/wp-json\/wp\/v2\/product"}],"about":[{"href":"https:\/\/antcube.shop\/es\/wp-json\/wp\/v2\/types\/product"}],"replies":[{"embeddable":true,"href":"https:\/\/antcube.shop\/es\/wp-json\/wp\/v2\/comments?post=9348"}],"wp:featuredmedia":[{"embeddable":true,"href":"https:\/\/antcube.shop\/es\/wp-json\/wp\/v2\/media\/9459"}],"wp:attachment":[{"href":"https:\/\/antcube.shop\/es\/wp-json\/wp\/v2\/media?parent=9348"}],"wp:term":[{"taxonomy":"product_brand","embeddable":true,"href":"https:\/\/antcube.shop\/es\/wp-json\/wp\/v2\/product_brand?post=9348"},{"taxonomy":"product_cat","embeddable":true,"href":"https:\/\/antcube.shop\/es\/wp-json\/wp\/v2\/product_cat?post=9348"},{"taxonomy":"product_tag","embeddable":true,"href":"https:\/\/antcube.shop\/es\/wp-json\/wp\/v2\/product_tag?post=9348"}],"curies":[{"name":"wp","href":"https:\/\/api.w.org\/{rel}","templated":true}]}}