{"id":9345,"date":"2024-09-17T16:25:36","date_gmt":"2024-09-17T14:25:36","guid":{"rendered":"https:\/\/antcube.shop\/en\/product\/ameisenarena-rahmen-30x15\/"},"modified":"2026-03-16T10:36:55","modified_gmt":"2026-03-16T09:36:55","slug":"ameisenarena-rahmen-30x15","status":"publish","type":"product","link":"https:\/\/antcube.shop\/es\/producto\/ameisenarena-rahmen-30x15\/","title":{"rendered":"Marco hormiguero 30\u00d715"},"content":{"rendered":"<p><strong>Dimensiones (LxAxA):<\/strong> 30x15x0,4 cm<\/p>\n<p><strong>Material:<\/strong> vidrio flotado<\/p>\n<p><strong>Color:<\/strong> cristalino \/ transparente<\/p>\n<p><strong>Contenido:<\/strong><br \/>\n1x marco de hormigueros<\/p>\n<p><strong>Descripci\u00f3n:<\/strong><br \/>\nMarco de cristal para el hormiguero como protecci\u00f3n de escape. Adecuado para nuestras arenas de hormigas de pared.<\/p>\n<p><strong>Aplicaci\u00f3n:<\/strong><br \/>\nEl marco para hormigueros es un marco de cristal que se coloca encima de un hormiguero y que est\u00e1 provisto de una protecci\u00f3n antihormigas (aceite, polvo o barniz) en la parte inferior para evitar que las hormigas se escapen.<\/p>\n<p><strong>Nota:<\/strong><br \/>\nDado que el art\u00edculo es de cristal y, por tanto, fr\u00e1gil, debe manipularse con sumo cuidado. El vidrio se corta a medida seg\u00fan la norma DIN 1249 con una tolerancia de +\/- 1 mm. En el caso de especies de hormigas extremadamente peque\u00f1as, es imprescindible una protecci\u00f3n adicional contra la rotura.<\/p>","protected":false},"excerpt":{"rendered":"<p>Dimensiones (LxAxA): 30x15x0,4 cm Material: vidrio flotado Color: cristalino \/ transparente Contenido: 1x marco para hormiguero Descripci\u00f3n: Marco de cristal para la arena de hormigas como protecci\u00f3n de escape. Adecuado para nuestras arenas de hormigas de pared. Aplicaci\u00f3n: El marco para hormigueros es un marco de cristal que se coloca encima de un hormiguero y proporciona","protected":false},"featured_media":9466,"comment_status":"open","ping_status":"closed","template":"","meta":{"_acf_changed":false,"content-type":"","_monsterinsights_skip_tracking":false,"_monsterinsights_sitenote_active":false,"_monsterinsights_sitenote_note":"","_monsterinsights_sitenote_category":0},"product_brand":[484],"product_cat":[91,93],"product_tag":[],"class_list":{"0":"post-9345","1":"product","2":"type-product","3":"status-publish","4":"has-post-thumbnail","6":"product_brand-antcube","7":"product_cat-formicarium-modules","8":"product_cat-arena-frame","10":"first","11":"instock","12":"taxable","13":"shipping-taxable","14":"purchasable","15":"product-type-simple"},"acf":[],"aioseo_notices":[],"jetpack_sharing_enabled":true,"_links":{"self":[{"href":"https:\/\/antcube.shop\/es\/wp-json\/wp\/v2\/product\/9345","targetHints":{"allow":["GET"]}}],"collection":[{"href":"https:\/\/antcube.shop\/es\/wp-json\/wp\/v2\/product"}],"about":[{"href":"https:\/\/antcube.shop\/es\/wp-json\/wp\/v2\/types\/product"}],"replies":[{"embeddable":true,"href":"https:\/\/antcube.shop\/es\/wp-json\/wp\/v2\/comments?post=9345"}],"wp:featuredmedia":[{"embeddable":true,"href":"https:\/\/antcube.shop\/es\/wp-json\/wp\/v2\/media\/9466"}],"wp:attachment":[{"href":"https:\/\/antcube.shop\/es\/wp-json\/wp\/v2\/media?parent=9345"}],"wp:term":[{"taxonomy":"product_brand","embeddable":true,"href":"https:\/\/antcube.shop\/es\/wp-json\/wp\/v2\/product_brand?post=9345"},{"taxonomy":"product_cat","embeddable":true,"href":"https:\/\/antcube.shop\/es\/wp-json\/wp\/v2\/product_cat?post=9345"},{"taxonomy":"product_tag","embeddable":true,"href":"https:\/\/antcube.shop\/es\/wp-json\/wp\/v2\/product_tag?post=9345"}],"curies":[{"name":"wp","href":"https:\/\/api.w.org\/{rel}","templated":true}]}}