{"id":9330,"date":"2024-09-17T16:18:59","date_gmt":"2024-09-17T14:18:59","guid":{"rendered":"https:\/\/antcube.shop\/en\/product\/alpha-ants-mini-scheibenmagnet-eckig\/"},"modified":"2026-03-31T18:19:04","modified_gmt":"2026-03-31T16:19:04","slug":"alpha-ants-mini-scheibenmagnet-eckig","status":"publish","type":"product","link":"https:\/\/antcube.shop\/es\/producto\/alpha-ants-mini-scheibenmagnet-eckig\/","title":{"rendered":"Mini im\u00e1n de disco Alpha Ants - cuadrado"},"content":{"rendered":"<p><strong>Descripci\u00f3n:<\/strong> \u00bfConoces el problema: tus hormigas han vuelto a ensuciar los cristales del nido o los han cubierto de arena? Con este peque\u00f1o minidisco im\u00e1n podr\u00e1s despejar los pasadizos y c\u00e1maras del acuario.<\/p>\n<p>Se trata de imanes de calidad extrafuertes. Puede utilizar un im\u00e1n gu\u00eda para mover el peque\u00f1o im\u00e1n de limpieza por el formicario y limpiar los cristales sucios desde el interior.<\/p>\n<p><strong>Nota:<\/strong> No permita que los imanes choquen (se golpeen), ya que son fr\u00e1giles.<\/p>\n<p><strong>Contenido:<\/strong> 2 imanes de disco extrafuertes (10x10x4 mm y 3x2x2 mm)<\/p>","protected":false},"excerpt":{"rendered":"<p>Descripci\u00f3n: \u00bfConoces el problema: tus hormigas han vuelto a ensuciar los cristales del nido o los han cubierto de arena? Con este peque\u00f1o mini im\u00e1n de disco podr\u00e1s despejar los pasadizos y c\u00e1maras del acuario. Se trata de imanes de calidad extrafuertes. Puede utilizar un im\u00e1n gu\u00eda para mover","protected":false},"featured_media":9804,"comment_status":"open","ping_status":"closed","template":"","meta":{"_acf_changed":false,"content-type":"","_monsterinsights_skip_tracking":false,"_monsterinsights_sitenote_active":false,"_monsterinsights_sitenote_note":"","_monsterinsights_sitenote_category":0},"product_brand":[],"product_cat":[237],"product_tag":[],"class_list":{"0":"post-9330","1":"product","2":"type-product","3":"status-publish","4":"has-post-thumbnail","6":"product_cat-tools","8":"first","9":"instock","10":"taxable","11":"shipping-taxable","12":"purchasable","13":"product-type-simple"},"acf":[],"aioseo_notices":[],"jetpack_sharing_enabled":true,"_links":{"self":[{"href":"https:\/\/antcube.shop\/es\/wp-json\/wp\/v2\/product\/9330","targetHints":{"allow":["GET"]}}],"collection":[{"href":"https:\/\/antcube.shop\/es\/wp-json\/wp\/v2\/product"}],"about":[{"href":"https:\/\/antcube.shop\/es\/wp-json\/wp\/v2\/types\/product"}],"replies":[{"embeddable":true,"href":"https:\/\/antcube.shop\/es\/wp-json\/wp\/v2\/comments?post=9330"}],"wp:featuredmedia":[{"embeddable":true,"href":"https:\/\/antcube.shop\/es\/wp-json\/wp\/v2\/media\/9804"}],"wp:attachment":[{"href":"https:\/\/antcube.shop\/es\/wp-json\/wp\/v2\/media?parent=9330"}],"wp:term":[{"taxonomy":"product_brand","embeddable":true,"href":"https:\/\/antcube.shop\/es\/wp-json\/wp\/v2\/product_brand?post=9330"},{"taxonomy":"product_cat","embeddable":true,"href":"https:\/\/antcube.shop\/es\/wp-json\/wp\/v2\/product_cat?post=9330"},{"taxonomy":"product_tag","embeddable":true,"href":"https:\/\/antcube.shop\/es\/wp-json\/wp\/v2\/product_tag?post=9330"}],"curies":[{"name":"wp","href":"https:\/\/api.w.org\/{rel}","templated":true}]}}