{"id":9329,"date":"2024-09-17T16:18:36","date_gmt":"2024-09-17T14:18:36","guid":{"rendered":"https:\/\/antcube.shop\/en\/product\/alpha-ants-mini-scheibenmagnet-rund\/"},"modified":"2026-03-02T09:49:08","modified_gmt":"2026-03-02T08:49:08","slug":"alfa-hormigas-mini-disco-iman-redondo","status":"publish","type":"product","link":"https:\/\/antcube.shop\/es\/producto\/alfa-hormigas-mini-disco-iman-redondo\/","title":{"rendered":"Mini im\u00e1n de disco Hormigas Alfa - redondo"},"content":{"rendered":"<p><strong>Descripci\u00f3n:<\/strong> \u00bfEst\u00e1 familiarizado con el problema: sus hormigas han vuelto a ensuciar los cristales del nido o los han cubierto de arena? Con estos peque\u00f1os minidiscos imantados de 10x10x4 mm y 4x4x2 mm podr\u00e1 despejar de nuevo los pasadizos y c\u00e1maras del acuario.<\/p>\n<p>Se trata de imanes de calidad extrafuertes. Puede utilizar un im\u00e1n gu\u00eda para mover el peque\u00f1o im\u00e1n de limpieza por el formicario y limpiar los cristales sucios desde el interior.<\/p>\n<p><strong>Nota:<\/strong> No permita que los imanes choquen (se golpeen), ya que son fr\u00e1giles.<\/p>\n<p><strong>Contenido:<\/strong> 2 imanes de disco extrafuertes con revestimiento de fieltro.<\/p>","protected":false},"excerpt":{"rendered":"<p>Descripci\u00f3n: \u00bfEst\u00e1 familiarizado con el problema: sus hormigas han vuelto a ensuciar los cristales del nido o los han cubierto de arena? Con estos peque\u00f1os mini imanes de disco de 10x10x4 mm y 4x4x2 mm podr\u00e1 volver a despejar los pasadizos y c\u00e1maras del acuario. Son imanes de calidad extrafuerte. Usted","protected":false},"featured_media":9810,"comment_status":"open","ping_status":"closed","template":"","meta":{"_acf_changed":false,"content-type":"","_monsterinsights_skip_tracking":false,"_monsterinsights_sitenote_active":false,"_monsterinsights_sitenote_note":"","_monsterinsights_sitenote_category":0},"product_brand":[],"product_cat":[237],"product_tag":[],"class_list":{"0":"post-9329","1":"product","2":"type-product","3":"status-publish","4":"has-post-thumbnail","6":"product_cat-tools","8":"first","9":"instock","10":"taxable","11":"shipping-taxable","12":"purchasable","13":"product-type-simple"},"acf":[],"aioseo_notices":[],"jetpack_sharing_enabled":true,"_links":{"self":[{"href":"https:\/\/antcube.shop\/es\/wp-json\/wp\/v2\/product\/9329","targetHints":{"allow":["GET"]}}],"collection":[{"href":"https:\/\/antcube.shop\/es\/wp-json\/wp\/v2\/product"}],"about":[{"href":"https:\/\/antcube.shop\/es\/wp-json\/wp\/v2\/types\/product"}],"replies":[{"embeddable":true,"href":"https:\/\/antcube.shop\/es\/wp-json\/wp\/v2\/comments?post=9329"}],"wp:featuredmedia":[{"embeddable":true,"href":"https:\/\/antcube.shop\/es\/wp-json\/wp\/v2\/media\/9810"}],"wp:attachment":[{"href":"https:\/\/antcube.shop\/es\/wp-json\/wp\/v2\/media?parent=9329"}],"wp:term":[{"taxonomy":"product_brand","embeddable":true,"href":"https:\/\/antcube.shop\/es\/wp-json\/wp\/v2\/product_brand?post=9329"},{"taxonomy":"product_cat","embeddable":true,"href":"https:\/\/antcube.shop\/es\/wp-json\/wp\/v2\/product_cat?post=9329"},{"taxonomy":"product_tag","embeddable":true,"href":"https:\/\/antcube.shop\/es\/wp-json\/wp\/v2\/product_tag?post=9329"}],"curies":[{"name":"wp","href":"https:\/\/api.w.org\/{rel}","templated":true}]}}