{"id":9321,"date":"2024-09-17T16:15:23","date_gmt":"2024-09-17T14:15:23","guid":{"rendered":"https:\/\/antcube.shop\/en\/product\/formicarienunterlage-60x30cm\/"},"modified":"2026-04-13T09:32:24","modified_gmt":"2026-04-13T07:32:24","slug":"almohadilla-formicarium-60x30cm","status":"publish","type":"product","link":"https:\/\/antcube.shop\/es\/producto\/almohadilla-formicarium-60x30cm\/","title":{"rendered":"Almohadilla Formicarium - 60x30cm"},"content":{"rendered":"<p><strong>Dimensiones:<\/strong> 600 x 300 x 4 mm<\/p>\n<p><strong>Material:<\/strong> Espuma de PE<\/p>\n<p><strong>Color:<\/strong> gris<\/p>\n<p><strong>Contenido:<\/strong> 1 ud.<\/p>\n<p><strong>Descripci\u00f3n:<\/strong><br \/>\nLa almohadilla del formicario es de espuma blanda.<br \/>\nProtege de ara\u00f1azos el formicario y el mueble sobre el que se apoya.<br \/>\nEl acolchado de la moqueta tambi\u00e9n sirve como aislante t\u00e9rmico que compensa el m\u00e1s m\u00ednimo desnivel y adem\u00e1s protege contra las vibraciones.<\/p>","protected":false},"excerpt":{"rendered":"<p>Dimensiones: 600 x 300 x 4mm Material: Espuma PE Color: gris Contenido: 1 ud. Descripci\u00f3n: La almohadilla para formicario est\u00e1 hecha de espuma blanda. Protege el formicario y el mueble sobre el que se apoya de ara\u00f1azos. La almohadilla tambi\u00e9n sirve como aislamiento t\u00e9rmico que compensa el m\u00e1s m\u00ednimo desnivel y tambi\u00e9n","protected":false},"featured_media":9584,"comment_status":"open","ping_status":"closed","template":"","meta":{"_acf_changed":false,"content-type":"","_monsterinsights_skip_tracking":false,"_monsterinsights_sitenote_active":false,"_monsterinsights_sitenote_note":"","_monsterinsights_sitenote_category":0},"product_brand":[484],"product_cat":[119,239],"product_tag":[],"class_list":{"0":"post-9321","1":"product","2":"type-product","3":"status-publish","4":"has-post-thumbnail","6":"product_brand-antcube","7":"product_cat-formicarium-components","8":"product_cat-useful-additions","10":"first","11":"instock","12":"taxable","13":"shipping-taxable","14":"purchasable","15":"product-type-simple"},"acf":[],"aioseo_notices":[],"jetpack_sharing_enabled":true,"_links":{"self":[{"href":"https:\/\/antcube.shop\/es\/wp-json\/wp\/v2\/product\/9321","targetHints":{"allow":["GET"]}}],"collection":[{"href":"https:\/\/antcube.shop\/es\/wp-json\/wp\/v2\/product"}],"about":[{"href":"https:\/\/antcube.shop\/es\/wp-json\/wp\/v2\/types\/product"}],"replies":[{"embeddable":true,"href":"https:\/\/antcube.shop\/es\/wp-json\/wp\/v2\/comments?post=9321"}],"wp:featuredmedia":[{"embeddable":true,"href":"https:\/\/antcube.shop\/es\/wp-json\/wp\/v2\/media\/9584"}],"wp:attachment":[{"href":"https:\/\/antcube.shop\/es\/wp-json\/wp\/v2\/media?parent=9321"}],"wp:term":[{"taxonomy":"product_brand","embeddable":true,"href":"https:\/\/antcube.shop\/es\/wp-json\/wp\/v2\/product_brand?post=9321"},{"taxonomy":"product_cat","embeddable":true,"href":"https:\/\/antcube.shop\/es\/wp-json\/wp\/v2\/product_cat?post=9321"},{"taxonomy":"product_tag","embeddable":true,"href":"https:\/\/antcube.shop\/es\/wp-json\/wp\/v2\/product_tag?post=9321"}],"curies":[{"name":"wp","href":"https:\/\/api.w.org\/{rel}","templated":true}]}}