{"id":9320,"date":"2024-09-17T16:15:03","date_gmt":"2024-09-17T14:15:03","guid":{"rendered":"https:\/\/antcube.shop\/en\/product\/formicarienunterlage-20x10cm\/"},"modified":"2026-04-15T18:35:09","modified_gmt":"2026-04-15T16:35:09","slug":"almohadilla-formicarium-20x10cm","status":"publish","type":"product","link":"https:\/\/antcube.shop\/es\/producto\/almohadilla-formicarium-20x10cm\/","title":{"rendered":"Almohadilla Formicarium - 20x10cm"},"content":{"rendered":"<p><strong>Dimensiones:<\/strong> 200 x 100 x 4 mm<\/p>\n<p><strong>Material:<\/strong> Espuma de PE<\/p>\n<p><strong>Color:<\/strong> gris<\/p>\n<p><strong>Contenido:<\/strong> 1 ud.<\/p>\n<p><strong>Descripci\u00f3n:<\/strong><br \/>\nLa almohadilla del formicario es de espuma blanda.<br \/>\nProtege de los ara\u00f1azos tanto el formicario como el mueble sobre el que se apoya.<br \/>\nEl acolchado de la moqueta tambi\u00e9n sirve como aislante t\u00e9rmico que compensa el m\u00e1s m\u00ednimo desnivel y adem\u00e1s protege contra las vibraciones.<\/p>","protected":false},"excerpt":{"rendered":"<p>Dimensiones: 200 x 100 x 4mm Material: Espuma PE Color: gris Contenido: 1 ud. Descripci\u00f3n: La almohadilla para formicario est\u00e1 hecha de espuma blanda. Protege de ara\u00f1azos tanto el formicario como los muebles sobre los que se asienta. La almohadilla tambi\u00e9n sirve como aislamiento t\u00e9rmico que compensa el m\u00e1s m\u00ednimo desnivel y tambi\u00e9n protege","protected":false},"featured_media":9589,"comment_status":"open","ping_status":"closed","template":"","meta":{"_acf_changed":false,"content-type":"","_monsterinsights_skip_tracking":false,"_monsterinsights_sitenote_active":false,"_monsterinsights_sitenote_note":"","_monsterinsights_sitenote_category":0},"product_brand":[484],"product_cat":[119,239],"product_tag":[],"class_list":{"0":"post-9320","1":"product","2":"type-product","3":"status-publish","4":"has-post-thumbnail","6":"product_brand-antcube","7":"product_cat-formicarium-components","8":"product_cat-useful-additions","10":"first","11":"instock","12":"taxable","13":"shipping-taxable","14":"purchasable","15":"product-type-simple"},"acf":[],"aioseo_notices":[],"jetpack_sharing_enabled":true,"_links":{"self":[{"href":"https:\/\/antcube.shop\/es\/wp-json\/wp\/v2\/product\/9320","targetHints":{"allow":["GET"]}}],"collection":[{"href":"https:\/\/antcube.shop\/es\/wp-json\/wp\/v2\/product"}],"about":[{"href":"https:\/\/antcube.shop\/es\/wp-json\/wp\/v2\/types\/product"}],"replies":[{"embeddable":true,"href":"https:\/\/antcube.shop\/es\/wp-json\/wp\/v2\/comments?post=9320"}],"wp:featuredmedia":[{"embeddable":true,"href":"https:\/\/antcube.shop\/es\/wp-json\/wp\/v2\/media\/9589"}],"wp:attachment":[{"href":"https:\/\/antcube.shop\/es\/wp-json\/wp\/v2\/media?parent=9320"}],"wp:term":[{"taxonomy":"product_brand","embeddable":true,"href":"https:\/\/antcube.shop\/es\/wp-json\/wp\/v2\/product_brand?post=9320"},{"taxonomy":"product_cat","embeddable":true,"href":"https:\/\/antcube.shop\/es\/wp-json\/wp\/v2\/product_cat?post=9320"},{"taxonomy":"product_tag","embeddable":true,"href":"https:\/\/antcube.shop\/es\/wp-json\/wp\/v2\/product_tag?post=9320"}],"curies":[{"name":"wp","href":"https:\/\/api.w.org\/{rel}","templated":true}]}}