{"id":9318,"date":"2024-09-17T16:14:20","date_gmt":"2024-09-17T14:14:20","guid":{"rendered":"https:\/\/antcube.shop\/en\/product\/antcube-rote-folie-20x10-filter\/"},"modified":"2026-04-02T09:54:33","modified_gmt":"2026-04-02T07:54:33","slug":"filtro-antcube-red-foil-20x10","status":"publish","type":"product","link":"https:\/\/antcube.shop\/es\/producto\/filtro-antcube-red-foil-20x10\/","title":{"rendered":"ANTCUBE - L\u00e1mina roja 20\u00d710 - Filtro"},"content":{"rendered":"<p><strong>Dimensiones:<\/strong> 19x6cm<\/p>\n<p><strong>Material:<\/strong> PVC<\/p>\n<p><strong>Descripci\u00f3n:<\/strong> La pel\u00edcula roja transparente se utiliza para dar a las hormigas la sensaci\u00f3n de estar bajo tierra. Por ello, recomendamos utilizar este producto al menos parcialmente en la zona del nido. No obstante, las hormigas pueden seguir siendo observadas f\u00e1cilmente en el nido. Cortado a medida para ANTCUBE \"Hormiguero 60x30cm S\/M\/L - vertical\".<\/p>\n<p>Esta pel\u00edcula de filtro tiene un mejor efecto de filtro de luz que la pel\u00edcula de cubierta normal. Resistente a temperaturas de hasta 180\u00b0C<\/p>\n<p>La pel\u00edcula filtrante se adhiere a la granja o a la zona del nido por s\u00ed sola con una presi\u00f3n ligera y uniforme. Tambi\u00e9n puede fijarse con cinta adhesiva transparente. Basta con fijarla con dos peque\u00f1as tiras en las esquinas superiores para que la l\u00e1mina pueda levantarse despu\u00e9s y obtener una mejor visi\u00f3n de la zona de nidificaci\u00f3n.<\/p>","protected":false},"excerpt":{"rendered":"<p>Dimensiones: 19x6cm Material: PVC Descripci\u00f3n: La pel\u00edcula roja transparente se utiliza para dar a las hormigas una sensaci\u00f3n subterr\u00e1nea. Por lo tanto, recomendamos utilizar este producto al menos parcialmente en la zona del nido. No obstante, las hormigas pueden seguir siendo observadas f\u00e1cilmente en el nido. Cortado con precisi\u00f3n para ajustarse al ANTCUBE \"Hormiguero 20x10cm S\/M\/L - vertical\". Este filtro","protected":false},"featured_media":9826,"comment_status":"open","ping_status":"closed","template":"","meta":{"_acf_changed":false,"content-type":"","_monsterinsights_skip_tracking":false,"_monsterinsights_sitenote_active":false,"_monsterinsights_sitenote_note":"","_monsterinsights_sitenote_category":0},"product_brand":[484],"product_cat":[119,239],"product_tag":[],"class_list":{"0":"post-9318","1":"product","2":"type-product","3":"status-publish","4":"has-post-thumbnail","6":"product_brand-antcube","7":"product_cat-formicarium-components","8":"product_cat-useful-additions","10":"first","11":"instock","12":"taxable","13":"shipping-taxable","14":"purchasable","15":"product-type-simple"},"acf":[],"aioseo_notices":[],"jetpack_sharing_enabled":true,"_links":{"self":[{"href":"https:\/\/antcube.shop\/es\/wp-json\/wp\/v2\/product\/9318","targetHints":{"allow":["GET"]}}],"collection":[{"href":"https:\/\/antcube.shop\/es\/wp-json\/wp\/v2\/product"}],"about":[{"href":"https:\/\/antcube.shop\/es\/wp-json\/wp\/v2\/types\/product"}],"replies":[{"embeddable":true,"href":"https:\/\/antcube.shop\/es\/wp-json\/wp\/v2\/comments?post=9318"}],"wp:featuredmedia":[{"embeddable":true,"href":"https:\/\/antcube.shop\/es\/wp-json\/wp\/v2\/media\/9826"}],"wp:attachment":[{"href":"https:\/\/antcube.shop\/es\/wp-json\/wp\/v2\/media?parent=9318"}],"wp:term":[{"taxonomy":"product_brand","embeddable":true,"href":"https:\/\/antcube.shop\/es\/wp-json\/wp\/v2\/product_brand?post=9318"},{"taxonomy":"product_cat","embeddable":true,"href":"https:\/\/antcube.shop\/es\/wp-json\/wp\/v2\/product_cat?post=9318"},{"taxonomy":"product_tag","embeddable":true,"href":"https:\/\/antcube.shop\/es\/wp-json\/wp\/v2\/product_tag?post=9318"}],"curies":[{"name":"wp","href":"https:\/\/api.w.org\/{rel}","templated":true}]}}