{"id":9317,"date":"2024-09-17T16:13:59","date_gmt":"2024-09-17T14:13:59","guid":{"rendered":"https:\/\/antcube.shop\/en\/product\/ameisen-ausbruchsschutz-set\/"},"modified":"2026-04-13T09:30:49","modified_gmt":"2026-04-13T07:30:49","slug":"set-de-proteccion-contra-brotes-de-hormigas","status":"publish","type":"product","link":"https:\/\/antcube.shop\/es\/producto\/set-de-proteccion-contra-brotes-de-hormigas\/","title":{"rendered":"Conjunto de protecci\u00f3n contra los brotes de hormigas"},"content":{"rendered":"<p><strong>Contenido:<\/strong><br \/>\n1x aceite protector contra brotes de hormigas 10ml (a base de aceite de queroseno)<br \/>\n1x polvo protector contra brotes de hormigas 10ml (a base de talco)<br \/>\n1x barniz de protecci\u00f3n contra la aparici\u00f3n de hormigas 10ml (a base de PTFE)<br \/>\n3x cepillo de espuma especial para aplicar el material de protecci\u00f3n contra brotes<br \/>\nRecipiente mezclador 3x para dosificar o mezclar.<\/p>\n<p><strong>Descripci\u00f3n:<\/strong> Hemos reunido un peque\u00f1o conjunto de los materiales de protecci\u00f3n contra brotes m\u00e1s eficaces para que pueda probar qu\u00e9 protecci\u00f3n contra brotes es la m\u00e1s adecuada para su colonia en particular.<\/p>\n<p><a href=\"https:\/\/www.antstore.net\/shop\/images\/documents\/ant%20escape%20protection%20lacquer%20EN.pdf\">Ficha de datos de seguridad de la pintura de protecci\u00f3n contra la aparici\u00f3n de hormigas (ingl\u00e9s), (PDF 0,2 MB)<\/a><br \/>\n(Contiene: Instrucciones de seguridad)<\/p>\n<p><a href=\"https:\/\/www.antstore.net\/shop\/images\/documents\/ant_escape_protection_oil_en.pdf\">Ficha de datos de seguridad de Ant Outbreak Protection Oil (ingl\u00e9s) , (PDF 0.1 MB)<\/a><br \/>\n(Contiene: Instrucciones de seguridad)<\/p>","protected":false},"excerpt":{"rendered":"<p>Contenido: 1x aceite protector contra brotes de hormigas 10ml (a base de aceite de queroseno) 1x polvo protector contra brotes de hormigas 10ml (a base de talco) 1x barniz protector contra brotes de hormigas 10ml (a base de PTFE) 3x cepillo de espuma especial para aplicar el material protector contra brotes 3x recipiente mezclador para dosificar o mezclar. Descripci\u00f3n: Hemos reunido un peque\u00f1o conjunto de los productos m\u00e1s eficaces para la protecci\u00f3n contra los brotes de hormigas.","protected":false},"featured_media":9591,"comment_status":"open","ping_status":"closed","template":"","meta":{"_acf_changed":false,"content-type":"","_monsterinsights_skip_tracking":false,"_monsterinsights_sitenote_active":false,"_monsterinsights_sitenote_note":"","_monsterinsights_sitenote_category":0},"product_brand":[484],"product_cat":[237],"product_tag":[],"class_list":{"0":"post-9317","1":"product","2":"type-product","3":"status-publish","4":"has-post-thumbnail","6":"product_brand-antcube","7":"product_cat-tools","9":"first","10":"instock","11":"taxable","12":"shipping-taxable","13":"purchasable","14":"product-type-simple"},"acf":[],"aioseo_notices":[],"jetpack_sharing_enabled":true,"_links":{"self":[{"href":"https:\/\/antcube.shop\/es\/wp-json\/wp\/v2\/product\/9317","targetHints":{"allow":["GET"]}}],"collection":[{"href":"https:\/\/antcube.shop\/es\/wp-json\/wp\/v2\/product"}],"about":[{"href":"https:\/\/antcube.shop\/es\/wp-json\/wp\/v2\/types\/product"}],"replies":[{"embeddable":true,"href":"https:\/\/antcube.shop\/es\/wp-json\/wp\/v2\/comments?post=9317"}],"wp:featuredmedia":[{"embeddable":true,"href":"https:\/\/antcube.shop\/es\/wp-json\/wp\/v2\/media\/9591"}],"wp:attachment":[{"href":"https:\/\/antcube.shop\/es\/wp-json\/wp\/v2\/media?parent=9317"}],"wp:term":[{"taxonomy":"product_brand","embeddable":true,"href":"https:\/\/antcube.shop\/es\/wp-json\/wp\/v2\/product_brand?post=9317"},{"taxonomy":"product_cat","embeddable":true,"href":"https:\/\/antcube.shop\/es\/wp-json\/wp\/v2\/product_cat?post=9317"},{"taxonomy":"product_tag","embeddable":true,"href":"https:\/\/antcube.shop\/es\/wp-json\/wp\/v2\/product_tag?post=9317"}],"curies":[{"name":"wp","href":"https:\/\/api.w.org\/{rel}","templated":true}]}}