{"id":9316,"date":"2024-09-17T16:13:38","date_gmt":"2024-09-17T14:13:38","guid":{"rendered":"https:\/\/antcube.shop\/en\/product\/ameisen-ausbruchsschutz-lack-10ml\/"},"modified":"2026-04-17T10:05:31","modified_gmt":"2026-04-17T08:05:31","slug":"ameisen-ausbruchsschutz-lack-10ml","status":"publish","type":"product","link":"https:\/\/antcube.shop\/es\/producto\/ameisen-ausbruchsschutz-lack-10ml\/","title":{"rendered":"Barniz protector antihormigas 10ml"},"content":{"rendered":"<p><strong>Contenido:<\/strong> 10 ml (suficiente sin diluir para unos 10 metros de una tira de 20 mm de ancho)<\/p>\n<p><strong>Color:<\/strong> blanco lechoso<\/p>\n<p><strong>Material:<\/strong> A base de PTFE<\/p>\n<p><strong>Descripci\u00f3n:<\/strong> El barniz es la protecci\u00f3n antirrobo ideal para las hormigas; un tipo de pl\u00e1stico que tambi\u00e9n se utiliza a menudo como antiadhesivo - tambi\u00e9n recomendado por los cient\u00edficos H\u00f6lldobler y Wilson como protecci\u00f3n antirrobo en la cr\u00eda de hormigas. Las hormigas no encuentran agarre en la pel\u00edcula aplicada y se escurren. El revestimiento es duradero y, por tanto, no es necesario renovarlo con tanta frecuencia como otras alternativas.<\/p>\n<p><strong>Ventaja:<\/strong><br \/>\n- Si se aplica limpiamente, no es necesario renovarla.<br \/>\n- Ideal para superficies de cristal.<\/p>\n<p><strong>Desventaja:<\/strong><br \/>\n- No es adecuado para formicaria con mucha humedad, ya que el barniz es hidrosoluble.<br \/>\n- El barniz no es tan adecuado para las superficies de pl\u00e1stico, ya que \u00e9stas son autoengrasantes.<br \/>\n- La aplicaci\u00f3n debe practicarse previamente, ya que la superficie \"barnizada\" no debe volverse \u00e1spera ni rayarse.<\/p>\n<p><strong>Aplicaci\u00f3n:<\/strong> Agitar bien antes de usar. El barniz puede utilizarse tal como se suministra o diluido con agua hasta un m\u00e1ximo de 1:10. Puede aplicarse con brocha o simplemente goteando con cuidado sobre las superficies a tratar. La pel\u00edcula debe ser unas 3 veces m\u00e1s ancha en el borde que largas son las hormigas. La forma m\u00e1s f\u00e1cil de hacerlo es enmascarar la zona con cinta adhesiva y aplicar la pintura tumbado en el lateral del dep\u00f3sito. El tiempo de secado por lado es de unos 45 minutos, pero puede variar ligeramente en funci\u00f3n del grosor de la aplicaci\u00f3n.<\/p>\n<p><strong>Nota importante:<\/strong> Evitar el contacto con los ojos. En caso de contacto con los ojos, lavar inmediatamente con abundante agua y consultar a un m\u00e9dico. No fumar durante la aplicaci\u00f3n. Utilizar s\u00f3lo en lugares bien ventilados. Mantener fuera del alcance de los ni\u00f1os. La pintura puede cambiar irreversiblemente de consistencia a temperaturas bajo cero. Por ello, \u00a1s\u00f3lo enviamos a temperaturas superiores a 0\u00b0C!<\/p>\n<p><a href=\"https:\/\/www.antstore.net\/shop\/images\/documents\/ant%20escape%20protection%20lacquer%20EN.pdf\">Ficha de datos de seguridad de Ant Outbreak Protection Paint (ingl\u00e9s) , (PDF 0.2 MB)<\/a><br \/>\n(Contiene: Instrucciones de seguridad)<\/p>\n<p>&nbsp;<\/p>","protected":false},"excerpt":{"rendered":"<p>Contenido: 10 ml (suficiente sin diluir para unos 10 metros de una tira de 20 mm de ancho) Color: blanco lechoso Material: A base de PTFE Descripci\u00f3n: El barniz es la protecci\u00f3n antirotura ideal para hormigas; un tipo de pl\u00e1stico que tambi\u00e9n se utiliza a menudo como antiadherente - tambi\u00e9n recomendado por los cient\u00edficos H\u00f6lldobler y Wilson como protecci\u00f3n antirotura en hormigueros.","protected":false},"featured_media":9592,"comment_status":"open","ping_status":"closed","template":"","meta":{"_acf_changed":false,"content-type":"","_monsterinsights_skip_tracking":false,"_monsterinsights_sitenote_active":false,"_monsterinsights_sitenote_note":"","_monsterinsights_sitenote_category":0},"product_brand":[484],"product_cat":[237],"product_tag":[],"class_list":{"0":"post-9316","1":"product","2":"type-product","3":"status-publish","4":"has-post-thumbnail","6":"product_brand-antcube","7":"product_cat-tools","9":"first","10":"instock","11":"taxable","12":"shipping-taxable","13":"purchasable","14":"product-type-simple"},"acf":[],"aioseo_notices":[],"jetpack_sharing_enabled":true,"_links":{"self":[{"href":"https:\/\/antcube.shop\/es\/wp-json\/wp\/v2\/product\/9316","targetHints":{"allow":["GET"]}}],"collection":[{"href":"https:\/\/antcube.shop\/es\/wp-json\/wp\/v2\/product"}],"about":[{"href":"https:\/\/antcube.shop\/es\/wp-json\/wp\/v2\/types\/product"}],"replies":[{"embeddable":true,"href":"https:\/\/antcube.shop\/es\/wp-json\/wp\/v2\/comments?post=9316"}],"wp:featuredmedia":[{"embeddable":true,"href":"https:\/\/antcube.shop\/es\/wp-json\/wp\/v2\/media\/9592"}],"wp:attachment":[{"href":"https:\/\/antcube.shop\/es\/wp-json\/wp\/v2\/media?parent=9316"}],"wp:term":[{"taxonomy":"product_brand","embeddable":true,"href":"https:\/\/antcube.shop\/es\/wp-json\/wp\/v2\/product_brand?post=9316"},{"taxonomy":"product_cat","embeddable":true,"href":"https:\/\/antcube.shop\/es\/wp-json\/wp\/v2\/product_cat?post=9316"},{"taxonomy":"product_tag","embeddable":true,"href":"https:\/\/antcube.shop\/es\/wp-json\/wp\/v2\/product_tag?post=9316"}],"curies":[{"name":"wp","href":"https:\/\/api.w.org\/{rel}","templated":true}]}}