{"id":9315,"date":"2024-09-17T16:13:12","date_gmt":"2024-09-17T14:13:12","guid":{"rendered":"https:\/\/antcube.shop\/en\/product\/ameisen-ausbruchsschutz-pulver-10ml\/"},"modified":"2026-04-02T15:40:30","modified_gmt":"2026-04-02T13:40:30","slug":"polvo-protector-antihormigas-10ml","status":"publish","type":"product","link":"https:\/\/antcube.shop\/es\/producto\/polvo-protector-antihormigas-10ml\/","title":{"rendered":"Polvo protector antihormigas 10ml"},"content":{"rendered":"<p><strong>Contenido:<\/strong> 8g\/10ml (suficiente para aproximadamente un metro de una tira de 2cm de ancho)<\/p>\n<p><strong>Color:<\/strong> blanco, mate<\/p>\n<p><strong>Material:<\/strong> a base de talco<\/p>\n<p><strong>Descripci\u00f3n:<\/strong> El talco impide que las hormigas broten mezclando el talco con agua y aplic\u00e1ndolo con un pincel aproximadamente 1 cm por debajo del borde interior del formicario. El agua se evapora y queda una fina capa de polvos de talco.<\/p>\n<p><strong>Ventaja:<\/strong> muy eficaz, de larga duraci\u00f3n<\/p>\n<p><strong>Desventaja:<\/strong> La capa de polvo puede desprenderse si se agita el formicarium. Se necesita una cantidad relativamente grande en comparaci\u00f3n con el aceite de protecci\u00f3n contra brotes o el barniz<\/p>\n<p><strong>Aplicaci\u00f3n:<\/strong> La l\u00e1mina debe aplicarse en el borde unas 3 veces m\u00e1s ancho que largo tienen las hormigas.<\/p>","protected":false},"excerpt":{"rendered":"<p>Contenido: 8g\/10ml (suficiente para aproximadamente un metro de una tira de 2cm de ancho) Color: blanco, mate Material: a base de talco Descripci\u00f3n: El polvo previene la aparici\u00f3n de hormigas mezclando el polvo con agua y aplic\u00e1ndolo con un pincel aproximadamente 1 cm por debajo del borde interior del formicario. El agua se evapora y se forma una fina capa de","protected":false},"featured_media":9596,"comment_status":"open","ping_status":"closed","template":"","meta":{"_acf_changed":false,"content-type":"","_monsterinsights_skip_tracking":false,"_monsterinsights_sitenote_active":false,"_monsterinsights_sitenote_note":"","_monsterinsights_sitenote_category":0},"product_brand":[],"product_cat":[237],"product_tag":[],"class_list":{"0":"post-9315","1":"product","2":"type-product","3":"status-publish","4":"has-post-thumbnail","6":"product_cat-tools","8":"first","9":"instock","10":"taxable","11":"shipping-taxable","12":"purchasable","13":"product-type-simple"},"acf":[],"aioseo_notices":[],"jetpack_sharing_enabled":true,"_links":{"self":[{"href":"https:\/\/antcube.shop\/es\/wp-json\/wp\/v2\/product\/9315","targetHints":{"allow":["GET"]}}],"collection":[{"href":"https:\/\/antcube.shop\/es\/wp-json\/wp\/v2\/product"}],"about":[{"href":"https:\/\/antcube.shop\/es\/wp-json\/wp\/v2\/types\/product"}],"replies":[{"embeddable":true,"href":"https:\/\/antcube.shop\/es\/wp-json\/wp\/v2\/comments?post=9315"}],"wp:featuredmedia":[{"embeddable":true,"href":"https:\/\/antcube.shop\/es\/wp-json\/wp\/v2\/media\/9596"}],"wp:attachment":[{"href":"https:\/\/antcube.shop\/es\/wp-json\/wp\/v2\/media?parent=9315"}],"wp:term":[{"taxonomy":"product_brand","embeddable":true,"href":"https:\/\/antcube.shop\/es\/wp-json\/wp\/v2\/product_brand?post=9315"},{"taxonomy":"product_cat","embeddable":true,"href":"https:\/\/antcube.shop\/es\/wp-json\/wp\/v2\/product_cat?post=9315"},{"taxonomy":"product_tag","embeddable":true,"href":"https:\/\/antcube.shop\/es\/wp-json\/wp\/v2\/product_tag?post=9315"}],"curies":[{"name":"wp","href":"https:\/\/api.w.org\/{rel}","templated":true}]}}